{"id":4400,"date":"2021-10-12T15:51:09","date_gmt":"2021-10-12T15:51:09","guid":{"rendered":"http:\/\/dummy.xtemos.com\/woodmart2\/elementor\/?page_id=4400"},"modified":"2024-02-28T07:37:22","modified_gmt":"2024-02-28T07:37:22","slug":"about-us-3","status":"publish","type":"page","link":"https:\/\/tiemaocole.com\/?page_id=4400","title":{"rendered":"GI\u1edaI THI\u1ec6U"},"content":{"rendered":"\t\t<div data-elementor-type=\"wp-page\" data-elementor-id=\"4400\" class=\"elementor elementor-4400\">\n\t\t\t\t\t\t\t\t\t<section class=\"wd-negative-gap elementor-section elementor-top-section elementor-element elementor-element-3c548bca elementor-reverse-tablet elementor-reverse-mobile elementor-section-boxed elementor-section-height-default elementor-section-height-default wd-section-disabled\" data-id=\"3c548bca\" data-element_type=\"section\">\n\t\t\t\t\t\t<div class=\"elementor-container elementor-column-gap-default\">\n\t\t\t\t\t<div class=\"elementor-column elementor-col-50 elementor-top-column elementor-element elementor-element-1d354ed7\" data-id=\"1d354ed7\" data-element_type=\"column\">\n\t\t\t<div class=\"elementor-widget-wrap elementor-element-populated\">\n\t\t\t\t\t\t\t\t<div class=\"elementor-element elementor-element-3b8f1c6 elementor-widget elementor-widget-wd_image_or_svg\" data-id=\"3b8f1c6\" data-element_type=\"widget\" data-widget_type=\"wd_image_or_svg.default\">\n\t\t\t\t<div class=\"elementor-widget-container\">\n\t\t\t\n\t\t<div class=\"wd-image text-left\">\n\t\t\t\t\t\t\t\t<img loading=\"lazy\" decoding=\"async\" width=\"600\" height=\"800\" src=\"https:\/\/tiemaocole.com\/wp-content\/themes\/woodmart\/images\/lazy.png\" class=\"attachment-large size-large wp-image-14020 wd-lazy-load wd-lazy-fade\" alt=\"\" srcset=\"\" sizes=\"auto, (max-width: 600px) 100vw, 600px\" data-wood-src=\"https:\/\/tiemaocole.com\/wp-content\/uploads\/2023\/05\/17800283_1230415747071152_7230551653240963892_n-600x800.jpg\" data-srcset=\"https:\/\/tiemaocole.com\/wp-content\/uploads\/2023\/05\/17800283_1230415747071152_7230551653240963892_n-600x800.jpg 600w, https:\/\/tiemaocole.com\/wp-content\/uploads\/2023\/05\/17800283_1230415747071152_7230551653240963892_n-225x300.jpg 225w, https:\/\/tiemaocole.com\/wp-content\/uploads\/2023\/05\/17800283_1230415747071152_7230551653240963892_n-430x573.jpg 430w, https:\/\/tiemaocole.com\/wp-content\/uploads\/2023\/05\/17800283_1230415747071152_7230551653240963892_n-700x933.jpg 700w, https:\/\/tiemaocole.com\/wp-content\/uploads\/2023\/05\/17800283_1230415747071152_7230551653240963892_n-150x200.jpg 150w, https:\/\/tiemaocole.com\/wp-content\/uploads\/2023\/05\/17800283_1230415747071152_7230551653240963892_n.jpg 720w\" \/>\t\t\t\t\t<\/div>\n\n\t\t\t\t<\/div>\n\t\t\t\t<\/div>\n\t\t\t\t\t<\/div>\n\t\t<\/div>\n\t\t\t\t<div class=\"elementor-column elementor-col-50 elementor-top-column elementor-element elementor-element-7a9daa7\" data-id=\"7a9daa7\" data-element_type=\"column\">\n\t\t\t<div class=\"elementor-widget-wrap elementor-element-populated\">\n\t\t\t\t\t\t\t\t<div class=\"elementor-element elementor-element-18566191 elementor-widget elementor-widget-wd_title\" data-id=\"18566191\" data-element_type=\"widget\" data-widget_type=\"wd_title.default\">\n\t\t\t\t<div class=\"elementor-widget-container\">\n\t\t\t\t\t\t<link rel=\"stylesheet\" id=\"wd-section-title-css\" href=\"https:\/\/tiemaocole.com\/wp-content\/themes\/woodmart\/css\/parts\/el-section-title.min.css?ver=7.2.2\" type=\"text\/css\" media=\"all\" \/> \t\t\t\t\t<div class=\"title-wrapper set-mb-s reset-last-child wd-title-color-primary wd-title-style-default wd-title-size-large text-left\">\n\n\t\t\t\t\t\t\t<div class=\"title-subtitle subtitle-color-primary subtitle-style-default wd-fontsize-xs\">\n\t\t\t\t\tT\u00ecm hi\u1ec3u v\u1ec1 Ti\u1ec7m \u00e1o C\u1edd-L\u00ea\t\t\t\t<\/div>\n\t\t\t\n\t\t\t<div class=\"liner-continer\">\n\t\t\t\t<h4 class=\"woodmart-title-container title wd-fontsize-xxl\">V\u1ec1 ch\u00fang t\u00f4i x\u01b0\u1edfng may \u0111\u1ed3ng ph\u1ee5c Ti\u1ec7m \u00e1o C\u1edd-L\u00ea<\/h4> \n\t\t\t\t\t\t\t<\/div>\n\n\t\t\t\t\t<\/div>\n\t\t\t\t<\/div>\n\t\t\t\t<\/div>\n\t\t\t\t<div class=\"elementor-element elementor-element-cf34ae6 elementor-widget elementor-widget-wd_text_block\" data-id=\"cf34ae6\" data-element_type=\"widget\" data-widget_type=\"wd_text_block.default\">\n\t\t\t\t<div class=\"elementor-widget-container\">\n\t\t\t\t\t\t<link rel=\"stylesheet\" id=\"wd-text-block-css\" href=\"https:\/\/tiemaocole.com\/wp-content\/themes\/woodmart\/css\/parts\/el-text-block.min.css?ver=7.2.2\" type=\"text\/css\" media=\"all\" \/> \t\t\t\t\t<div class=\"wd-text-block reset-last-child text-left\">\n\t\t\t\n\t\t\t<p>\u0110\u01b0\u1ee3c th\u00e0nh l\u1eadp t\u1eeb 2016, Ti\u1ec7m \u00e1o C\u1edd-L\u00ea \u0111\u01b0\u1ee3c ra \u0111\u1eddi&nbsp;nh\u1eb1m th\u00e1ch th\u1ee9c nh\u1eefng gi\u1edbi h\u1ea1n hi\u1ec7n c\u00f3 c\u1ee7a d\u00f2ng s\u1ea3n ph\u1ea9m \u0111\u1ed3ng ph\u1ee5c h\u1ecdc sinh \u2013 sinh vi\u00ean c\u00f9ng tham v\u1ecdng t\u1ea1o n\u00ean nh\u1eefng s\u1ea3n ph\u1ea9m ch\u1ea5t l\u01b0\u1ee3ng, \u0111\u01b0\u1ee3c thi\u1ebft k\u1ebf \u0111\u1ed9c nh\u1ea5t mang b\u1ea3n s\u1eafc ri\u00eang c\u1ee7a kh\u00e1ch h\u00e0ng.<\/p><p>&nbsp;<span style=\"font-family: Roboto, Arial, Helvetica, sans-serif; font-size: 16px; font-style: normal; font-variant-ligatures: normal; font-variant-caps: normal; font-weight: 400; background-color: var(--wd-main-bgcolor); color: var(--wd-text-color);\">Ch\u00fang t\u00f4i lu\u00f4n \u00fd th\u1ee9c r\u1eb1ng y\u1ebfu t\u1ed1 c\u1ed1t l\u00f5i trong kinh doanh ch\u00ednh l\u00e0 s\u1ea3n ph\u1ea9m c\u1ee7a doanh nghi\u1ec7p. V\u00ec v\u1eady quy m\u00f4 c\u00f4ng ty ng\u00e0y c\u00e0ng m\u1edf r\u1ed9ng, xu\u1ea5t ph\u00e1t \u0111i\u1ec3m t\u1eeb c\u01a1 s\u1edf nh\u00e0 x\u01b0\u1edfng s\u1ea3n xu\u1ea5t, ch\u00fang t\u00f4i r\u1ea5t t\u1ef1 h\u00e0o \u0111\u00e3 \u0111\u01b0\u1ee3c \u0111\u1eb7t ch\u00e2n \u0111\u1ebfn 63 t\u1ec9nh th\u00e0nh tr\u00ean c\u1ea3 n\u01b0\u1edbc, xu\u1ea5t hi\u1ec7n trong nhi\u1ec1u tr\u01b0\u1eddng h\u1ecdc c\u0169ng nh\u01b0 nhi\u1ec1u doanh nghi\u1ec7p l\u1edbn nh\u1ecf.<\/span><\/p>C\u00f9ng v\u1edbi s\u1ef1 ph\u00e1t tri\u1ec3n c\u1ee7a x\u00e3 h\u1ed9i v\u00e0 nhu c\u1ea7u may m\u1eb7c ng\u00e0y c\u00e0ng t\u0103ng l\u00ean, <span style=\"font-family: Roboto, sans-serif; font-size: 17px; font-style: normal; font-variant-ligatures: normal; font-variant-caps: normal; font-weight: 400; white-space: normal;\">x\u01b0\u1edfng may \u0111\u1ed3ng ph\u1ee5c Ti\u1ec7m \u00e1o C\u1edd-L\u00ea<\/span> \u0111\u00e3 lu\u00f4n n\u1ed7 l\u1ef1c ph\u00e1t tri\u1ec3n v\u00e0 m\u1edf r\u1ed9ng c\u00e1ch d\u1ecbch v\u1ee5 nh\u1eb1m \u0111\u00e1p \u1ee9ng t\u1ed1t nh\u1ea5t nhu c\u1ea7u c\u1ee7a qu\u00fd kh\u00e1ch h\u00e0ng.<br>Page FB:<br>https:\/\/www.facebook.com\/colebylee<br>https:\/\/www.facebook.com\/tiemaocole<br>Hotline: 0866.277.668\n\t\t\t\t\t<\/div>\n\t\t\t\t<\/div>\n\t\t\t\t<\/div>\n\t\t\t\t<div class=\"elementor-element elementor-element-f5428ca elementor-widget elementor-widget-wd_button\" data-id=\"f5428ca\" data-element_type=\"widget\" data-widget_type=\"wd_button.default\">\n\t\t\t\t<div class=\"elementor-widget-container\">\n\t\t\t\t\t<div class=\"wd-button-wrapper text-center\" >\n\t\t\t<a class=\"btn btn-style-3d btn-style-rectangle btn-size-default btn-color-primary btn-full-width btn-icon-pos-right\"  href=\"https:\/\/www.facebook.com\/colebylee\">\n\t\t\t\t<span class=\"wd-btn-text\" data-elementor-setting-key=\"text\">\n\t\t\t\t\tT\u00ecm hi\u1ec3u th\u00eam\t\t\t\t<\/span>\n\n\t\t\t\t\t\t\t<\/a>\n\t\t<\/div>\n\t\t\t\t<\/div>\n\t\t\t\t<\/div>\n\t\t\t\t\t<\/div>\n\t\t<\/div>\n\t\t\t\t\t\t\t<\/div>\n\t\t<\/section>\n\t\t<div class=\"elementor-element elementor-element-ef854ff e-con-full e-flex wd-section-disabled e-con\" data-id=\"ef854ff\" data-element_type=\"container\" data-settings=\"{&quot;content_width&quot;:&quot;full&quot;}\">\n\t\t<div class=\"elementor-element elementor-element-0f3a67a e-con-full e-flex wd-section-disabled e-con\" data-id=\"0f3a67a\" data-element_type=\"container\" data-settings=\"{&quot;content_width&quot;:&quot;full&quot;}\">\n\t\t\t\t<div class=\"elementor-element elementor-element-e6b4ed8 color-scheme-inherit text-left elementor-widget elementor-widget-text-editor\" data-id=\"e6b4ed8\" data-element_type=\"widget\" data-widget_type=\"text-editor.default\">\n\t\t\t\t<div class=\"elementor-widget-container\">\n\t\t\t<style>\/*! elementor - v3.13.0 - 08-05-2023 *\/\n.elementor-widget-text-editor.elementor-drop-cap-view-stacked .elementor-drop-cap{background-color:#69727d;color:#fff}.elementor-widget-text-editor.elementor-drop-cap-view-framed .elementor-drop-cap{color:#69727d;border:3px solid;background-color:transparent}.elementor-widget-text-editor:not(.elementor-drop-cap-view-default) .elementor-drop-cap{margin-top:8px}.elementor-widget-text-editor:not(.elementor-drop-cap-view-default) .elementor-drop-cap-letter{width:1em;height:1em}.elementor-widget-text-editor .elementor-drop-cap{float:left;text-align:center;line-height:1;font-size:50px}.elementor-widget-text-editor .elementor-drop-cap-letter{display:inline-block}<\/style>\t\t\t\t<p>Hi\u1ec7n t\u1ea1i x\u01b0\u1edfng may \u0111\u1ed3ng ph\u1ee5c Ti\u1ec7m \u00e1o C\u1edd-L\u00ea c\u00f3 t\u1ea5t c\u1ea3 4 chuy\u1ec1n \u0111ang \u0111i v\u00e0o ho\u1ea1t \u0111\u1ed9ng v\u1edbi nhi\u1ec1u m\u00e1y may ho\u1ea1t \u0111\u1ed9ng h\u1ebft c\u00f4ng su\u1ea5t, v\u00e0 h\u01a1n 100 nh\u00e2n c\u00f4ng \u0111ang l\u00e0m vi\u1ec7c tr\u1ef1c ti\u1ebfp t\u1ea1i x\u01b0\u1edfng.<\/p>\n<p>\u0110\u1ed9i ng\u0169 nh\u00e2n c\u00f4ng c\u00f3 tay ngh\u1ec1 cao, s\u00e1ng t\u1ea1o, \u0111\u01b0\u1ee3c \u0111\u00e0o t\u1ea1o b\u00e0i b\u1ea3n, tu\u00e2n th\u1ee7 nghi\u00eam ng\u1eb7t c\u00e1c quy tr\u00ecnh may m\u1eb7c v\u1edbi t\u00f4n ch\u1ec9 ch\u1eef t\u00edn qu\u00fd h\u01a1n v\u00e0ng, \u0111em \u0111\u1ebfn cho kh\u00e1ch h\u00e0ng nh\u1eefng s\u1ea3n ph\u1ea9m t\u1ed1t nh\u1ea5t.<\/p>\n<p>\u0110\u1ec3 \u0111\u1ea3m b\u1ea3o v\u1ec1 ch\u1ea5t l\u01b0\u1ee3ng trong t\u1eebng s\u1ea3n ph\u1ea9m, v\u00e0 y\u00ean t\u00e2m v\u1ec1 m\u1ee9c gi\u00e1 th\u00e0nh h\u1ee3p l\u00fd th\u00ec qu\u00fd kh\u00e1ch h\u00e3y \u0111\u1ebfn v\u1edbi x\u01b0\u1edfng may \u0111\u1ed3ng ph\u1ee5c Ti\u1ec7m \u00e1o C\u1edd &#8211; L\u00ea c\u1ee7a ch\u00fang t\u00f4i \u0111\u1ec3 c\u00f9ng tr\u1ea3i nghi\u1ec7m c\u00e1c s\u1ea3n ph\u1ea9m v\u00e0 g\u00f3i d\u1ecbch v\u1ee5 \u01b0u \u0111\u00e3i h\u1ea5p d\u1eabn nh\u1ea5t.<br><\/p>\t\t\t\t\t\t<\/div>\n\t\t\t\t<\/div>\n\t\t\t\t<\/div>\n\t\t<div class=\"elementor-element elementor-element-66cdbd0 e-con-full e-flex wd-section-disabled e-con\" data-id=\"66cdbd0\" data-element_type=\"container\" data-settings=\"{&quot;content_width&quot;:&quot;full&quot;}\">\n\t\t\t\t<div class=\"elementor-element elementor-element-1c137b8 elementor-widget elementor-widget-image\" data-id=\"1c137b8\" data-element_type=\"widget\" data-widget_type=\"image.default\">\n\t\t\t\t<div class=\"elementor-widget-container\">\n\t\t\t<style>\/*! elementor - v3.13.0 - 08-05-2023 *\/\n.elementor-widget-image{text-align:center}.elementor-widget-image a{display:inline-block}.elementor-widget-image a img[src$=\".svg\"]{width:48px}.elementor-widget-image img{vertical-align:middle;display:inline-block}<\/style>\t\t\t\t\t\t\t\t\t\t\t\t<img loading=\"lazy\" decoding=\"async\" width=\"1080\" height=\"607\" src=\"https:\/\/tiemaocole.com\/wp-content\/themes\/woodmart\/images\/lazy.png\" class=\"attachment-large size-large wp-image-14016 wd-lazy-load wd-lazy-fade\" alt=\"\" srcset=\"\" sizes=\"auto, (max-width: 1080px) 100vw, 1080px\" data-wood-src=\"https:\/\/tiemaocole.com\/wp-content\/uploads\/2023\/05\/z3677115022685_4876df39f37d978c14fc2081db949112.jpg\" data-srcset=\"https:\/\/tiemaocole.com\/wp-content\/uploads\/2023\/05\/z3677115022685_4876df39f37d978c14fc2081db949112.jpg 1080w, https:\/\/tiemaocole.com\/wp-content\/uploads\/2023\/05\/z3677115022685_4876df39f37d978c14fc2081db949112-400x225.jpg 400w, https:\/\/tiemaocole.com\/wp-content\/uploads\/2023\/05\/z3677115022685_4876df39f37d978c14fc2081db949112-768x432.jpg 768w, https:\/\/tiemaocole.com\/wp-content\/uploads\/2023\/05\/z3677115022685_4876df39f37d978c14fc2081db949112-860x483.jpg 860w, https:\/\/tiemaocole.com\/wp-content\/uploads\/2023\/05\/z3677115022685_4876df39f37d978c14fc2081db949112-430x242.jpg 430w, https:\/\/tiemaocole.com\/wp-content\/uploads\/2023\/05\/z3677115022685_4876df39f37d978c14fc2081db949112-700x393.jpg 700w, https:\/\/tiemaocole.com\/wp-content\/uploads\/2023\/05\/z3677115022685_4876df39f37d978c14fc2081db949112-150x84.jpg 150w\" \/>\t\t\t\t\t\t\t\t\t\t\t\t\t\t\t<\/div>\n\t\t\t\t<\/div>\n\t\t\t\t<\/div>\n\t\t\t\t<\/div>\n\t\t\t\t\t\t\t<\/div>\n\t\t","protected":false},"excerpt":{"rendered":"<p>T\u00ecm hi\u1ec3u v\u1ec1 Ti\u1ec7m \u00e1o C\u1edd-L\u00ea V\u1ec1 ch\u00fang t\u00f4i x\u01b0\u1edfng may \u0111\u1ed3ng ph\u1ee5c Ti\u1ec7m \u00e1o C\u1edd-L\u00ea \u0110\u01b0\u1ee3c th\u00e0nh l\u1eadp t\u1eeb<\/p>\n","protected":false},"author":1,"featured_media":0,"parent":0,"menu_order":0,"comment_status":"closed","ping_status":"closed","template":"","meta":{"footnotes":""},"class_list":["post-4400","page","type-page","status-publish","hentry"],"jetpack_sharing_enabled":true,"_links":{"self":[{"href":"https:\/\/tiemaocole.com\/index.php?rest_route=\/wp\/v2\/pages\/4400","targetHints":{"allow":["GET"]}}],"collection":[{"href":"https:\/\/tiemaocole.com\/index.php?rest_route=\/wp\/v2\/pages"}],"about":[{"href":"https:\/\/tiemaocole.com\/index.php?rest_route=\/wp\/v2\/types\/page"}],"author":[{"embeddable":true,"href":"https:\/\/tiemaocole.com\/index.php?rest_route=\/wp\/v2\/users\/1"}],"replies":[{"embeddable":true,"href":"https:\/\/tiemaocole.com\/index.php?rest_route=%2Fwp%2Fv2%2Fcomments&post=4400"}],"version-history":[{"count":40,"href":"https:\/\/tiemaocole.com\/index.php?rest_route=\/wp\/v2\/pages\/4400\/revisions"}],"predecessor-version":[{"id":14389,"href":"https:\/\/tiemaocole.com\/index.php?rest_route=\/wp\/v2\/pages\/4400\/revisions\/14389"}],"wp:attachment":[{"href":"https:\/\/tiemaocole.com\/index.php?rest_route=%2Fwp%2Fv2%2Fmedia&parent=4400"}],"curies":[{"name":"wp","href":"https:\/\/api.w.org\/{rel}","templated":true}]}}