{"id":14086,"date":"2023-05-29T19:07:53","date_gmt":"2023-05-29T19:07:53","guid":{"rendered":"https:\/\/tiemaocole.com\/?post_type=product&#038;p=14086"},"modified":"2023-05-29T20:20:55","modified_gmt":"2023-05-29T20:20:55","slug":"ao-gia-dinh-papa-mama","status":"publish","type":"product","link":"https:\/\/tiemaocole.com\/?product=ao-gia-dinh-papa-mama","title":{"rendered":"\u00c1o gia \u0111\u00ecnh Papa Mama"},"content":{"rendered":"<p>\u00c1o thun gia \u0111\u00ecnh Papa Mama l\u00e0 b\u1ed9 \u0111\u1ed3 bao g\u1ed3m \u00e1o thun cho c\u1ea3 gia \u0111\u00ecnh, bao g\u1ed3m b\u1ed1, m\u1eb9 v\u00e0 con c\u00e1i. \u00c1o thun \u0111\u01b0\u1ee3c l\u00e0m t\u1eeb ch\u1ea5t li\u1ec7u cotton m\u1ec1m m\u1ea1i, tho\u00e1ng m\u00e1t, th\u1ea5m h\u00fat m\u1ed3 h\u00f4i t\u1ed1t, gi\u00fap c\u1ea3 gia \u0111\u00ecnh c\u1ea3m th\u1ea5y tho\u1ea3i m\u00e1i khi m\u1eb7c. B\u00ean c\u1ea1nh \u0111\u00f3, \u00e1o thun c\u00f2n \u0111\u01b0\u1ee3c thi\u1ebft k\u1ebf v\u1edbi nhi\u1ec1u m\u1eabu m\u00e3 \u0111a d\u1ea1ng, phong ph\u00fa, th\u1ec3 hi\u1ec7n t\u00ednh c\u00e1ch, s\u1edf th\u00edch v\u00e0 phong c\u00e1ch c\u1ee7a t\u1eebng th\u00e0nh vi\u00ean trong gia \u0111\u00ecnh. \u00c1o thun gia \u0111\u00ecnh Papa Mama kh\u00f4ng ch\u1ec9 l\u00e0 m\u00f3n qu\u00e0 \u00fd ngh\u0129a m\u00e0 c\u00f2n l\u00e0 c\u00e1ch \u0111\u1ec3 gia \u0111\u00ecnh th\u1ec3 hi\u1ec7n t\u00ecnh c\u1ea3m, s\u1ef1 \u0111o\u00e0n k\u1ebft v\u00e0 s\u1ef1 g\u1eafn b\u00f3 c\u1ee7a m\u00ecnh.<\/p>\n","protected":false},"excerpt":{"rendered":"<p>\u00c1o thun gia \u0111\u00ecnh Papa Mama l\u00e0 b\u1ed9 \u0111\u1ed3 bao g\u1ed3m \u00e1o thun cho c\u1ea3 gia \u0111\u00ecnh, bao g\u1ed3m b\u1ed1,<\/p>\n","protected":false},"featured_media":14087,"comment_status":"open","ping_status":"closed","template":"","meta":[],"product_cat":[20],"product_tag":[83,74],"class_list":{"0":"post-14086","1":"product","2":"type-product","3":"status-publish","4":"has-post-thumbnail","6":"product_cat-dong-phuc-gia-dinh","7":"product_tag-ao-gia-dinh-papa-mama","8":"product_tag-dong-phuc-gia-dinh","10":"first","11":"instock","12":"sale","13":"shipping-taxable","14":"purchasable","15":"product-type-simple"},"jetpack_sharing_enabled":true,"_links":{"self":[{"href":"https:\/\/tiemaocole.com\/index.php?rest_route=\/wp\/v3\/product\/14086","targetHints":{"allow":["GET"]}}],"collection":[{"href":"https:\/\/tiemaocole.com\/index.php?rest_route=\/wp\/v3\/product"}],"about":[{"href":"https:\/\/tiemaocole.com\/index.php?rest_route=\/wp\/v2\/types\/product"}],"replies":[{"embeddable":true,"href":"https:\/\/tiemaocole.com\/index.php?rest_route=%2Fwp%2Fv2%2Fcomments&post=14086"}],"version-history":[{"count":2,"href":"https:\/\/tiemaocole.com\/index.php?rest_route=\/wp\/v3\/product\/14086\/revisions"}],"predecessor-version":[{"id":14132,"href":"https:\/\/tiemaocole.com\/index.php?rest_route=\/wp\/v3\/product\/14086\/revisions\/14132"}],"wp:featuredmedia":[{"embeddable":true,"href":"https:\/\/tiemaocole.com\/index.php?rest_route=\/wp\/v2\/media\/14087"}],"wp:attachment":[{"href":"https:\/\/tiemaocole.com\/index.php?rest_route=%2Fwp%2Fv2%2Fmedia&parent=14086"}],"wp:term":[{"taxonomy":"product_cat","embeddable":true,"href":"https:\/\/tiemaocole.com\/index.php?rest_route=%2Fwp%2Fv2%2Fproduct_cat&post=14086"},{"taxonomy":"product_tag","embeddable":true,"href":"https:\/\/tiemaocole.com\/index.php?rest_route=%2Fwp%2Fv2%2Fproduct_tag&post=14086"}],"curies":[{"name":"wp","href":"https:\/\/api.w.org\/{rel}","templated":true}]}}