{"id":14094,"date":"2023-05-29T19:18:42","date_gmt":"2023-05-29T19:18:42","guid":{"rendered":"https:\/\/tiemaocole.com\/?post_type=product&#038;p=14094"},"modified":"2023-05-29T20:19:41","modified_gmt":"2023-05-29T20:19:41","slug":"ao-gia-dinh-huou-cao-co","status":"publish","type":"product","link":"https:\/\/tiemaocole.com\/?product=ao-gia-dinh-huou-cao-co","title":{"rendered":"\u00c1o gia \u0111\u00ecnh h\u01b0\u01a1u cao c\u1ed5"},"content":{"rendered":"<p>\u00c1o gia \u0111\u00ecnh h\u01b0\u01a1u cao c\u1ed5 l\u00e0 m\u1ed9t b\u1ed9 \u0111\u1ed3 \u0111\u1ed3ng ph\u1ee5c gia \u0111\u00ecnh \u0111\u01b0\u1ee3c thi\u1ebft k\u1ebf v\u1edbi h\u1ecda ti\u1ebft h\u01b0\u01a1u cao c\u1ed5 tinh t\u1ebf v\u00e0 \u0111\u1ed9c \u0111\u00e1o. \u00c1o c\u00f3 m\u00e0u n\u00e2u \u0111\u1ecf, t\u01b0\u01a1ng t\u1ef1 nh\u01b0 m\u00e0u l\u00f4ng c\u1ee7a h\u01b0\u01a1u cao c\u1ed5, t\u1ea1o n\u00ean s\u1ef1 \u1ea5m \u00e1p v\u00e0 g\u1ea7n g\u0169i.<\/p>\n<p>\u00c1o \u0111\u01b0\u1ee3c l\u00e0m t\u1eeb ch\u1ea5t li\u1ec7u v\u1ea3i cotton m\u1ec1m m\u1ea1i, tho\u00e1ng m\u00e1t v\u00e0 th\u1ea5m h\u00fat m\u1ed3 h\u00f4i t\u1ed1t, gi\u00fap ng\u01b0\u1eddi m\u1eb7c lu\u00f4n c\u1ea3m th\u1ea5y tho\u1ea3i m\u00e1i. Thi\u1ebft k\u1ebf \u00e1o c\u00f3 d\u00e1ng su\u00f4ng, c\u1ed5 tr\u00f2n v\u00e0 tay ng\u1eafn, ph\u00f9 h\u1ee3p v\u1edbi c\u1ea3 nam v\u00e0 n\u1eef.<\/p>\n<p>B\u1ed9 \u0111\u1ed3 \u0111\u1ed3ng ph\u1ee5c gia \u0111\u00ecnh h\u01b0\u01a1u cao c\u1ed5 th\u01b0\u1eddng \u0111\u01b0\u1ee3c s\u1eed d\u1ee5ng trong c\u00e1c d\u1ecbp l\u1ec5 t\u1ebft, d\u00e3 ngo\u1ea1i ho\u1eb7c du l\u1ecbch gia \u0111\u00ecnh. N\u00f3 kh\u00f4ng ch\u1ec9 t\u1ea1o n\u00ean s\u1ef1 th\u1ed1ng nh\u1ea5t trong trang ph\u1ee5c m\u00e0 c\u00f2n th\u1ec3 hi\u1ec7n t\u00ecnh c\u1ea3m gia \u0111\u00ecnh, s\u1ef1 \u0111o\u00e0n k\u1ebft v\u00e0 h\u1ea1nh ph\u00fac c\u1ee7a m\u1ed7i th\u00e0nh vi\u00ean.<\/p>\n","protected":false},"excerpt":{"rendered":"<p>\u00c1o gia \u0111\u00ecnh h\u01b0\u01a1u cao c\u1ed5 l\u00e0 m\u1ed9t b\u1ed9 \u0111\u1ed3 \u0111\u1ed3ng ph\u1ee5c gia \u0111\u00ecnh \u0111\u01b0\u1ee3c thi\u1ebft k\u1ebf v\u1edbi h\u1ecda ti\u1ebft<\/p>\n","protected":false},"featured_media":14095,"comment_status":"open","ping_status":"closed","template":"","meta":[],"product_cat":[20],"product_tag":[73,74,82],"class_list":{"0":"post-14094","1":"product","2":"type-product","3":"status-publish","4":"has-post-thumbnail","6":"product_cat-dong-phuc-gia-dinh","7":"product_tag-ao-gia-dinh","8":"product_tag-dong-phuc-gia-dinh","9":"product_tag-dong-phuc-huou-cao-co","11":"first","12":"instock","13":"sale","14":"shipping-taxable","15":"purchasable","16":"product-type-simple"},"jetpack_sharing_enabled":true,"_links":{"self":[{"href":"https:\/\/tiemaocole.com\/index.php?rest_route=\/wp\/v3\/product\/14094","targetHints":{"allow":["GET"]}}],"collection":[{"href":"https:\/\/tiemaocole.com\/index.php?rest_route=\/wp\/v3\/product"}],"about":[{"href":"https:\/\/tiemaocole.com\/index.php?rest_route=\/wp\/v2\/types\/product"}],"replies":[{"embeddable":true,"href":"https:\/\/tiemaocole.com\/index.php?rest_route=%2Fwp%2Fv2%2Fcomments&post=14094"}],"version-history":[{"count":1,"href":"https:\/\/tiemaocole.com\/index.php?rest_route=\/wp\/v3\/product\/14094\/revisions"}],"predecessor-version":[{"id":14099,"href":"https:\/\/tiemaocole.com\/index.php?rest_route=\/wp\/v3\/product\/14094\/revisions\/14099"}],"wp:featuredmedia":[{"embeddable":true,"href":"https:\/\/tiemaocole.com\/index.php?rest_route=\/wp\/v2\/media\/14095"}],"wp:attachment":[{"href":"https:\/\/tiemaocole.com\/index.php?rest_route=%2Fwp%2Fv2%2Fmedia&parent=14094"}],"wp:term":[{"taxonomy":"product_cat","embeddable":true,"href":"https:\/\/tiemaocole.com\/index.php?rest_route=%2Fwp%2Fv2%2Fproduct_cat&post=14094"},{"taxonomy":"product_tag","embeddable":true,"href":"https:\/\/tiemaocole.com\/index.php?rest_route=%2Fwp%2Fv2%2Fproduct_tag&post=14094"}],"curies":[{"name":"wp","href":"https:\/\/api.w.org\/{rel}","templated":true}]}}