{"id":14105,"date":"2023-05-29T19:36:02","date_gmt":"2023-05-29T19:36:02","guid":{"rendered":"https:\/\/tiemaocole.com\/?post_type=product&#038;p=14105"},"modified":"2023-05-29T20:06:10","modified_gmt":"2023-05-29T20:06:10","slug":"ao-polo-gia-dinh-con-giap","status":"publish","type":"product","link":"https:\/\/tiemaocole.com\/?product=ao-polo-gia-dinh-con-giap","title":{"rendered":"\u00c1o Polo gia \u0111\u00ecnh con gi\u00e1p"},"content":{"rendered":"<div id=\"attachment_14113\" style=\"width: 1546px\" class=\"wp-caption aligncenter\"><img loading=\"lazy\" decoding=\"async\" aria-describedby=\"caption-attachment-14113\" class=\"size-full wp-image-14113\" src=\"http:\/\/tiemaocole.com\/wp-content\/uploads\/2023\/05\/z4158224796834_c6a8bf97c541c4c99519c05e6eae9fef.jpg\" alt=\"\u00e1o polo gia \u0111\u00ecnh con gi\u00e1p\" width=\"1536\" height=\"2048\" srcset=\"https:\/\/tiemaocole.com\/wp-content\/uploads\/2023\/05\/z4158224796834_c6a8bf97c541c4c99519c05e6eae9fef.jpg 1536w, https:\/\/tiemaocole.com\/wp-content\/uploads\/2023\/05\/z4158224796834_c6a8bf97c541c4c99519c05e6eae9fef-225x300.jpg 225w, https:\/\/tiemaocole.com\/wp-content\/uploads\/2023\/05\/z4158224796834_c6a8bf97c541c4c99519c05e6eae9fef-600x800.jpg 600w, https:\/\/tiemaocole.com\/wp-content\/uploads\/2023\/05\/z4158224796834_c6a8bf97c541c4c99519c05e6eae9fef-768x1024.jpg 768w, https:\/\/tiemaocole.com\/wp-content\/uploads\/2023\/05\/z4158224796834_c6a8bf97c541c4c99519c05e6eae9fef-1152x1536.jpg 1152w, https:\/\/tiemaocole.com\/wp-content\/uploads\/2023\/05\/z4158224796834_c6a8bf97c541c4c99519c05e6eae9fef-860x1147.jpg 860w, https:\/\/tiemaocole.com\/wp-content\/uploads\/2023\/05\/z4158224796834_c6a8bf97c541c4c99519c05e6eae9fef-430x573.jpg 430w, https:\/\/tiemaocole.com\/wp-content\/uploads\/2023\/05\/z4158224796834_c6a8bf97c541c4c99519c05e6eae9fef-700x933.jpg 700w, https:\/\/tiemaocole.com\/wp-content\/uploads\/2023\/05\/z4158224796834_c6a8bf97c541c4c99519c05e6eae9fef-150x200.jpg 150w\" sizes=\"auto, (max-width: 1536px) 100vw, 1536px\" \/><p id=\"caption-attachment-14113\" class=\"wp-caption-text\">\u00e1o polo gia \u0111\u00ecnh con gi\u00e1p<\/p><\/div>\n<div id=\"attachment_14112\" style=\"width: 1546px\" class=\"wp-caption aligncenter\"><img loading=\"lazy\" decoding=\"async\" aria-describedby=\"caption-attachment-14112\" class=\"size-full wp-image-14112\" src=\"http:\/\/tiemaocole.com\/wp-content\/uploads\/2023\/05\/z4157440083335_cdb6ebd5bbddcc5e2e946eba288a1532.jpg\" alt=\"\u00e1o polo gia \u0111\u00ecnh con gi\u00e1p\" width=\"1536\" height=\"2048\" srcset=\"https:\/\/tiemaocole.com\/wp-content\/uploads\/2023\/05\/z4157440083335_cdb6ebd5bbddcc5e2e946eba288a1532.jpg 1536w, https:\/\/tiemaocole.com\/wp-content\/uploads\/2023\/05\/z4157440083335_cdb6ebd5bbddcc5e2e946eba288a1532-225x300.jpg 225w, https:\/\/tiemaocole.com\/wp-content\/uploads\/2023\/05\/z4157440083335_cdb6ebd5bbddcc5e2e946eba288a1532-600x800.jpg 600w, https:\/\/tiemaocole.com\/wp-content\/uploads\/2023\/05\/z4157440083335_cdb6ebd5bbddcc5e2e946eba288a1532-768x1024.jpg 768w, https:\/\/tiemaocole.com\/wp-content\/uploads\/2023\/05\/z4157440083335_cdb6ebd5bbddcc5e2e946eba288a1532-1152x1536.jpg 1152w, https:\/\/tiemaocole.com\/wp-content\/uploads\/2023\/05\/z4157440083335_cdb6ebd5bbddcc5e2e946eba288a1532-860x1147.jpg 860w, https:\/\/tiemaocole.com\/wp-content\/uploads\/2023\/05\/z4157440083335_cdb6ebd5bbddcc5e2e946eba288a1532-430x573.jpg 430w, https:\/\/tiemaocole.com\/wp-content\/uploads\/2023\/05\/z4157440083335_cdb6ebd5bbddcc5e2e946eba288a1532-700x933.jpg 700w, https:\/\/tiemaocole.com\/wp-content\/uploads\/2023\/05\/z4157440083335_cdb6ebd5bbddcc5e2e946eba288a1532-150x200.jpg 150w\" sizes=\"auto, (max-width: 1536px) 100vw, 1536px\" \/><p id=\"caption-attachment-14112\" class=\"wp-caption-text\">\u00e1o polo gia \u0111\u00ecnh con gi\u00e1p<\/p><\/div>\n<p>\u00c1o polo gia \u0111\u00ecnh con gi\u00e1p l\u00e0 m\u1ed9t b\u1ed9 trang ph\u1ee5c \u0111\u01b0\u1ee3c thi\u1ebft k\u1ebf \u0111\u1eb7c bi\u1ec7t cho gia \u0111\u00ecnh, v\u1edbi h\u1ecda ti\u1ebft v\u00e0 m\u00e0u s\u1eafc t\u01b0\u1ee3ng tr\u01b0ng cho t\u1eebng con gi\u00e1p. \u00c1o polo th\u01b0\u1eddng c\u00f3 ki\u1ec3u d\u00e1ng \u0111\u01a1n gi\u1ea3n, nh\u01b0ng v\u1eabn r\u1ea5t sang tr\u1ecdng v\u00e0 l\u1ecbch s\u1ef1, ph\u00f9 h\u1ee3p cho c\u00e1c d\u1ecbp h\u1ecdp m\u1eb7t gia \u0111\u00ecnh ho\u1eb7c \u0111i ch\u01a1i c\u00f9ng nhau.<\/p>\n<p>V\u1edbi m\u1ed7i con gi\u00e1p, \u00e1o polo s\u1ebd c\u00f3 m\u00e0u s\u1eafc v\u00e0 h\u1ecda ti\u1ebft kh\u00e1c nhau. V\u00ed d\u1ee5, \u00e1o polo cho con gi\u00e1p T\u00fd th\u01b0\u1eddng c\u00f3 m\u00e0u \u0111\u1ecf v\u00e0 h\u1ecda ti\u1ebft \u0111\u01a1n gi\u1ea3n, \u00e1o polo cho con gi\u00e1p M\u00e3o th\u01b0\u1eddng c\u00f3 m\u00e0u v\u00e0ng, \u00e1o polo cho con gi\u00e1p Th\u00e2n th\u01b0\u1eddng c\u00f3 n\u00e2u \u0111\u1ecf v\u00e0 h\u1ecda ti\u1ebft v\u0103n hoa&#8230;<\/p>\n<p>\u00c1o polo gia \u0111\u00ecnh con gi\u00e1p c\u00f2n l\u00e0 m\u1ed9t c\u00e1ch \u0111\u1ec3 t\u00f4n vinh truy\u1ec1n th\u1ed1ng v\u00e0 gi\u1eef g\u00ecn n\u00e9t \u0111\u1eb9p v\u0103n h\u00f3a c\u1ee7a gia \u0111\u00ecnh. \u0110\u00e2y l\u00e0 m\u1ed9t b\u1ed9 trang ph\u1ee5c \u0111\u1eb7c bi\u1ec7t v\u00e0 \u00fd ngh\u0129a, mang \u0111\u1ebfn s\u1ef1 g\u1eafn k\u1ebft v\u00e0 t\u00ecnh th\u00e2n trong gia \u0111\u00ecnh.<\/p>\n","protected":false},"excerpt":{"rendered":"<p>\u00c1o polo gia \u0111\u00ecnh con gi\u00e1p l\u00e0 m\u1ed9t b\u1ed9 trang ph\u1ee5c \u0111\u01b0\u1ee3c thi\u1ebft k\u1ebf \u0111\u1eb7c bi\u1ec7t cho gia \u0111\u00ecnh, v\u1edbi<\/p>\n","protected":false},"featured_media":14106,"comment_status":"open","ping_status":"closed","template":"","meta":[],"product_cat":[20],"product_tag":[80,73,78,79],"class_list":{"0":"post-14105","1":"product","2":"type-product","3":"status-publish","4":"has-post-thumbnail","6":"product_cat-dong-phuc-gia-dinh","7":"product_tag-ao-co-co","8":"product_tag-ao-gia-dinh","9":"product_tag-ao-polo","10":"product_tag-polo-gia-dinh","12":"first","13":"instock","14":"sale","15":"shipping-taxable","16":"purchasable","17":"product-type-simple"},"jetpack_sharing_enabled":true,"_links":{"self":[{"href":"https:\/\/tiemaocole.com\/index.php?rest_route=\/wp\/v3\/product\/14105","targetHints":{"allow":["GET"]}}],"collection":[{"href":"https:\/\/tiemaocole.com\/index.php?rest_route=\/wp\/v3\/product"}],"about":[{"href":"https:\/\/tiemaocole.com\/index.php?rest_route=\/wp\/v2\/types\/product"}],"replies":[{"embeddable":true,"href":"https:\/\/tiemaocole.com\/index.php?rest_route=%2Fwp%2Fv2%2Fcomments&post=14105"}],"version-history":[{"count":3,"href":"https:\/\/tiemaocole.com\/index.php?rest_route=\/wp\/v3\/product\/14105\/revisions"}],"predecessor-version":[{"id":14114,"href":"https:\/\/tiemaocole.com\/index.php?rest_route=\/wp\/v3\/product\/14105\/revisions\/14114"}],"wp:featuredmedia":[{"embeddable":true,"href":"https:\/\/tiemaocole.com\/index.php?rest_route=\/wp\/v2\/media\/14106"}],"wp:attachment":[{"href":"https:\/\/tiemaocole.com\/index.php?rest_route=%2Fwp%2Fv2%2Fmedia&parent=14105"}],"wp:term":[{"taxonomy":"product_cat","embeddable":true,"href":"https:\/\/tiemaocole.com\/index.php?rest_route=%2Fwp%2Fv2%2Fproduct_cat&post=14105"},{"taxonomy":"product_tag","embeddable":true,"href":"https:\/\/tiemaocole.com\/index.php?rest_route=%2Fwp%2Fv2%2Fproduct_tag&post=14105"}],"curies":[{"name":"wp","href":"https:\/\/api.w.org\/{rel}","templated":true}]}}