{"id":14139,"date":"2023-06-07T21:58:10","date_gmt":"2023-06-07T21:58:10","guid":{"rendered":"https:\/\/tiemaocole.com\/?post_type=product&#038;p=14139"},"modified":"2023-06-07T22:22:06","modified_gmt":"2023-06-07T22:22:06","slug":"ao-ki-niem-ra-truong-15-nam","status":"publish","type":"product","link":"https:\/\/tiemaocole.com\/?product=ao-ki-niem-ra-truong-15-nam","title":{"rendered":"\u00c1o k\u1ec9 ni\u1ec7m ra tr\u01b0\u1eddng 15 n\u0103m"},"content":{"rendered":"<p>\u00c1o k\u1ec9 ni\u1ec7m ra tr\u01b0\u1eddng l\u00e0 m\u1ed9t chi\u1ebfc \u00e1o \u0111\u1eb7c bi\u1ec7t \u0111\u01b0\u1ee3c thi\u1ebft k\u1ebf \u0111\u1ec3 k\u1ef7 ni\u1ec7m kho\u1ea3nh kh\u1eafc \u0111\u00e1ng nh\u1edb c\u1ee7a c\u00e1c b\u1ea1n h\u1ecdc sinh khi t\u1ed1t nghi\u1ec7p trung h\u1ecdc ph\u1ed5 th\u00f4ng. \u00c1o th\u01b0\u1eddng c\u00f3 ch\u1ea5t li\u1ec7u cotton ho\u1eb7c polyester, v\u1edbi m\u00e0u s\u1eafc v\u00e0 h\u1ecda ti\u1ebft \u0111\u01b0\u1ee3c in ho\u1eb7c th\u00eau tr\u00ean b\u1ec1 m\u1eb7t \u00e1o.<\/p>\n<p>\u00c1o k\u1ec9 ni\u1ec7m ra tr\u01b0\u1eddng th\u01b0\u1eddng c\u00f3 logo ho\u1eb7c h\u00ecnh \u1ea3nh c\u1ee7a tr\u01b0\u1eddng, t\u00ean c\u1ee7a l\u1edbp v\u00e0 t\u00ean c\u1ee7a c\u00e1c b\u1ea1n h\u1ecdc sinh. Ngo\u00e0i ra, c\u00e1c b\u1ea1n c\u00f3 th\u1ec3 th\u00eam c\u00e1c th\u00f4ng tin kh\u00e1c nh\u01b0 h\u00ecnh \u1ea3nh c\u1ee7a to\u00e0n b\u1ed9 l\u1edbp, nh\u1eefng k\u1ef7 ni\u1ec7m \u0111\u00e1ng nh\u1edb trong qu\u00e1 tr\u00ecnh h\u1ecdc t\u1eadp, ho\u1eb7c c\u00e1c th\u00f4ng tin c\u00e1 nh\u00e2n c\u1ee7a m\u1ed7i b\u1ea1n h\u1ecdc sinh.<\/p>\n<div id=\"attachment_14144\" style=\"width: 1090px\" class=\"wp-caption aligncenter\"><img loading=\"lazy\" decoding=\"async\" aria-describedby=\"caption-attachment-14144\" class=\"size-full wp-image-14144\" src=\"http:\/\/tiemaocole.com\/wp-content\/uploads\/2023\/06\/z4342880433645_311f176e43a5c4f8ee870b43865eb237.jpg\" alt=\"ao ki niem ra truong\" width=\"1080\" height=\"608\" srcset=\"https:\/\/tiemaocole.com\/wp-content\/uploads\/2023\/06\/z4342880433645_311f176e43a5c4f8ee870b43865eb237.jpg 1080w, https:\/\/tiemaocole.com\/wp-content\/uploads\/2023\/06\/z4342880433645_311f176e43a5c4f8ee870b43865eb237-400x225.jpg 400w, https:\/\/tiemaocole.com\/wp-content\/uploads\/2023\/06\/z4342880433645_311f176e43a5c4f8ee870b43865eb237-768x432.jpg 768w, https:\/\/tiemaocole.com\/wp-content\/uploads\/2023\/06\/z4342880433645_311f176e43a5c4f8ee870b43865eb237-860x484.jpg 860w, https:\/\/tiemaocole.com\/wp-content\/uploads\/2023\/06\/z4342880433645_311f176e43a5c4f8ee870b43865eb237-430x242.jpg 430w, https:\/\/tiemaocole.com\/wp-content\/uploads\/2023\/06\/z4342880433645_311f176e43a5c4f8ee870b43865eb237-700x394.jpg 700w, https:\/\/tiemaocole.com\/wp-content\/uploads\/2023\/06\/z4342880433645_311f176e43a5c4f8ee870b43865eb237-150x84.jpg 150w\" sizes=\"auto, (max-width: 1080px) 100vw, 1080px\" \/><p id=\"caption-attachment-14144\" class=\"wp-caption-text\">ao ki niem ra truong<\/p><\/div>\n<p>&nbsp;<\/p>\n<p>\u0110\u00e2y l\u00e0 m\u1ed9t m\u00f3n qu\u00e0 \u00fd ngh\u0129a v\u00e0 \u0111\u00e1ng gi\u00e1 \u0111\u1ec3 t\u1eb7ng cho b\u1ea1n b\u00e8, \u0111\u1ed3ng nghi\u1ec7p v\u00e0 gia \u0111\u00ecnh trong d\u1ecbp t\u1ed1t nghi\u1ec7p. \u00c1o k\u1ec9 ni\u1ec7m ra tr\u01b0\u1eddng c\u0169ng l\u00e0 m\u1ed9t c\u00e1ch \u0111\u1ec3 gi\u1eef l\u1ea1i nh\u1eefng k\u1ef7 ni\u1ec7m \u0111\u00e1ng nh\u1edb trong cu\u1ed9c \u0111\u1eddi h\u1ecdc sinh v\u00e0 l\u00e0 m\u1ed9t k\u1ef7 v\u1eadt \u0111\u1ec3 l\u01b0u gi\u1eef l\u1ea1i nh\u1eefng k\u1ef7 ni\u1ec7m tuy\u1ec7t v\u1eddi c\u1ee7a tu\u1ed5i h\u1ecdc tr\u00f2.<\/p>\n","protected":false},"excerpt":{"rendered":"<p>\u00c1o k\u1ec9 ni\u1ec7m ra tr\u01b0\u1eddng l\u00e0 m\u1ed9t chi\u1ebfc \u00e1o \u0111\u1eb7c bi\u1ec7t \u0111\u01b0\u1ee3c thi\u1ebft k\u1ebf \u0111\u1ec3 k\u1ef7 ni\u1ec7m kho\u1ea3nh kh\u1eafc \u0111\u00e1ng<\/p>\n","protected":false},"featured_media":14140,"comment_status":"open","ping_status":"closed","template":"","meta":[],"product_cat":[42,32],"product_tag":[90,91,88,89],"class_list":{"0":"post-14139","1":"product","2":"type-product","3":"status-publish","4":"has-post-thumbnail","6":"product_cat-dong-phuc-hop-lop","7":"product_cat-dong-phuc-lop-truong-hoc","8":"product_tag-15-nam","9":"product_tag-dong-phuc-lop","10":"product_tag-dong-phuc-ra-truong","11":"product_tag-ki-niem-ra-truong","13":"first","14":"instock","15":"sale","16":"shipping-taxable","17":"purchasable","18":"product-type-simple"},"jetpack_sharing_enabled":true,"_links":{"self":[{"href":"https:\/\/tiemaocole.com\/index.php?rest_route=\/wp\/v3\/product\/14139","targetHints":{"allow":["GET"]}}],"collection":[{"href":"https:\/\/tiemaocole.com\/index.php?rest_route=\/wp\/v3\/product"}],"about":[{"href":"https:\/\/tiemaocole.com\/index.php?rest_route=\/wp\/v2\/types\/product"}],"replies":[{"embeddable":true,"href":"https:\/\/tiemaocole.com\/index.php?rest_route=%2Fwp%2Fv2%2Fcomments&post=14139"}],"version-history":[{"count":1,"href":"https:\/\/tiemaocole.com\/index.php?rest_route=\/wp\/v3\/product\/14139\/revisions"}],"predecessor-version":[{"id":14145,"href":"https:\/\/tiemaocole.com\/index.php?rest_route=\/wp\/v3\/product\/14139\/revisions\/14145"}],"wp:featuredmedia":[{"embeddable":true,"href":"https:\/\/tiemaocole.com\/index.php?rest_route=\/wp\/v2\/media\/14140"}],"wp:attachment":[{"href":"https:\/\/tiemaocole.com\/index.php?rest_route=%2Fwp%2Fv2%2Fmedia&parent=14139"}],"wp:term":[{"taxonomy":"product_cat","embeddable":true,"href":"https:\/\/tiemaocole.com\/index.php?rest_route=%2Fwp%2Fv2%2Fproduct_cat&post=14139"},{"taxonomy":"product_tag","embeddable":true,"href":"https:\/\/tiemaocole.com\/index.php?rest_route=%2Fwp%2Fv2%2Fproduct_tag&post=14139"}],"curies":[{"name":"wp","href":"https:\/\/api.w.org\/{rel}","templated":true}]}}