{"id":14249,"date":"2023-06-20T09:48:21","date_gmt":"2023-06-20T09:48:21","guid":{"rendered":"https:\/\/tiemaocole.com\/?post_type=product&#038;p=14249"},"modified":"2023-06-20T10:08:19","modified_gmt":"2023-06-20T10:08:19","slug":"ao-lop-sh1","status":"publish","type":"product","link":"https:\/\/tiemaocole.com\/?product=ao-lop-sh1","title":{"rendered":"\u00c1o l\u1edbp SH1"},"content":{"rendered":"<p>\u00c1o l\u1edbp m\u1ea7m non th\u01b0\u1eddng \u0111\u01b0\u1ee3c thi\u1ebft k\u1ebf \u0111\u01a1n gi\u1ea3n, d\u1ec5 m\u1eb7c v\u00e0 ph\u00f9 h\u1ee3p v\u1edbi tr\u1ebb nh\u1ecf. Ch\u1ea5t li\u1ec7u cotton \u0111\u1ea3m b\u1ea3o tho\u00e1ng m\u00e1t v\u00e0 kh\u00f4ng g\u00e2y k\u00edch \u1ee9ng da.<\/p>\n<p>\u00c1o l\u1edbp m\u1ea7m non th\u01b0\u1eddng c\u00f3 m\u00e0u s\u1eafc t\u01b0\u01a1i s\u00e1ng, \u0111a d\u1ea1ng v\u00e0 in h\u00ecnh ho\u1ea1t h\u00ecnh, c\u00f9ng v\u1edbi c\u00e1c h\u1ecda ti\u1ebft \u0111\u00e1ng y\u00eau nh\u01b0 hoa, tr\u00e1i c\u00e2y, \u0111\u1ed9ng v\u1eadt&#8230; \u0111\u1ec3 thu h\u00fat s\u1ef1 ch\u00fa \u00fd c\u1ee7a tr\u1ebb.<\/p>\n<p>\u0110\u1ec3 ph\u00f9 h\u1ee3p v\u1edbi c\u00e1c ho\u1ea1t \u0111\u1ed9ng c\u1ee7a tr\u1ebb nh\u1ecf, \u00e1o l\u1edbp m\u1ea7m non th\u01b0\u1eddng c\u00f3 ki\u1ec3u d\u00e1ng r\u1ed9ng r\u00e3i, tho\u1ea3i m\u00e1i, c\u00f3 c\u1ed5 tr\u00f2n ho\u1eb7c c\u1ed5 tim. Ngo\u00e0i ra, \u00e1o c\u00f2n c\u00f3 th\u1ec3 c\u00f3 n\u00fat c\u00e0i hay kh\u00f3a k\u00e9o \u0111\u1ec3 d\u1ec5 d\u00e0ng m\u1eb7c v\u00e0 th\u00e1o ra.<\/p>\n<div id=\"attachment_14252\" style=\"width: 2058px\" class=\"wp-caption aligncenter\"><img loading=\"lazy\" decoding=\"async\" aria-describedby=\"caption-attachment-14252\" class=\"size-full wp-image-14252\" src=\"https:\/\/tiemaocole.com\/wp-content\/uploads\/2023\/06\/z4432704043666_fa2677bc9b7b2c74949263b3a7668e54.jpg\" alt=\"\u00e1o l\u1edbp m\u1ea7m non\" width=\"2048\" height=\"956\" srcset=\"https:\/\/tiemaocole.com\/wp-content\/uploads\/2023\/06\/z4432704043666_fa2677bc9b7b2c74949263b3a7668e54.jpg 2048w, https:\/\/tiemaocole.com\/wp-content\/uploads\/2023\/06\/z4432704043666_fa2677bc9b7b2c74949263b3a7668e54-400x187.jpg 400w, https:\/\/tiemaocole.com\/wp-content\/uploads\/2023\/06\/z4432704043666_fa2677bc9b7b2c74949263b3a7668e54-1300x607.jpg 1300w, https:\/\/tiemaocole.com\/wp-content\/uploads\/2023\/06\/z4432704043666_fa2677bc9b7b2c74949263b3a7668e54-768x359.jpg 768w, https:\/\/tiemaocole.com\/wp-content\/uploads\/2023\/06\/z4432704043666_fa2677bc9b7b2c74949263b3a7668e54-1536x717.jpg 1536w, https:\/\/tiemaocole.com\/wp-content\/uploads\/2023\/06\/z4432704043666_fa2677bc9b7b2c74949263b3a7668e54-860x401.jpg 860w, https:\/\/tiemaocole.com\/wp-content\/uploads\/2023\/06\/z4432704043666_fa2677bc9b7b2c74949263b3a7668e54-430x201.jpg 430w, https:\/\/tiemaocole.com\/wp-content\/uploads\/2023\/06\/z4432704043666_fa2677bc9b7b2c74949263b3a7668e54-700x327.jpg 700w, https:\/\/tiemaocole.com\/wp-content\/uploads\/2023\/06\/z4432704043666_fa2677bc9b7b2c74949263b3a7668e54-150x70.jpg 150w\" sizes=\"auto, (max-width: 2048px) 100vw, 2048px\" \/><p id=\"caption-attachment-14252\" class=\"wp-caption-text\">\u00e1o l\u1edbp m\u1ea7m non<\/p><\/div>\n<p>T\u00f9y v\u00e0o y\u00eau c\u1ea7u c\u1ee7a tr\u01b0\u1eddng m\u1ea7m non, \u00e1o l\u1edbp m\u1ea7m non c\u00f3 th\u1ec3 \u0111\u01b0\u1ee3c in t\u00ean l\u1edbp, t\u00ean tr\u01b0\u1eddng ho\u1eb7c logo c\u1ee7a tr\u01b0\u1eddng \u0111\u1ec3 t\u1ea1o s\u1ef1 \u0111\u1ed3ng nh\u1ea5t v\u00e0 t\u0103ng t\u00ednh chuy\u00ean nghi\u1ec7p.<\/p>\n","protected":false},"excerpt":{"rendered":"<p>\u00c1o l\u1edbp m\u1ea7m non th\u01b0\u1eddng \u0111\u01b0\u1ee3c thi\u1ebft k\u1ebf \u0111\u01a1n gi\u1ea3n, d\u1ec5 m\u1eb7c v\u00e0 ph\u00f9 h\u1ee3p v\u1edbi tr\u1ebb nh\u1ecf. Ch\u1ea5t li\u1ec7u<\/p>\n","protected":false},"featured_media":14250,"comment_status":"open","ping_status":"closed","template":"","meta":[],"product_cat":[42,32],"product_tag":[107,91,106,75],"class_list":{"0":"post-14249","1":"product","2":"type-product","3":"status-publish","4":"has-post-thumbnail","6":"product_cat-dong-phuc-hop-lop","7":"product_cat-dong-phuc-lop-truong-hoc","8":"product_tag-dong-phuc","9":"product_tag-dong-phuc-lop","10":"product_tag-dong-phuc-mam-non","11":"product_tag-dong-phuc-nhom","13":"first","14":"instock","15":"sale","16":"shipping-taxable","17":"purchasable","18":"product-type-simple"},"jetpack_sharing_enabled":true,"_links":{"self":[{"href":"https:\/\/tiemaocole.com\/index.php?rest_route=\/wp\/v3\/product\/14249","targetHints":{"allow":["GET"]}}],"collection":[{"href":"https:\/\/tiemaocole.com\/index.php?rest_route=\/wp\/v3\/product"}],"about":[{"href":"https:\/\/tiemaocole.com\/index.php?rest_route=\/wp\/v2\/types\/product"}],"replies":[{"embeddable":true,"href":"https:\/\/tiemaocole.com\/index.php?rest_route=%2Fwp%2Fv2%2Fcomments&post=14249"}],"version-history":[{"count":1,"href":"https:\/\/tiemaocole.com\/index.php?rest_route=\/wp\/v3\/product\/14249\/revisions"}],"predecessor-version":[{"id":14255,"href":"https:\/\/tiemaocole.com\/index.php?rest_route=\/wp\/v3\/product\/14249\/revisions\/14255"}],"wp:featuredmedia":[{"embeddable":true,"href":"https:\/\/tiemaocole.com\/index.php?rest_route=\/wp\/v2\/media\/14250"}],"wp:attachment":[{"href":"https:\/\/tiemaocole.com\/index.php?rest_route=%2Fwp%2Fv2%2Fmedia&parent=14249"}],"wp:term":[{"taxonomy":"product_cat","embeddable":true,"href":"https:\/\/tiemaocole.com\/index.php?rest_route=%2Fwp%2Fv2%2Fproduct_cat&post=14249"},{"taxonomy":"product_tag","embeddable":true,"href":"https:\/\/tiemaocole.com\/index.php?rest_route=%2Fwp%2Fv2%2Fproduct_tag&post=14249"}],"curies":[{"name":"wp","href":"https:\/\/api.w.org\/{rel}","templated":true}]}}