{"id":14279,"date":"2023-11-02T08:01:41","date_gmt":"2023-11-02T08:01:41","guid":{"rendered":"https:\/\/tiemaocole.com\/?post_type=product&#038;p=14279"},"modified":"2023-11-02T08:10:11","modified_gmt":"2023-11-02T08:10:11","slug":"ao-lop-vector","status":"publish","type":"product","link":"https:\/\/tiemaocole.com\/?product=ao-lop-vector","title":{"rendered":"\u00c1o l\u1edbp Vector"},"content":{"rendered":"<div dir=\"auto\">\u00c1o l\u1edbp m\u00ecnh ghi g\u00ec cho ng\u1ea7u \u1ea1???<\/div>\n<div dir=\"auto\">Nh\u00e0 C\u1edd L\u00ea kh\u00f4ng m\u1eabu \u0111\u1ed9c l\u1ea1 n\u00e0o m\u00e0 k c\u00f3 \u1ea1<span class=\"x3nfvp2 x1j61x8r x1fcty0u xdj266r xhhsvwb xat24cr xgzva0m xxymvpz xlup9mm x1kky2od\"><img loading=\"lazy\" decoding=\"async\" class=\"xz74otr\" src=\"https:\/\/static.xx.fbcdn.net\/images\/emoji.php\/v9\/tf1\/2\/16\/1f923.png\" alt=\"\ud83e\udd23\" width=\"16\" height=\"16\" \/><\/span><\/div>\n<div dir=\"auto\">&#8212;&#8212;-<\/div>\n<div dir=\"auto\">Ti\u1ec7m \u00e1o C\u1edd L\u00ea<\/div>\n<div dir=\"auto\">Kh\u01b0\u01a1ng \u0110\u00ecnh &#8211; Thanh Xu\u00e2n &#8211; H\u00e0 N\u1ed9i.<\/div>\n<div dir=\"auto\">&#8212;&#8212;-<\/div>\n<div dir=\"auto\">Hotline &#8211; Zalo<\/div>\n<div dir=\"auto\">0866277668<\/div>\n<div dir=\"auto\">&#8212;&#8212;-<\/div>\n","protected":false},"excerpt":{"rendered":"<p>\u00c1o l\u1edbp m\u00ecnh ghi g\u00ec cho ng\u1ea7u \u1ea1??? Nh\u00e0 C\u1edd L\u00ea kh\u00f4ng m\u1eabu \u0111\u1ed9c l\u1ea1 n\u00e0o m\u00e0 k c\u00f3 \u1ea1<\/p>\n","protected":false},"featured_media":14280,"comment_status":"open","ping_status":"closed","template":"","meta":[],"product_cat":[32],"product_tag":[110,78,91],"class_list":{"0":"post-14279","1":"product","2":"type-product","3":"status-publish","4":"has-post-thumbnail","6":"product_cat-dong-phuc-lop-truong-hoc","7":"product_tag-ao-lop","8":"product_tag-ao-polo","9":"product_tag-dong-phuc-lop","11":"first","12":"instock","13":"sale","14":"shipping-taxable","15":"purchasable","16":"product-type-simple"},"jetpack_sharing_enabled":true,"_links":{"self":[{"href":"https:\/\/tiemaocole.com\/index.php?rest_route=\/wp\/v3\/product\/14279","targetHints":{"allow":["GET"]}}],"collection":[{"href":"https:\/\/tiemaocole.com\/index.php?rest_route=\/wp\/v3\/product"}],"about":[{"href":"https:\/\/tiemaocole.com\/index.php?rest_route=\/wp\/v2\/types\/product"}],"replies":[{"embeddable":true,"href":"https:\/\/tiemaocole.com\/index.php?rest_route=%2Fwp%2Fv2%2Fcomments&post=14279"}],"version-history":[{"count":1,"href":"https:\/\/tiemaocole.com\/index.php?rest_route=\/wp\/v3\/product\/14279\/revisions"}],"predecessor-version":[{"id":14282,"href":"https:\/\/tiemaocole.com\/index.php?rest_route=\/wp\/v3\/product\/14279\/revisions\/14282"}],"wp:featuredmedia":[{"embeddable":true,"href":"https:\/\/tiemaocole.com\/index.php?rest_route=\/wp\/v2\/media\/14280"}],"wp:attachment":[{"href":"https:\/\/tiemaocole.com\/index.php?rest_route=%2Fwp%2Fv2%2Fmedia&parent=14279"}],"wp:term":[{"taxonomy":"product_cat","embeddable":true,"href":"https:\/\/tiemaocole.com\/index.php?rest_route=%2Fwp%2Fv2%2Fproduct_cat&post=14279"},{"taxonomy":"product_tag","embeddable":true,"href":"https:\/\/tiemaocole.com\/index.php?rest_route=%2Fwp%2Fv2%2Fproduct_tag&post=14279"}],"curies":[{"name":"wp","href":"https:\/\/api.w.org\/{rel}","templated":true}]}}