{"id":14289,"date":"2023-11-02T08:14:38","date_gmt":"2023-11-02T08:14:38","guid":{"rendered":"https:\/\/tiemaocole.com\/?post_type=product&#038;p=14289"},"modified":"2023-11-02T08:19:09","modified_gmt":"2023-11-02T08:19:09","slug":"ao-lop-team-co-giao-thao","status":"publish","type":"product","link":"https:\/\/tiemaocole.com\/?product=ao-lop-team-co-giao-thao","title":{"rendered":"\u00c1o l\u1edbp Team c\u00f4 gi\u00e1o Th\u1ea3o"},"content":{"rendered":"<div dir=\"auto\">\u00c1o l\u1edbp m\u00ecnh ghi g\u00ec cho ng\u1ea7u \u1ea1???<\/div>\n<div dir=\"auto\">Nh\u00e0 C\u1edd L\u00ea kh\u00f4ng m\u1eabu \u0111\u1ed9c l\u1ea1 n\u00e0o m\u00e0 k c\u00f3 \u1ea1<span class=\"x3nfvp2 x1j61x8r x1fcty0u xdj266r xhhsvwb xat24cr xgzva0m xxymvpz xlup9mm x1kky2od\"><img loading=\"lazy\" decoding=\"async\" class=\"xz74otr\" src=\"https:\/\/static.xx.fbcdn.net\/images\/emoji.php\/v9\/tf1\/2\/16\/1f923.png\" alt=\"\ud83e\udd23\" width=\"16\" height=\"16\" \/><\/span><\/div>\n<div dir=\"auto\">&#8212;&#8212;-<\/div>\n<div dir=\"auto\">Ti\u1ec7m \u00e1o C\u1edd L\u00ea<\/div>\n<div dir=\"auto\">Kh\u01b0\u01a1ng \u0110\u00ecnh &#8211; Thanh Xu\u00e2n &#8211; H\u00e0 N\u1ed9i.<\/div>\n<div dir=\"auto\">&#8212;&#8212;-<\/div>\n<div dir=\"auto\">Hotline &#8211; Zalo<\/div>\n<div dir=\"auto\">0866277668<\/div>\n<div dir=\"auto\">&#8212;&#8212;-<\/div>\n<div dir=\"auto\">Chuy\u00ean \u00e1o \u0111\u1ed3ng ph\u1ee5c- \u00e1o l\u1edbp &#8211; \u00e1o nh\u00f3m &#8211; \u00e1o in theo y\u00eau c\u1ea7u<\/div>\n<div dir=\"auto\"><a class=\"x1i10hfl xjbqb8w x6umtig x1b1mbwd xaqea5y xav7gou x9f619 x1ypdohk xt0psk2 xe8uvvx xdj266r x11i5rnm xat24cr x1mh8g0r xexx8yu x4uap5 x18d9i69 xkhd6sd x16tdsg8 x1hl2dhg xggy1nq x1a2a7pz xt0b8zv x1qq9wsj xo1l8bm\" tabindex=\"0\" role=\"link\" href=\"https:\/\/www.facebook.com\/hashtag\/aolop?__eep__=6&amp;__cft__[0]=AZWqvUuV7N9PsT3_25xlkQRR6S-OAQgIsaB4Gtg-Eu4-94O3YdH1FAsZqcsYeYLaHO14xIIQ92boGo727bP2CNlsxdPeRPbNe8bWakrgMWfu_Q-VXy4S_JxeVnH-XAq-GWgpEPOoBBgnf3KuDg7umbP7mRhxSD5-d5YAgo6nnP-vJNlgD_wJ6hBPNYSqvX-xmO4&amp;__tn__=*NK-R\">#aolop<\/a> <a class=\"x1i10hfl xjbqb8w x6umtig x1b1mbwd xaqea5y xav7gou x9f619 x1ypdohk xt0psk2 xe8uvvx xdj266r x11i5rnm xat24cr x1mh8g0r xexx8yu x4uap5 x18d9i69 xkhd6sd x16tdsg8 x1hl2dhg xggy1nq x1a2a7pz xt0b8zv x1qq9wsj xo1l8bm\" tabindex=\"0\" role=\"link\" href=\"https:\/\/www.facebook.com\/hashtag\/aogiadinh?__eep__=6&amp;__cft__[0]=AZWqvUuV7N9PsT3_25xlkQRR6S-OAQgIsaB4Gtg-Eu4-94O3YdH1FAsZqcsYeYLaHO14xIIQ92boGo727bP2CNlsxdPeRPbNe8bWakrgMWfu_Q-VXy4S_JxeVnH-XAq-GWgpEPOoBBgnf3KuDg7umbP7mRhxSD5-d5YAgo6nnP-vJNlgD_wJ6hBPNYSqvX-xmO4&amp;__tn__=*NK-R\">#aogiadinh<\/a> <a class=\"x1i10hfl xjbqb8w x6umtig x1b1mbwd xaqea5y xav7gou x9f619 x1ypdohk xt0psk2 xe8uvvx xdj266r x11i5rnm xat24cr x1mh8g0r xexx8yu x4uap5 x18d9i69 xkhd6sd x16tdsg8 x1hl2dhg xggy1nq x1a2a7pz xt0b8zv x1qq9wsj xo1l8bm\" tabindex=\"0\" role=\"link\" href=\"https:\/\/www.facebook.com\/hashtag\/aointheotheoyeucau?__eep__=6&amp;__cft__[0]=AZWqvUuV7N9PsT3_25xlkQRR6S-OAQgIsaB4Gtg-Eu4-94O3YdH1FAsZqcsYeYLaHO14xIIQ92boGo727bP2CNlsxdPeRPbNe8bWakrgMWfu_Q-VXy4S_JxeVnH-XAq-GWgpEPOoBBgnf3KuDg7umbP7mRhxSD5-d5YAgo6nnP-vJNlgD_wJ6hBPNYSqvX-xmO4&amp;__tn__=*NK-R\">#aointheotheoyeucau<\/a> <a class=\"x1i10hfl xjbqb8w x6umtig x1b1mbwd xaqea5y xav7gou x9f619 x1ypdohk xt0psk2 xe8uvvx xdj266r x11i5rnm xat24cr x1mh8g0r xexx8yu x4uap5 x18d9i69 xkhd6sd x16tdsg8 x1hl2dhg xggy1nq x1a2a7pz xt0b8zv x1qq9wsj xo1l8bm\" tabindex=\"0\" role=\"link\" href=\"https:\/\/www.facebook.com\/hashtag\/aonhom?__eep__=6&amp;__cft__[0]=AZWqvUuV7N9PsT3_25xlkQRR6S-OAQgIsaB4Gtg-Eu4-94O3YdH1FAsZqcsYeYLaHO14xIIQ92boGo727bP2CNlsxdPeRPbNe8bWakrgMWfu_Q-VXy4S_JxeVnH-XAq-GWgpEPOoBBgnf3KuDg7umbP7mRhxSD5-d5YAgo6nnP-vJNlgD_wJ6hBPNYSqvX-xmO4&amp;__tn__=*NK-R\">#aonhom<\/a><\/div>\n","protected":false},"excerpt":{"rendered":"<p>\u00c1o l\u1edbp m\u00ecnh ghi g\u00ec cho ng\u1ea7u \u1ea1??? Nh\u00e0 C\u1edd L\u00ea kh\u00f4ng m\u1eabu \u0111\u1ed9c l\u1ea1 n\u00e0o m\u00e0 k c\u00f3 \u1ea1<\/p>\n","protected":false},"featured_media":14290,"comment_status":"open","ping_status":"closed","template":"","meta":[],"product_cat":[32],"product_tag":[76,113,112,114],"class_list":{"0":"post-14289","1":"product","2":"type-product","3":"status-publish","4":"has-post-thumbnail","6":"product_cat-dong-phuc-lop-truong-hoc","7":"product_tag-ao-nhom","8":"product_tag-aogiadinh","9":"product_tag-aolop","10":"product_tag-aonhom","12":"first","13":"instock","14":"sale","15":"shipping-taxable","16":"purchasable","17":"product-type-simple"},"jetpack_sharing_enabled":true,"_links":{"self":[{"href":"https:\/\/tiemaocole.com\/index.php?rest_route=\/wp\/v3\/product\/14289","targetHints":{"allow":["GET"]}}],"collection":[{"href":"https:\/\/tiemaocole.com\/index.php?rest_route=\/wp\/v3\/product"}],"about":[{"href":"https:\/\/tiemaocole.com\/index.php?rest_route=\/wp\/v2\/types\/product"}],"replies":[{"embeddable":true,"href":"https:\/\/tiemaocole.com\/index.php?rest_route=%2Fwp%2Fv2%2Fcomments&post=14289"}],"version-history":[{"count":1,"href":"https:\/\/tiemaocole.com\/index.php?rest_route=\/wp\/v3\/product\/14289\/revisions"}],"predecessor-version":[{"id":14293,"href":"https:\/\/tiemaocole.com\/index.php?rest_route=\/wp\/v3\/product\/14289\/revisions\/14293"}],"wp:featuredmedia":[{"embeddable":true,"href":"https:\/\/tiemaocole.com\/index.php?rest_route=\/wp\/v2\/media\/14290"}],"wp:attachment":[{"href":"https:\/\/tiemaocole.com\/index.php?rest_route=%2Fwp%2Fv2%2Fmedia&parent=14289"}],"wp:term":[{"taxonomy":"product_cat","embeddable":true,"href":"https:\/\/tiemaocole.com\/index.php?rest_route=%2Fwp%2Fv2%2Fproduct_cat&post=14289"},{"taxonomy":"product_tag","embeddable":true,"href":"https:\/\/tiemaocole.com\/index.php?rest_route=%2Fwp%2Fv2%2Fproduct_tag&post=14289"}],"curies":[{"name":"wp","href":"https:\/\/api.w.org\/{rel}","templated":true}]}}