{"id":14306,"date":"2023-11-02T10:18:04","date_gmt":"2023-11-02T10:18:04","guid":{"rendered":"https:\/\/tiemaocole.com\/?post_type=product&#038;p=14306"},"modified":"2023-11-18T03:34:20","modified_gmt":"2023-11-18T03:34:20","slug":"sweater-gia-dinh-chibi-sunny","status":"publish","type":"product","link":"https:\/\/tiemaocole.com\/?product=sweater-gia-dinh-chibi-sunny","title":{"rendered":"Sweater gia \u0111\u00ecnh Chibi Sunny"},"content":{"rendered":"<div dir=\"auto\">T\u00f4ng \u0110\u00f4 \u1ea5m \u00e1p! V\u1edbi thi\u1ebft k\u1ebf chibi Cute v\u00e0 theo t\u00ean ri\u00eang th\u00e0nh vi\u00ean trong gia \u0111\u00ecnh. Ch\u1ea5t li\u1ec7u N\u1ec9 da c\u00e1 m\u1eb7c \u0111\u01b0\u1ee3c tho\u1ea3i m\u00e1i trong ti\u1ebft tr\u00f2i h\u01a1i se l\u1ea1nh n\u00e0y <span class=\"x3nfvp2 x1j61x8r x1fcty0u xdj266r xhhsvwb xat24cr xgzva0m xxymvpz xlup9mm x1kky2od\"><img loading=\"lazy\" decoding=\"async\" class=\"xz74otr\" src=\"https:\/\/static.xx.fbcdn.net\/images\/emoji.php\/v9\/t2d\/2\/16\/2665.png\" alt=\"\u2665\ufe0f\" width=\"16\" height=\"16\" \/><\/span><span class=\"x3nfvp2 x1j61x8r x1fcty0u xdj266r xhhsvwb xat24cr xgzva0m xxymvpz xlup9mm x1kky2od\"><img loading=\"lazy\" decoding=\"async\" class=\"xz74otr\" src=\"https:\/\/static.xx.fbcdn.net\/images\/emoji.php\/v9\/t2d\/2\/16\/2665.png\" alt=\"\u2665\ufe0f\" width=\"16\" height=\"16\" \/><\/span><\/div>\n<div dir=\"auto\">M\u00e0u s\u1ee9c m\u1eb7c ch\u1ee5p \u1ea3nh gia \u0111\u00ecnh c\u1ef1c n\u1ed5i b\u1eadt!<\/div>\n<div dir=\"auto\">&#8212;<\/div>\n<div dir=\"auto\">Fullsize 5-110kg<\/div>\n<div dir=\"auto\">Mi\u1ec5n ph\u00ed thi\u1ebft k\u1ebf<\/div>\n<div dir=\"auto\">Ship h\u00e0ng to\u00e0n qu\u1ed1c<\/div>\n<div dir=\"auto\">&#8212;<\/div>\n<div dir=\"auto\">Ti\u1ec7m \u00e1o C\u1edd L\u00ea<\/div>\n<div dir=\"auto\">162 Kh\u01b0\u01a1ng \u0110\u00ecnh , H\u00e0 N\u1ed9i<\/div>\n","protected":false},"excerpt":{"rendered":"<p>T\u00f4ng \u0110\u00f4 \u1ea5m \u00e1p! V\u1edbi thi\u1ebft k\u1ebf chibi Cute v\u00e0 theo t\u00ean ri\u00eang th\u00e0nh vi\u00ean trong gia \u0111\u00ecnh. Ch\u1ea5t li\u1ec7u<\/p>\n","protected":false},"featured_media":14309,"comment_status":"open","ping_status":"closed","template":"","meta":[],"product_cat":[115,20],"product_tag":[118,117,116],"class_list":{"0":"post-14306","1":"product","2":"type-product","3":"status-publish","4":"has-post-thumbnail","6":"product_cat-ao-ni-sweater-hoodie","7":"product_cat-dong-phuc-gia-dinh","8":"product_tag-ao-ni","9":"product_tag-hoodie","10":"product_tag-sweater","12":"first","13":"instock","14":"sale","15":"shipping-taxable","16":"purchasable","17":"product-type-simple"},"jetpack_sharing_enabled":true,"_links":{"self":[{"href":"https:\/\/tiemaocole.com\/index.php?rest_route=\/wp\/v3\/product\/14306","targetHints":{"allow":["GET"]}}],"collection":[{"href":"https:\/\/tiemaocole.com\/index.php?rest_route=\/wp\/v3\/product"}],"about":[{"href":"https:\/\/tiemaocole.com\/index.php?rest_route=\/wp\/v2\/types\/product"}],"replies":[{"embeddable":true,"href":"https:\/\/tiemaocole.com\/index.php?rest_route=%2Fwp%2Fv2%2Fcomments&post=14306"}],"version-history":[{"count":1,"href":"https:\/\/tiemaocole.com\/index.php?rest_route=\/wp\/v3\/product\/14306\/revisions"}],"predecessor-version":[{"id":14312,"href":"https:\/\/tiemaocole.com\/index.php?rest_route=\/wp\/v3\/product\/14306\/revisions\/14312"}],"wp:featuredmedia":[{"embeddable":true,"href":"https:\/\/tiemaocole.com\/index.php?rest_route=\/wp\/v2\/media\/14309"}],"wp:attachment":[{"href":"https:\/\/tiemaocole.com\/index.php?rest_route=%2Fwp%2Fv2%2Fmedia&parent=14306"}],"wp:term":[{"taxonomy":"product_cat","embeddable":true,"href":"https:\/\/tiemaocole.com\/index.php?rest_route=%2Fwp%2Fv2%2Fproduct_cat&post=14306"},{"taxonomy":"product_tag","embeddable":true,"href":"https:\/\/tiemaocole.com\/index.php?rest_route=%2Fwp%2Fv2%2Fproduct_tag&post=14306"}],"curies":[{"name":"wp","href":"https:\/\/api.w.org\/{rel}","templated":true}]}}