{"id":14428,"date":"2024-08-03T03:38:05","date_gmt":"2024-08-03T03:38:05","guid":{"rendered":"https:\/\/tiemaocole.com\/?post_type=product&#038;p=14428"},"modified":"2024-08-03T03:47:16","modified_gmt":"2024-08-03T03:47:16","slug":"bo-suu-tap-ao-lop-cuc-chat","status":"publish","type":"product","link":"https:\/\/tiemaocole.com\/?product=bo-suu-tap-ao-lop-cuc-chat","title":{"rendered":"B\u1ed9 S\u01b0u T\u1eadp \u00c1o L\u1edbp C\u1ef1c Ch\u1ea5t"},"content":{"rendered":"<div id=\"attachment_14424\" style=\"width: 1610px\" class=\"wp-caption aligncenter\"><img loading=\"lazy\" decoding=\"async\" aria-describedby=\"caption-attachment-14424\" class=\"size-full wp-image-14424\" src=\"https:\/\/tiemaocole.com\/wp-content\/uploads\/2024\/08\/ao-lopp.png\" alt=\"\u00c1o l\u1edbp \u00d4ng b\u00e0 gi\u00e0 lo h\u1ebft\" width=\"1600\" height=\"1267\" srcset=\"https:\/\/tiemaocole.com\/wp-content\/uploads\/2024\/08\/ao-lopp.png 1600w, https:\/\/tiemaocole.com\/wp-content\/uploads\/2024\/08\/ao-lopp-379x300.png 379w, https:\/\/tiemaocole.com\/wp-content\/uploads\/2024\/08\/ao-lopp-1010x800.png 1010w, https:\/\/tiemaocole.com\/wp-content\/uploads\/2024\/08\/ao-lopp-768x608.png 768w, https:\/\/tiemaocole.com\/wp-content\/uploads\/2024\/08\/ao-lopp-1536x1216.png 1536w, https:\/\/tiemaocole.com\/wp-content\/uploads\/2024\/08\/ao-lopp-860x681.png 860w, https:\/\/tiemaocole.com\/wp-content\/uploads\/2024\/08\/ao-lopp-430x341.png 430w, https:\/\/tiemaocole.com\/wp-content\/uploads\/2024\/08\/ao-lopp-700x554.png 700w, https:\/\/tiemaocole.com\/wp-content\/uploads\/2024\/08\/ao-lopp-150x119.png 150w\" sizes=\"auto, (max-width: 1600px) 100vw, 1600px\" \/><p id=\"caption-attachment-14424\" class=\"wp-caption-text\">\u00c1o l\u1edbp \u00d4ng b\u00e0 gi\u00e0 lo h\u1ebft<\/p><\/div>\n<div id=\"attachment_14423\" style=\"width: 1610px\" class=\"wp-caption aligncenter\"><img loading=\"lazy\" decoding=\"async\" aria-describedby=\"caption-attachment-14423\" class=\"size-full wp-image-14423\" src=\"https:\/\/tiemaocole.com\/wp-content\/uploads\/2024\/08\/1.png\" alt=\"\u00c1o l\u1edbp D\u00e2n ch\u01a1i 9A b\u1ecf xa t\u1ea5t c\u1ea3\" width=\"1600\" height=\"1267\" srcset=\"https:\/\/tiemaocole.com\/wp-content\/uploads\/2024\/08\/1.png 1600w, https:\/\/tiemaocole.com\/wp-content\/uploads\/2024\/08\/1-379x300.png 379w, https:\/\/tiemaocole.com\/wp-content\/uploads\/2024\/08\/1-1010x800.png 1010w, https:\/\/tiemaocole.com\/wp-content\/uploads\/2024\/08\/1-768x608.png 768w, https:\/\/tiemaocole.com\/wp-content\/uploads\/2024\/08\/1-1536x1216.png 1536w, https:\/\/tiemaocole.com\/wp-content\/uploads\/2024\/08\/1-860x681.png 860w, https:\/\/tiemaocole.com\/wp-content\/uploads\/2024\/08\/1-430x341.png 430w, https:\/\/tiemaocole.com\/wp-content\/uploads\/2024\/08\/1-700x554.png 700w, https:\/\/tiemaocole.com\/wp-content\/uploads\/2024\/08\/1-150x119.png 150w\" sizes=\"auto, (max-width: 1600px) 100vw, 1600px\" \/><p id=\"caption-attachment-14423\" class=\"wp-caption-text\">\u00c1o l\u1edbp D\u00e2n ch\u01a1i 9A b\u1ecf xa t\u1ea5t c\u1ea3<\/p><\/div>\n<div id=\"attachment_14422\" style=\"width: 1610px\" class=\"wp-caption aligncenter\"><img loading=\"lazy\" decoding=\"async\" aria-describedby=\"caption-attachment-14422\" class=\"size-full wp-image-14422\" src=\"https:\/\/tiemaocole.com\/wp-content\/uploads\/2024\/08\/2.png\" alt=\"\u00c1o l\u1edbp tu\u1ed5i chu\u1ed9t \u0111\u00e1ng y\u00eau\" width=\"1600\" height=\"1267\" srcset=\"https:\/\/tiemaocole.com\/wp-content\/uploads\/2024\/08\/2.png 1600w, https:\/\/tiemaocole.com\/wp-content\/uploads\/2024\/08\/2-379x300.png 379w, https:\/\/tiemaocole.com\/wp-content\/uploads\/2024\/08\/2-1010x800.png 1010w, https:\/\/tiemaocole.com\/wp-content\/uploads\/2024\/08\/2-768x608.png 768w, https:\/\/tiemaocole.com\/wp-content\/uploads\/2024\/08\/2-1536x1216.png 1536w, https:\/\/tiemaocole.com\/wp-content\/uploads\/2024\/08\/2-860x681.png 860w, https:\/\/tiemaocole.com\/wp-content\/uploads\/2024\/08\/2-430x341.png 430w, https:\/\/tiemaocole.com\/wp-content\/uploads\/2024\/08\/2-700x554.png 700w, https:\/\/tiemaocole.com\/wp-content\/uploads\/2024\/08\/2-150x119.png 150w\" sizes=\"auto, (max-width: 1600px) 100vw, 1600px\" \/><p id=\"caption-attachment-14422\" class=\"wp-caption-text\">\u00c1o l\u1edbp tu\u1ed5i chu\u1ed9t \u0111\u00e1ng y\u00eau<\/p><\/div>\n<div id=\"attachment_14421\" style=\"width: 1610px\" class=\"wp-caption aligncenter\"><img loading=\"lazy\" decoding=\"async\" aria-describedby=\"caption-attachment-14421\" class=\"size-full wp-image-14421\" src=\"https:\/\/tiemaocole.com\/wp-content\/uploads\/2024\/08\/3.png\" alt=\"\u00c1o L\u1edbp Ch\u1ec9 c\u00f3 th\u1ec3 l\u00e0 D1\" width=\"1600\" height=\"1267\" srcset=\"https:\/\/tiemaocole.com\/wp-content\/uploads\/2024\/08\/3.png 1600w, https:\/\/tiemaocole.com\/wp-content\/uploads\/2024\/08\/3-379x300.png 379w, https:\/\/tiemaocole.com\/wp-content\/uploads\/2024\/08\/3-1010x800.png 1010w, https:\/\/tiemaocole.com\/wp-content\/uploads\/2024\/08\/3-768x608.png 768w, https:\/\/tiemaocole.com\/wp-content\/uploads\/2024\/08\/3-1536x1216.png 1536w, https:\/\/tiemaocole.com\/wp-content\/uploads\/2024\/08\/3-860x681.png 860w, https:\/\/tiemaocole.com\/wp-content\/uploads\/2024\/08\/3-430x341.png 430w, https:\/\/tiemaocole.com\/wp-content\/uploads\/2024\/08\/3-700x554.png 700w, https:\/\/tiemaocole.com\/wp-content\/uploads\/2024\/08\/3-150x119.png 150w\" sizes=\"auto, (max-width: 1600px) 100vw, 1600px\" \/><p id=\"caption-attachment-14421\" class=\"wp-caption-text\">\u00c1o L\u1edbp Ch\u1ec9 c\u00f3 th\u1ec3 l\u00e0 D1<\/p><\/div>\n<div id=\"attachment_14420\" style=\"width: 1610px\" class=\"wp-caption aligncenter\"><img loading=\"lazy\" decoding=\"async\" aria-describedby=\"caption-attachment-14420\" class=\"size-full wp-image-14420\" src=\"https:\/\/tiemaocole.com\/wp-content\/uploads\/2024\/08\/44.png\" alt=\"\u00c1o l\u1edbp Tu\u1ed5i tr\u00e2u cute\" width=\"1600\" height=\"1267\" srcset=\"https:\/\/tiemaocole.com\/wp-content\/uploads\/2024\/08\/44.png 1600w, https:\/\/tiemaocole.com\/wp-content\/uploads\/2024\/08\/44-379x300.png 379w, https:\/\/tiemaocole.com\/wp-content\/uploads\/2024\/08\/44-1010x800.png 1010w, https:\/\/tiemaocole.com\/wp-content\/uploads\/2024\/08\/44-768x608.png 768w, https:\/\/tiemaocole.com\/wp-content\/uploads\/2024\/08\/44-1536x1216.png 1536w, https:\/\/tiemaocole.com\/wp-content\/uploads\/2024\/08\/44-860x681.png 860w, https:\/\/tiemaocole.com\/wp-content\/uploads\/2024\/08\/44-430x341.png 430w, https:\/\/tiemaocole.com\/wp-content\/uploads\/2024\/08\/44-700x554.png 700w, https:\/\/tiemaocole.com\/wp-content\/uploads\/2024\/08\/44-150x119.png 150w\" sizes=\"auto, (max-width: 1600px) 100vw, 1600px\" \/><p id=\"caption-attachment-14420\" class=\"wp-caption-text\">\u00c1o l\u1edbp Tu\u1ed5i tr\u00e2u cute<\/p><\/div>\n<div id=\"attachment_14419\" style=\"width: 1610px\" class=\"wp-caption aligncenter\"><img loading=\"lazy\" decoding=\"async\" aria-describedby=\"caption-attachment-14419\" class=\"size-full wp-image-14419\" src=\"https:\/\/tiemaocole.com\/wp-content\/uploads\/2024\/08\/5.png\" alt=\"\u00c1o l\u1edbp &quot; L\u1edbp ch\u00fang ta l\u00e0 m\u1ed9t gia \u0111\u00ecnh &quot;\" width=\"1600\" height=\"1267\" srcset=\"https:\/\/tiemaocole.com\/wp-content\/uploads\/2024\/08\/5.png 1600w, https:\/\/tiemaocole.com\/wp-content\/uploads\/2024\/08\/5-379x300.png 379w, https:\/\/tiemaocole.com\/wp-content\/uploads\/2024\/08\/5-1010x800.png 1010w, https:\/\/tiemaocole.com\/wp-content\/uploads\/2024\/08\/5-768x608.png 768w, https:\/\/tiemaocole.com\/wp-content\/uploads\/2024\/08\/5-1536x1216.png 1536w, https:\/\/tiemaocole.com\/wp-content\/uploads\/2024\/08\/5-860x681.png 860w, https:\/\/tiemaocole.com\/wp-content\/uploads\/2024\/08\/5-430x341.png 430w, https:\/\/tiemaocole.com\/wp-content\/uploads\/2024\/08\/5-700x554.png 700w, https:\/\/tiemaocole.com\/wp-content\/uploads\/2024\/08\/5-150x119.png 150w\" sizes=\"auto, (max-width: 1600px) 100vw, 1600px\" \/><p id=\"caption-attachment-14419\" class=\"wp-caption-text\">\u00c1o l\u1edbp &#8221; L\u1edbp ch\u00fang ta l\u00e0 m\u1ed9t gia \u0111\u00ecnh &#8220;<\/p><\/div>\n<div id=\"attachment_14418\" style=\"width: 1610px\" class=\"wp-caption aligncenter\"><img loading=\"lazy\" decoding=\"async\" aria-describedby=\"caption-attachment-14418\" class=\"size-full wp-image-14418\" src=\"https:\/\/tiemaocole.com\/wp-content\/uploads\/2024\/08\/6.png\" alt=\"\u00c1o l\u1edbp \u0103n ch\u01a1i ph\u1ea3i c\u00f3 \u0111\u1ed3ng b\u1ecdn\" width=\"1600\" height=\"1267\" srcset=\"https:\/\/tiemaocole.com\/wp-content\/uploads\/2024\/08\/6.png 1600w, https:\/\/tiemaocole.com\/wp-content\/uploads\/2024\/08\/6-379x300.png 379w, https:\/\/tiemaocole.com\/wp-content\/uploads\/2024\/08\/6-1010x800.png 1010w, https:\/\/tiemaocole.com\/wp-content\/uploads\/2024\/08\/6-768x608.png 768w, https:\/\/tiemaocole.com\/wp-content\/uploads\/2024\/08\/6-1536x1216.png 1536w, https:\/\/tiemaocole.com\/wp-content\/uploads\/2024\/08\/6-860x681.png 860w, https:\/\/tiemaocole.com\/wp-content\/uploads\/2024\/08\/6-430x341.png 430w, https:\/\/tiemaocole.com\/wp-content\/uploads\/2024\/08\/6-700x554.png 700w, https:\/\/tiemaocole.com\/wp-content\/uploads\/2024\/08\/6-150x119.png 150w\" sizes=\"auto, (max-width: 1600px) 100vw, 1600px\" \/><p id=\"caption-attachment-14418\" class=\"wp-caption-text\">\u00c1o l\u1edbp \u0103n ch\u01a1i ph\u1ea3i c\u00f3 \u0111\u1ed3ng b\u1ecdn<\/p><\/div>\n<div id=\"attachment_14417\" style=\"width: 1610px\" class=\"wp-caption aligncenter\"><img loading=\"lazy\" decoding=\"async\" aria-describedby=\"caption-attachment-14417\" class=\"size-full wp-image-14417\" src=\"https:\/\/tiemaocole.com\/wp-content\/uploads\/2024\/08\/7.png\" alt=\"\u00c1o l\u1edbp m\u1ecdi th\u1ee9 n\u00ean c\u00f3 gi\u1edbi h\u1ea1n\" width=\"1600\" height=\"1267\" srcset=\"https:\/\/tiemaocole.com\/wp-content\/uploads\/2024\/08\/7.png 1600w, https:\/\/tiemaocole.com\/wp-content\/uploads\/2024\/08\/7-379x300.png 379w, https:\/\/tiemaocole.com\/wp-content\/uploads\/2024\/08\/7-1010x800.png 1010w, https:\/\/tiemaocole.com\/wp-content\/uploads\/2024\/08\/7-768x608.png 768w, https:\/\/tiemaocole.com\/wp-content\/uploads\/2024\/08\/7-1536x1216.png 1536w, https:\/\/tiemaocole.com\/wp-content\/uploads\/2024\/08\/7-860x681.png 860w, https:\/\/tiemaocole.com\/wp-content\/uploads\/2024\/08\/7-430x341.png 430w, https:\/\/tiemaocole.com\/wp-content\/uploads\/2024\/08\/7-700x554.png 700w, https:\/\/tiemaocole.com\/wp-content\/uploads\/2024\/08\/7-150x119.png 150w\" sizes=\"auto, (max-width: 1600px) 100vw, 1600px\" \/><p id=\"caption-attachment-14417\" class=\"wp-caption-text\">\u00c1o l\u1edbp m\u1ecdi th\u1ee9 n\u00ean c\u00f3 gi\u1edbi h\u1ea1n<\/p><\/div>\n<div id=\"attachment_14416\" style=\"width: 1610px\" class=\"wp-caption aligncenter\"><img loading=\"lazy\" decoding=\"async\" aria-describedby=\"caption-attachment-14416\" class=\"size-full wp-image-14416\" src=\"https:\/\/tiemaocole.com\/wp-content\/uploads\/2024\/08\/8.png\" alt=\"\u00c1o l\u1edbp Tu\u1ed5i con gi\u00e1p \u0111\u00e1ng y\u00eau\" width=\"1600\" height=\"1267\" srcset=\"https:\/\/tiemaocole.com\/wp-content\/uploads\/2024\/08\/8.png 1600w, https:\/\/tiemaocole.com\/wp-content\/uploads\/2024\/08\/8-379x300.png 379w, https:\/\/tiemaocole.com\/wp-content\/uploads\/2024\/08\/8-1010x800.png 1010w, https:\/\/tiemaocole.com\/wp-content\/uploads\/2024\/08\/8-768x608.png 768w, https:\/\/tiemaocole.com\/wp-content\/uploads\/2024\/08\/8-1536x1216.png 1536w, https:\/\/tiemaocole.com\/wp-content\/uploads\/2024\/08\/8-860x681.png 860w, https:\/\/tiemaocole.com\/wp-content\/uploads\/2024\/08\/8-430x341.png 430w, https:\/\/tiemaocole.com\/wp-content\/uploads\/2024\/08\/8-700x554.png 700w, https:\/\/tiemaocole.com\/wp-content\/uploads\/2024\/08\/8-150x119.png 150w\" sizes=\"auto, (max-width: 1600px) 100vw, 1600px\" \/><p id=\"caption-attachment-14416\" class=\"wp-caption-text\">\u00c1o l\u1edbp Tu\u1ed5i con gi\u00e1p \u0111\u00e1ng y\u00eau<\/p><\/div>\n<div id=\"attachment_14415\" style=\"width: 1610px\" class=\"wp-caption aligncenter\"><img loading=\"lazy\" decoding=\"async\" aria-describedby=\"caption-attachment-14415\" class=\"size-full wp-image-14415\" src=\"https:\/\/tiemaocole.com\/wp-content\/uploads\/2024\/08\/9.png\" alt=\"\u00c1o l\u1edbp v\u1edbi h\u00ecnh \u1ea3nh ng\u1ed9 ngh\u0129nh\" width=\"1600\" height=\"1267\" srcset=\"https:\/\/tiemaocole.com\/wp-content\/uploads\/2024\/08\/9.png 1600w, https:\/\/tiemaocole.com\/wp-content\/uploads\/2024\/08\/9-379x300.png 379w, https:\/\/tiemaocole.com\/wp-content\/uploads\/2024\/08\/9-1010x800.png 1010w, https:\/\/tiemaocole.com\/wp-content\/uploads\/2024\/08\/9-768x608.png 768w, https:\/\/tiemaocole.com\/wp-content\/uploads\/2024\/08\/9-1536x1216.png 1536w, https:\/\/tiemaocole.com\/wp-content\/uploads\/2024\/08\/9-860x681.png 860w, https:\/\/tiemaocole.com\/wp-content\/uploads\/2024\/08\/9-430x341.png 430w, https:\/\/tiemaocole.com\/wp-content\/uploads\/2024\/08\/9-700x554.png 700w, https:\/\/tiemaocole.com\/wp-content\/uploads\/2024\/08\/9-150x119.png 150w\" sizes=\"auto, (max-width: 1600px) 100vw, 1600px\" \/><p id=\"caption-attachment-14415\" class=\"wp-caption-text\">\u00c1o l\u1edbp v\u1edbi h\u00ecnh \u1ea3nh ng\u1ed9 ngh\u0129nh<\/p><\/div>\n<div id=\"attachment_14414\" style=\"width: 1610px\" class=\"wp-caption aligncenter\"><img loading=\"lazy\" decoding=\"async\" aria-describedby=\"caption-attachment-14414\" class=\"size-full wp-image-14414\" src=\"https:\/\/tiemaocole.com\/wp-content\/uploads\/2024\/08\/10.png\" alt=\"\u00c1o l\u1edbp 9A1\" width=\"1600\" height=\"1267\" srcset=\"https:\/\/tiemaocole.com\/wp-content\/uploads\/2024\/08\/10.png 1600w, https:\/\/tiemaocole.com\/wp-content\/uploads\/2024\/08\/10-379x300.png 379w, https:\/\/tiemaocole.com\/wp-content\/uploads\/2024\/08\/10-1010x800.png 1010w, https:\/\/tiemaocole.com\/wp-content\/uploads\/2024\/08\/10-768x608.png 768w, https:\/\/tiemaocole.com\/wp-content\/uploads\/2024\/08\/10-1536x1216.png 1536w, https:\/\/tiemaocole.com\/wp-content\/uploads\/2024\/08\/10-860x681.png 860w, https:\/\/tiemaocole.com\/wp-content\/uploads\/2024\/08\/10-430x341.png 430w, https:\/\/tiemaocole.com\/wp-content\/uploads\/2024\/08\/10-700x554.png 700w, https:\/\/tiemaocole.com\/wp-content\/uploads\/2024\/08\/10-150x119.png 150w\" sizes=\"auto, (max-width: 1600px) 100vw, 1600px\" \/><p id=\"caption-attachment-14414\" class=\"wp-caption-text\">\u00c1o l\u1edbp 9A1<\/p><\/div>\n","protected":false},"excerpt":{"rendered":"<div class=\"xdj266r x11i5rnm xat24cr x1mh8g0r x1vvkbs x126k92a\">\n<div dir=\"auto\"><span class=\"x3nfvp2 x1j61x8r x1fcty0u xdj266r xhhsvwb xat24cr xgzva0m xxymvpz xlup9mm x1kky2od\"><img loading=\"lazy\" decoding=\"async\" class=\"xz74otr\" src=\"https:\/\/static.xx.fbcdn.net\/images\/emoji.php\/v9\/tef\/2\/16\/1f525.png\" alt=\"\ud83d\udd25\" width=\"16\" height=\"16\" \/><\/span>\u00a0M\u1eabu \u00e1o 10 \u0111i\u1ec3m kh\u00f4ng c\u00f3 nh\u01b0ng\u00a0<span class=\"x3nfvp2 x1j61x8r x1fcty0u xdj266r xhhsvwb xat24cr xgzva0m xxymvpz xlup9mm x1kky2od\"><img loading=\"lazy\" decoding=\"async\" class=\"xz74otr\" src=\"https:\/\/static.xx.fbcdn.net\/images\/emoji.php\/v9\/td7\/2\/16\/1f918.png\" alt=\"\ud83e\udd18\" width=\"16\" height=\"16\" \/><\/span><\/div>\n<div dir=\"auto\"><span class=\"x3nfvp2 x1j61x8r x1fcty0u xdj266r xhhsvwb xat24cr xgzva0m xxymvpz xlup9mm x1kky2od\"><img loading=\"lazy\" decoding=\"async\" class=\"xz74otr\" src=\"https:\/\/static.xx.fbcdn.net\/images\/emoji.php\/v9\/t20\/2\/16\/26c5.png\" alt=\"\u26c5\ufe0f\" width=\"16\" height=\"16\" \/><\/span>Chi\u1ebfc \u00e1o l\u1edbp v\u1edbi v\u1ebb ngo\u00e0i 10 \u0111i\u1ec3m ch\u1ea5t l\u01b0\u1ee3ng 100 \u0111i\u1ec3m \u1ea1<span class=\"x3nfvp2 x1j61x8r x1fcty0u xdj266r xhhsvwb xat24cr xgzva0m xxymvpz xlup9mm x1kky2od\"><img loading=\"lazy\" decoding=\"async\" class=\"xz74otr\" src=\"https:\/\/static.xx.fbcdn.net\/images\/emoji.php\/v9\/t89\/2\/16\/1f970.png\" alt=\"\ud83e\udd70\" width=\"16\" height=\"16\" \/><\/span><\/div>\n<div dir=\"auto\"><span class=\"x3nfvp2 x1j61x8r x1fcty0u xdj266r xhhsvwb xat24cr xgzva0m xxymvpz xlup9mm x1kky2od\"><img loading=\"lazy\" decoding=\"async\" class=\"xz74otr\" src=\"https:\/\/static.xx.fbcdn.net\/images\/emoji.php\/v9\/t3a\/2\/16\/1f33c.png\" alt=\"\ud83c\udf3c\" width=\"16\" height=\"16\" \/><\/span> \u00c1o c\u1ed5 tr\u00f2n chu\u1ea9n h\u1ecdc sinh ngoan tuy \u0111\u01a1n gi\u1ea3n nh\u01b0ng kh\u00f4ng k\u00e9m ph\u1ea7n c\u00e1 t\u00ednh v\u1edbi ph\u1ed1i m\u00e0u c\u1ef1c ch\u1ea5t \u2013 \u0111\u1ed9c l\u1ea1.<\/div>\n<\/div>\n<div class=\"x11i5rnm xat24cr x1mh8g0r x1vvkbs xtlvy1s x126k92a\">\n<div dir=\"auto\">\u2022 Mi\u1ec5n ph\u00ed thi\u1ebft k\u1ebf theo y\u00eau c\u1ea7u<\/div>\n<div dir=\"auto\">\u2022 May \u0111o theo chi\u1ec1u cao c\u00e2n n\u1eb7ng<\/div>\n<div dir=\"auto\">\u2014\u2014-<\/div>\n<\/div>\n","protected":false},"featured_media":14422,"comment_status":"open","ping_status":"closed","template":"","meta":[],"product_cat":[32],"product_tag":[110,91],"class_list":{"0":"post-14428","1":"product","2":"type-product","3":"status-publish","4":"has-post-thumbnail","6":"product_cat-dong-phuc-lop-truong-hoc","7":"product_tag-ao-lop","8":"product_tag-dong-phuc-lop","10":"first","11":"instock","12":"shipping-taxable","13":"product-type-simple"},"jetpack_sharing_enabled":true,"_links":{"self":[{"href":"https:\/\/tiemaocole.com\/index.php?rest_route=\/wp\/v3\/product\/14428","targetHints":{"allow":["GET"]}}],"collection":[{"href":"https:\/\/tiemaocole.com\/index.php?rest_route=\/wp\/v3\/product"}],"about":[{"href":"https:\/\/tiemaocole.com\/index.php?rest_route=\/wp\/v2\/types\/product"}],"replies":[{"embeddable":true,"href":"https:\/\/tiemaocole.com\/index.php?rest_route=%2Fwp%2Fv2%2Fcomments&post=14428"}],"version-history":[{"count":1,"href":"https:\/\/tiemaocole.com\/index.php?rest_route=\/wp\/v3\/product\/14428\/revisions"}],"predecessor-version":[{"id":14429,"href":"https:\/\/tiemaocole.com\/index.php?rest_route=\/wp\/v3\/product\/14428\/revisions\/14429"}],"wp:featuredmedia":[{"embeddable":true,"href":"https:\/\/tiemaocole.com\/index.php?rest_route=\/wp\/v2\/media\/14422"}],"wp:attachment":[{"href":"https:\/\/tiemaocole.com\/index.php?rest_route=%2Fwp%2Fv2%2Fmedia&parent=14428"}],"wp:term":[{"taxonomy":"product_cat","embeddable":true,"href":"https:\/\/tiemaocole.com\/index.php?rest_route=%2Fwp%2Fv2%2Fproduct_cat&post=14428"},{"taxonomy":"product_tag","embeddable":true,"href":"https:\/\/tiemaocole.com\/index.php?rest_route=%2Fwp%2Fv2%2Fproduct_tag&post=14428"}],"curies":[{"name":"wp","href":"https:\/\/api.w.org\/{rel}","templated":true}]}}