{"id":14430,"date":"2024-08-05T08:10:25","date_gmt":"2024-08-05T08:10:25","guid":{"rendered":"https:\/\/tiemaocole.com\/?post_type=product&#038;p=14430"},"modified":"2024-08-05T09:34:34","modified_gmt":"2024-08-05T09:34:34","slug":"ao-cap-doi-sieu-dang-yeu","status":"publish","type":"product","link":"https:\/\/tiemaocole.com\/?product=ao-cap-doi-sieu-dang-yeu","title":{"rendered":"\u00c1o C\u1eb7p \u0110\u00f4i Si\u00eau \u0110\u00e1ng Y\u00eau"},"content":{"rendered":"<div id=\"attachment_14437\" style=\"width: 904px\" class=\"wp-caption aligncenter\"><img loading=\"lazy\" decoding=\"async\" aria-describedby=\"caption-attachment-14437\" class=\"size-full wp-image-14437\" src=\"https:\/\/tiemaocole.com\/wp-content\/uploads\/2024\/08\/z5692499567807_1412b7beeadadac9b38a26fe98386b08.jpg\" alt=\"\u00c1o c\u1eb7p \u0111\u00f4i d\u1ec5 th\u01b0\u01a1ng\" width=\"894\" height=\"893\" \/><p id=\"caption-attachment-14437\" class=\"wp-caption-text\">\u00c1o c\u1eb7p \u0111\u00f4i d\u1ec5 th\u01b0\u01a1ng<\/p><\/div>\n<div id=\"attachment_14436\" style=\"width: 886px\" class=\"wp-caption aligncenter\"><img loading=\"lazy\" decoding=\"async\" aria-describedby=\"caption-attachment-14436\" class=\"size-full wp-image-14436\" src=\"https:\/\/tiemaocole.com\/wp-content\/uploads\/2024\/08\/z5692720852295_22dadd3df70016b513ced3b16d92ded3.jpg\" alt=\"\u00c1o \u0111\u00f4i h\u00ecnh chibi\" width=\"876\" height=\"879\" srcset=\"https:\/\/tiemaocole.com\/wp-content\/uploads\/2024\/08\/z5692720852295_22dadd3df70016b513ced3b16d92ded3.jpg 876w, https:\/\/tiemaocole.com\/wp-content\/uploads\/2024\/08\/z5692720852295_22dadd3df70016b513ced3b16d92ded3-299x300.jpg 299w, https:\/\/tiemaocole.com\/wp-content\/uploads\/2024\/08\/z5692720852295_22dadd3df70016b513ced3b16d92ded3-797x800.jpg 797w, https:\/\/tiemaocole.com\/wp-content\/uploads\/2024\/08\/z5692720852295_22dadd3df70016b513ced3b16d92ded3-150x151.jpg 150w, https:\/\/tiemaocole.com\/wp-content\/uploads\/2024\/08\/z5692720852295_22dadd3df70016b513ced3b16d92ded3-768x771.jpg 768w, https:\/\/tiemaocole.com\/wp-content\/uploads\/2024\/08\/z5692720852295_22dadd3df70016b513ced3b16d92ded3-860x863.jpg 860w, https:\/\/tiemaocole.com\/wp-content\/uploads\/2024\/08\/z5692720852295_22dadd3df70016b513ced3b16d92ded3-430x431.jpg 430w, https:\/\/tiemaocole.com\/wp-content\/uploads\/2024\/08\/z5692720852295_22dadd3df70016b513ced3b16d92ded3-700x702.jpg 700w\" sizes=\"auto, (max-width: 876px) 100vw, 876px\" \/><p id=\"caption-attachment-14436\" class=\"wp-caption-text\">\u00c1o \u0111\u00f4i h\u00ecnh chibi<\/p><\/div>\n<div id=\"attachment_14435\" style=\"width: 899px\" class=\"wp-caption aligncenter\"><img loading=\"lazy\" decoding=\"async\" aria-describedby=\"caption-attachment-14435\" class=\"size-full wp-image-14435\" src=\"https:\/\/tiemaocole.com\/wp-content\/uploads\/2024\/08\/3-1.png\" alt=\"\u00c1o \u0111\u00f4i chibi ng\u1ed9 ngh\u0129nh\" width=\"889\" height=\"889\" srcset=\"https:\/\/tiemaocole.com\/wp-content\/uploads\/2024\/08\/3-1.png 889w, https:\/\/tiemaocole.com\/wp-content\/uploads\/2024\/08\/3-1-300x300.png 300w, https:\/\/tiemaocole.com\/wp-content\/uploads\/2024\/08\/3-1-800x800.png 800w, https:\/\/tiemaocole.com\/wp-content\/uploads\/2024\/08\/3-1-150x150.png 150w, https:\/\/tiemaocole.com\/wp-content\/uploads\/2024\/08\/3-1-768x768.png 768w, https:\/\/tiemaocole.com\/wp-content\/uploads\/2024\/08\/3-1-860x860.png 860w, https:\/\/tiemaocole.com\/wp-content\/uploads\/2024\/08\/3-1-430x430.png 430w, https:\/\/tiemaocole.com\/wp-content\/uploads\/2024\/08\/3-1-700x700.png 700w\" sizes=\"auto, (max-width: 889px) 100vw, 889px\" \/><p id=\"caption-attachment-14435\" class=\"wp-caption-text\">\u00c1o \u0111\u00f4i chibi ng\u1ed9 ngh\u0129nh<\/p><\/div>\n<div id=\"attachment_14434\" style=\"width: 899px\" class=\"wp-caption aligncenter\"><img loading=\"lazy\" decoding=\"async\" aria-describedby=\"caption-attachment-14434\" class=\"size-full wp-image-14434\" src=\"https:\/\/tiemaocole.com\/wp-content\/uploads\/2024\/08\/4.png\" alt=\"\u00c1o c\u1eb7p \u0111\u00f4i b\u1eafn tim\" width=\"889\" height=\"889\" srcset=\"https:\/\/tiemaocole.com\/wp-content\/uploads\/2024\/08\/4.png 889w, https:\/\/tiemaocole.com\/wp-content\/uploads\/2024\/08\/4-300x300.png 300w, https:\/\/tiemaocole.com\/wp-content\/uploads\/2024\/08\/4-800x800.png 800w, https:\/\/tiemaocole.com\/wp-content\/uploads\/2024\/08\/4-150x150.png 150w, https:\/\/tiemaocole.com\/wp-content\/uploads\/2024\/08\/4-768x768.png 768w, https:\/\/tiemaocole.com\/wp-content\/uploads\/2024\/08\/4-860x860.png 860w, https:\/\/tiemaocole.com\/wp-content\/uploads\/2024\/08\/4-430x430.png 430w, https:\/\/tiemaocole.com\/wp-content\/uploads\/2024\/08\/4-700x700.png 700w\" sizes=\"auto, (max-width: 889px) 100vw, 889px\" \/><p id=\"caption-attachment-14434\" class=\"wp-caption-text\">\u00c1o c\u1eb7p \u0111\u00f4i b\u1eafn tim<\/p><\/div>\n<div id=\"attachment_14433\" style=\"width: 899px\" class=\"wp-caption aligncenter\"><img loading=\"lazy\" decoding=\"async\" aria-describedby=\"caption-attachment-14433\" class=\"size-full wp-image-14433\" src=\"https:\/\/tiemaocole.com\/wp-content\/uploads\/2024\/08\/21.png\" alt=\"\u00c1o c\u1eb7p phi h\u00e0nh gia\" width=\"889\" height=\"889\" srcset=\"https:\/\/tiemaocole.com\/wp-content\/uploads\/2024\/08\/21.png 889w, https:\/\/tiemaocole.com\/wp-content\/uploads\/2024\/08\/21-300x300.png 300w, https:\/\/tiemaocole.com\/wp-content\/uploads\/2024\/08\/21-800x800.png 800w, https:\/\/tiemaocole.com\/wp-content\/uploads\/2024\/08\/21-150x150.png 150w, https:\/\/tiemaocole.com\/wp-content\/uploads\/2024\/08\/21-768x768.png 768w, https:\/\/tiemaocole.com\/wp-content\/uploads\/2024\/08\/21-860x860.png 860w, https:\/\/tiemaocole.com\/wp-content\/uploads\/2024\/08\/21-430x430.png 430w, https:\/\/tiemaocole.com\/wp-content\/uploads\/2024\/08\/21-700x700.png 700w\" sizes=\"auto, (max-width: 889px) 100vw, 889px\" \/><p id=\"caption-attachment-14433\" class=\"wp-caption-text\">\u00c1o c\u1eb7p phi h\u00e0nh gia<\/p><\/div>\n<div id=\"attachment_14432\" style=\"width: 903px\" class=\"wp-caption aligncenter\"><img loading=\"lazy\" decoding=\"async\" aria-describedby=\"caption-attachment-14432\" class=\"size-full wp-image-14432\" src=\"https:\/\/tiemaocole.com\/wp-content\/uploads\/2024\/08\/z5691653761494_4d50e895c841139b3deb3f16cd6a6416.jpg\" alt=\"\u00c1o c\u1eb7p \u0111\u00f4i ch\u00fa ch\u00f3 d\u1ec5 th\u01b0\u01a1ng\" width=\"893\" height=\"894\" srcset=\"https:\/\/tiemaocole.com\/wp-content\/uploads\/2024\/08\/z5691653761494_4d50e895c841139b3deb3f16cd6a6416.jpg 893w, https:\/\/tiemaocole.com\/wp-content\/uploads\/2024\/08\/z5691653761494_4d50e895c841139b3deb3f16cd6a6416-300x300.jpg 300w, https:\/\/tiemaocole.com\/wp-content\/uploads\/2024\/08\/z5691653761494_4d50e895c841139b3deb3f16cd6a6416-799x800.jpg 799w, https:\/\/tiemaocole.com\/wp-content\/uploads\/2024\/08\/z5691653761494_4d50e895c841139b3deb3f16cd6a6416-150x150.jpg 150w, https:\/\/tiemaocole.com\/wp-content\/uploads\/2024\/08\/z5691653761494_4d50e895c841139b3deb3f16cd6a6416-768x769.jpg 768w, https:\/\/tiemaocole.com\/wp-content\/uploads\/2024\/08\/z5691653761494_4d50e895c841139b3deb3f16cd6a6416-860x861.jpg 860w, https:\/\/tiemaocole.com\/wp-content\/uploads\/2024\/08\/z5691653761494_4d50e895c841139b3deb3f16cd6a6416-430x430.jpg 430w, https:\/\/tiemaocole.com\/wp-content\/uploads\/2024\/08\/z5691653761494_4d50e895c841139b3deb3f16cd6a6416-700x701.jpg 700w\" sizes=\"auto, (max-width: 893px) 100vw, 893px\" \/><p id=\"caption-attachment-14432\" class=\"wp-caption-text\">\u00c1o c\u1eb7p \u0111\u00f4i ch\u00fa ch\u00f3 d\u1ec5 th\u01b0\u01a1ng<\/p><\/div>\n<div id=\"attachment_14431\" style=\"width: 901px\" class=\"wp-caption aligncenter\"><img loading=\"lazy\" decoding=\"async\" aria-describedby=\"caption-attachment-14431\" class=\"size-full wp-image-14431\" src=\"https:\/\/tiemaocole.com\/wp-content\/uploads\/2024\/08\/z5691143016338_58d29017631eb12aaaee9ae5225ab006.jpg\" alt=\"\u00c1o \u0111\u00f4i si\u00eau \u0111\u00e1ng y\u00eau\" width=\"891\" height=\"893\" srcset=\"https:\/\/tiemaocole.com\/wp-content\/uploads\/2024\/08\/z5691143016338_58d29017631eb12aaaee9ae5225ab006.jpg 891w, https:\/\/tiemaocole.com\/wp-content\/uploads\/2024\/08\/z5691143016338_58d29017631eb12aaaee9ae5225ab006-299x300.jpg 299w, https:\/\/tiemaocole.com\/wp-content\/uploads\/2024\/08\/z5691143016338_58d29017631eb12aaaee9ae5225ab006-798x800.jpg 798w, https:\/\/tiemaocole.com\/wp-content\/uploads\/2024\/08\/z5691143016338_58d29017631eb12aaaee9ae5225ab006-150x150.jpg 150w, https:\/\/tiemaocole.com\/wp-content\/uploads\/2024\/08\/z5691143016338_58d29017631eb12aaaee9ae5225ab006-768x770.jpg 768w, https:\/\/tiemaocole.com\/wp-content\/uploads\/2024\/08\/z5691143016338_58d29017631eb12aaaee9ae5225ab006-860x862.jpg 860w, https:\/\/tiemaocole.com\/wp-content\/uploads\/2024\/08\/z5691143016338_58d29017631eb12aaaee9ae5225ab006-430x431.jpg 430w, https:\/\/tiemaocole.com\/wp-content\/uploads\/2024\/08\/z5691143016338_58d29017631eb12aaaee9ae5225ab006-700x702.jpg 700w\" sizes=\"auto, (max-width: 891px) 100vw, 891px\" \/><p id=\"caption-attachment-14431\" class=\"wp-caption-text\">\u00c1o \u0111\u00f4i si\u00eau \u0111\u00e1ng y\u00eau<\/p><\/div>\n","protected":false},"excerpt":{"rendered":"<p>\u00c1o \u0111\u00f4i l\u00e0 nh\u1eefng chi\u1ebfc \u00e1o gi\u1ed1ng nhau v\u1ec1 ki\u1ec3u d\u00e1ng, m\u00e0u s\u1eafc v\u00e0 thi\u1ebft k\u1ebf m\u00e0 c\u00e1c c\u1eb7p \u0111\u00f4i m\u1eb7c \u0111\u1ec3 th\u1ec3 hi\u1ec7n t\u00ecnh c\u1ea3m v\u00e0 s\u1ef1 g\u1eafn k\u1ebft v\u1edbi nhau<\/p>\n<p>\u00c1o \u0111\u00f4i th\u01b0\u1eddng \u0111\u01b0\u1ee3c l\u00e0m t\u1eeb ch\u1ea5t li\u1ec7u tho\u1ea3i m\u00e1i, gi\u00fap ng\u01b0\u1eddi m\u1eb7c c\u1ea3m th\u1ea5y d\u1ec5 ch\u1ecbu trong c\u00e1c ho\u1ea1t \u0111\u1ed9ng h\u00e0ng ng\u00e0y.<\/p>\n<p>M\u00e0u s\u1eafc c\u1ee7a \u00e1o \u0111\u00f4i th\u01b0\u1eddng t\u01b0\u01a1ng \u0111\u1ed3ng ho\u1eb7c h\u00e0i h\u00f2a v\u1edbi nhau. H\u1ecda ti\u1ebft tr\u00ean \u00e1o c\u00f3 th\u1ec3 l\u00e0 h\u00ecnh \u1ea3nh d\u1ec5 th\u01b0\u01a1ng, ho\u1eb7c c\u00e1c bi\u1ec3u t\u01b0\u1ee3ng t\u01b0\u1ee3ng tr\u01b0ng cho t\u00ecnh y\u00eau.<\/p>\n<p>\u00c1o \u0111\u00f4i kh\u00f4ng ch\u1ec9 l\u00e0 m\u1ed9t c\u00e1ch \u0111\u1ec3 th\u1ec3 hi\u1ec7n t\u00ecnh c\u1ea3m m\u00e0 c\u00f2n l\u00e0 m\u1ed9t m\u00f3n qu\u00e0 \u00fd ngh\u0129a d\u00e0nh cho nhau trong c\u00e1c d\u1ecbp \u0111\u1eb7c bi\u1ec7t nh\u01b0 l\u1ec5 k\u1ef7 ni\u1ec7m, sinh nh\u1eadt, hay ng\u00e0y Valentine.<\/p>\n","protected":false},"featured_media":14435,"comment_status":"open","ping_status":"closed","template":"","meta":[],"product_cat":[53],"product_tag":[141,139,92],"class_list":{"0":"post-14430","1":"product","2":"type-product","3":"status-publish","4":"has-post-thumbnail","6":"product_cat-ao-doi-ao-nhom","7":"product_tag-ao-doi","8":"product_tag-ao-hot-trend","9":"product_tag-ao-ki-niem","11":"first","12":"instock","13":"shipping-taxable","14":"product-type-simple"},"jetpack_sharing_enabled":true,"_links":{"self":[{"href":"https:\/\/tiemaocole.com\/index.php?rest_route=\/wp\/v3\/product\/14430","targetHints":{"allow":["GET"]}}],"collection":[{"href":"https:\/\/tiemaocole.com\/index.php?rest_route=\/wp\/v3\/product"}],"about":[{"href":"https:\/\/tiemaocole.com\/index.php?rest_route=\/wp\/v2\/types\/product"}],"replies":[{"embeddable":true,"href":"https:\/\/tiemaocole.com\/index.php?rest_route=%2Fwp%2Fv2%2Fcomments&post=14430"}],"version-history":[{"count":3,"href":"https:\/\/tiemaocole.com\/index.php?rest_route=\/wp\/v3\/product\/14430\/revisions"}],"predecessor-version":[{"id":14441,"href":"https:\/\/tiemaocole.com\/index.php?rest_route=\/wp\/v3\/product\/14430\/revisions\/14441"}],"wp:featuredmedia":[{"embeddable":true,"href":"https:\/\/tiemaocole.com\/index.php?rest_route=\/wp\/v2\/media\/14435"}],"wp:attachment":[{"href":"https:\/\/tiemaocole.com\/index.php?rest_route=%2Fwp%2Fv2%2Fmedia&parent=14430"}],"wp:term":[{"taxonomy":"product_cat","embeddable":true,"href":"https:\/\/tiemaocole.com\/index.php?rest_route=%2Fwp%2Fv2%2Fproduct_cat&post=14430"},{"taxonomy":"product_tag","embeddable":true,"href":"https:\/\/tiemaocole.com\/index.php?rest_route=%2Fwp%2Fv2%2Fproduct_tag&post=14430"}],"curies":[{"name":"wp","href":"https:\/\/api.w.org\/{rel}","templated":true}]}}