{"id":14443,"date":"2024-08-06T09:53:45","date_gmt":"2024-08-06T09:53:45","guid":{"rendered":"https:\/\/tiemaocole.com\/?post_type=product&#038;p=14443"},"modified":"2024-08-06T10:08:21","modified_gmt":"2024-08-06T10:08:21","slug":"ao-gia-dinh-sieu-de-thuong","status":"publish","type":"product","link":"https:\/\/tiemaocole.com\/?product=ao-gia-dinh-sieu-de-thuong","title":{"rendered":"\u00c1o Gia \u0110\u00ecnh Si\u00eau D\u1ec5 Th\u01b0\u01a1ng"},"content":{"rendered":"<div id=\"attachment_14444\" style=\"width: 1327px\" class=\"wp-caption aligncenter\"><img loading=\"lazy\" decoding=\"async\" aria-describedby=\"caption-attachment-14444\" class=\"size-full wp-image-14444\" src=\"https:\/\/tiemaocole.com\/wp-content\/uploads\/2024\/08\/z5683629266475_faf89aefb4084b842266a195d6777f6c.jpg\" alt=\"\u00c1o gia \u0111\u00ecnh m\u1eb7t c\u01b0\u1eddi ng\u1ed9 ngh\u0129nh\" width=\"1317\" height=\"1283\" srcset=\"https:\/\/tiemaocole.com\/wp-content\/uploads\/2024\/08\/z5683629266475_faf89aefb4084b842266a195d6777f6c.jpg 1317w, https:\/\/tiemaocole.com\/wp-content\/uploads\/2024\/08\/z5683629266475_faf89aefb4084b842266a195d6777f6c-308x300.jpg 308w, https:\/\/tiemaocole.com\/wp-content\/uploads\/2024\/08\/z5683629266475_faf89aefb4084b842266a195d6777f6c-821x800.jpg 821w, https:\/\/tiemaocole.com\/wp-content\/uploads\/2024\/08\/z5683629266475_faf89aefb4084b842266a195d6777f6c-768x748.jpg 768w, https:\/\/tiemaocole.com\/wp-content\/uploads\/2024\/08\/z5683629266475_faf89aefb4084b842266a195d6777f6c-860x838.jpg 860w, https:\/\/tiemaocole.com\/wp-content\/uploads\/2024\/08\/z5683629266475_faf89aefb4084b842266a195d6777f6c-430x419.jpg 430w, https:\/\/tiemaocole.com\/wp-content\/uploads\/2024\/08\/z5683629266475_faf89aefb4084b842266a195d6777f6c-700x682.jpg 700w, https:\/\/tiemaocole.com\/wp-content\/uploads\/2024\/08\/z5683629266475_faf89aefb4084b842266a195d6777f6c-150x146.jpg 150w\" sizes=\"auto, (max-width: 1317px) 100vw, 1317px\" \/><p id=\"caption-attachment-14444\" class=\"wp-caption-text\">\u00c1o gia \u0111\u00ecnh m\u1eb7t c\u01b0\u1eddi ng\u1ed9 ngh\u0129nh<\/p><\/div>\n<div id=\"attachment_14445\" style=\"width: 1019px\" class=\"wp-caption aligncenter\"><img loading=\"lazy\" decoding=\"async\" aria-describedby=\"caption-attachment-14445\" class=\"size-full wp-image-14445\" src=\"https:\/\/tiemaocole.com\/wp-content\/uploads\/2024\/08\/448184927_872318701607966_7872049185800588494_n.jpg\" alt=\"\u00c1o gia \u0111\u00ecnh ghi t\u00ean th\u00e0nh vi\u00ean\" width=\"1009\" height=\"921\" srcset=\"https:\/\/tiemaocole.com\/wp-content\/uploads\/2024\/08\/448184927_872318701607966_7872049185800588494_n.jpg 1009w, https:\/\/tiemaocole.com\/wp-content\/uploads\/2024\/08\/448184927_872318701607966_7872049185800588494_n-329x300.jpg 329w, https:\/\/tiemaocole.com\/wp-content\/uploads\/2024\/08\/448184927_872318701607966_7872049185800588494_n-876x800.jpg 876w, https:\/\/tiemaocole.com\/wp-content\/uploads\/2024\/08\/448184927_872318701607966_7872049185800588494_n-768x701.jpg 768w, https:\/\/tiemaocole.com\/wp-content\/uploads\/2024\/08\/448184927_872318701607966_7872049185800588494_n-860x785.jpg 860w, https:\/\/tiemaocole.com\/wp-content\/uploads\/2024\/08\/448184927_872318701607966_7872049185800588494_n-430x392.jpg 430w, https:\/\/tiemaocole.com\/wp-content\/uploads\/2024\/08\/448184927_872318701607966_7872049185800588494_n-700x639.jpg 700w, https:\/\/tiemaocole.com\/wp-content\/uploads\/2024\/08\/448184927_872318701607966_7872049185800588494_n-150x137.jpg 150w\" sizes=\"auto, (max-width: 1009px) 100vw, 1009px\" \/><p id=\"caption-attachment-14445\" class=\"wp-caption-text\">\u00c1o gia \u0111\u00ecnh ghi t\u00ean th\u00e0nh vi\u00ean<\/p><\/div>\n<div id=\"attachment_14449\" style=\"width: 982px\" class=\"wp-caption aligncenter\"><img loading=\"lazy\" decoding=\"async\" aria-describedby=\"caption-attachment-14449\" class=\"size-full wp-image-14449\" src=\"https:\/\/tiemaocole.com\/wp-content\/uploads\/2024\/08\/452165226_894946052678564_1435498146002792086_n.jpg\" alt=\"\u00c1o chibi gia \u0111\u00ecnh\" width=\"972\" height=\"927\" srcset=\"https:\/\/tiemaocole.com\/wp-content\/uploads\/2024\/08\/452165226_894946052678564_1435498146002792086_n.jpg 972w, https:\/\/tiemaocole.com\/wp-content\/uploads\/2024\/08\/452165226_894946052678564_1435498146002792086_n-315x300.jpg 315w, https:\/\/tiemaocole.com\/wp-content\/uploads\/2024\/08\/452165226_894946052678564_1435498146002792086_n-839x800.jpg 839w, https:\/\/tiemaocole.com\/wp-content\/uploads\/2024\/08\/452165226_894946052678564_1435498146002792086_n-768x732.jpg 768w, https:\/\/tiemaocole.com\/wp-content\/uploads\/2024\/08\/452165226_894946052678564_1435498146002792086_n-860x820.jpg 860w, https:\/\/tiemaocole.com\/wp-content\/uploads\/2024\/08\/452165226_894946052678564_1435498146002792086_n-430x410.jpg 430w, https:\/\/tiemaocole.com\/wp-content\/uploads\/2024\/08\/452165226_894946052678564_1435498146002792086_n-700x668.jpg 700w, https:\/\/tiemaocole.com\/wp-content\/uploads\/2024\/08\/452165226_894946052678564_1435498146002792086_n-150x143.jpg 150w\" sizes=\"auto, (max-width: 972px) 100vw, 972px\" \/><p id=\"caption-attachment-14449\" class=\"wp-caption-text\">\u00c1o chibi gia \u0111\u00ecnh<\/p><\/div>\n<div id=\"attachment_14448\" style=\"width: 1317px\" class=\"wp-caption aligncenter\"><img loading=\"lazy\" decoding=\"async\" aria-describedby=\"caption-attachment-14448\" class=\"size-full wp-image-14448\" src=\"https:\/\/tiemaocole.com\/wp-content\/uploads\/2024\/08\/452338823_894946142678555_5382048572549332039_n.jpg\" alt=\"\u00c1o chibi gia \u0111\u00ecnh\" width=\"1307\" height=\"1289\" srcset=\"https:\/\/tiemaocole.com\/wp-content\/uploads\/2024\/08\/452338823_894946142678555_5382048572549332039_n.jpg 1307w, https:\/\/tiemaocole.com\/wp-content\/uploads\/2024\/08\/452338823_894946142678555_5382048572549332039_n-304x300.jpg 304w, https:\/\/tiemaocole.com\/wp-content\/uploads\/2024\/08\/452338823_894946142678555_5382048572549332039_n-811x800.jpg 811w, https:\/\/tiemaocole.com\/wp-content\/uploads\/2024\/08\/452338823_894946142678555_5382048572549332039_n-768x757.jpg 768w, https:\/\/tiemaocole.com\/wp-content\/uploads\/2024\/08\/452338823_894946142678555_5382048572549332039_n-860x848.jpg 860w, https:\/\/tiemaocole.com\/wp-content\/uploads\/2024\/08\/452338823_894946142678555_5382048572549332039_n-430x424.jpg 430w, https:\/\/tiemaocole.com\/wp-content\/uploads\/2024\/08\/452338823_894946142678555_5382048572549332039_n-700x690.jpg 700w, https:\/\/tiemaocole.com\/wp-content\/uploads\/2024\/08\/452338823_894946142678555_5382048572549332039_n-150x148.jpg 150w\" sizes=\"auto, (max-width: 1307px) 100vw, 1307px\" \/><p id=\"caption-attachment-14448\" class=\"wp-caption-text\">\u00c1o chibi gia \u0111\u00ecnh<\/p><\/div>\n<div id=\"attachment_14447\" style=\"width: 919px\" class=\"wp-caption aligncenter\"><img loading=\"lazy\" decoding=\"async\" aria-describedby=\"caption-attachment-14447\" class=\"size-full wp-image-14447\" src=\"https:\/\/tiemaocole.com\/wp-content\/uploads\/2024\/08\/453165207_898920555614447_3257660401416974867_n.jpg\" alt=\"H\u00ecnh chibi gia \u0111\u00ecnh \u0111\u00e1ng y\u00eau\" width=\"909\" height=\"873\" srcset=\"https:\/\/tiemaocole.com\/wp-content\/uploads\/2024\/08\/453165207_898920555614447_3257660401416974867_n.jpg 909w, https:\/\/tiemaocole.com\/wp-content\/uploads\/2024\/08\/453165207_898920555614447_3257660401416974867_n-312x300.jpg 312w, https:\/\/tiemaocole.com\/wp-content\/uploads\/2024\/08\/453165207_898920555614447_3257660401416974867_n-833x800.jpg 833w, https:\/\/tiemaocole.com\/wp-content\/uploads\/2024\/08\/453165207_898920555614447_3257660401416974867_n-768x738.jpg 768w, https:\/\/tiemaocole.com\/wp-content\/uploads\/2024\/08\/453165207_898920555614447_3257660401416974867_n-860x826.jpg 860w, https:\/\/tiemaocole.com\/wp-content\/uploads\/2024\/08\/453165207_898920555614447_3257660401416974867_n-430x413.jpg 430w, https:\/\/tiemaocole.com\/wp-content\/uploads\/2024\/08\/453165207_898920555614447_3257660401416974867_n-700x672.jpg 700w, https:\/\/tiemaocole.com\/wp-content\/uploads\/2024\/08\/453165207_898920555614447_3257660401416974867_n-150x144.jpg 150w\" sizes=\"auto, (max-width: 909px) 100vw, 909px\" \/><p id=\"caption-attachment-14447\" class=\"wp-caption-text\">H\u00ecnh chibi gia \u0111\u00ecnh \u0111\u00e1ng y\u00eau<\/p><\/div>\n<div id=\"attachment_14446\" style=\"width: 986px\" class=\"wp-caption aligncenter\"><img loading=\"lazy\" decoding=\"async\" aria-describedby=\"caption-attachment-14446\" class=\"size-full wp-image-14446\" src=\"https:\/\/tiemaocole.com\/wp-content\/uploads\/2024\/08\/449061209_878889427617560_1625453555745561076_n.jpg\" alt=\"\u00c1o ch\u00e2n dung gia \u0111\u00ecnh\" width=\"976\" height=\"898\" srcset=\"https:\/\/tiemaocole.com\/wp-content\/uploads\/2024\/08\/449061209_878889427617560_1625453555745561076_n.jpg 976w, https:\/\/tiemaocole.com\/wp-content\/uploads\/2024\/08\/449061209_878889427617560_1625453555745561076_n-326x300.jpg 326w, https:\/\/tiemaocole.com\/wp-content\/uploads\/2024\/08\/449061209_878889427617560_1625453555745561076_n-869x800.jpg 869w, https:\/\/tiemaocole.com\/wp-content\/uploads\/2024\/08\/449061209_878889427617560_1625453555745561076_n-768x707.jpg 768w, https:\/\/tiemaocole.com\/wp-content\/uploads\/2024\/08\/449061209_878889427617560_1625453555745561076_n-860x791.jpg 860w, https:\/\/tiemaocole.com\/wp-content\/uploads\/2024\/08\/449061209_878889427617560_1625453555745561076_n-430x396.jpg 430w, https:\/\/tiemaocole.com\/wp-content\/uploads\/2024\/08\/449061209_878889427617560_1625453555745561076_n-700x644.jpg 700w, https:\/\/tiemaocole.com\/wp-content\/uploads\/2024\/08\/449061209_878889427617560_1625453555745561076_n-150x138.jpg 150w\" sizes=\"auto, (max-width: 976px) 100vw, 976px\" \/><p id=\"caption-attachment-14446\" class=\"wp-caption-text\">\u00c1o ch\u00e2n dung gia \u0111\u00ecnh<\/p><\/div>\n","protected":false},"excerpt":{"rendered":"<p>\u00c1o thun gia \u0111\u00ecnh l\u00e0 b\u1ed9 \u0111\u1ed3 bao g\u1ed3m \u00e1o thun cho c\u1ea3 gia \u0111\u00ecnh, bao g\u1ed3m b\u1ed1, m\u1eb9 v\u00e0 con c\u00e1i. \u00c1o thun \u0111\u01b0\u1ee3c l\u00e0m t\u1eeb ch\u1ea5t li\u1ec7u cotton m\u1ec1m m\u1ea1i, tho\u00e1ng m\u00e1t, th\u1ea5m h\u00fat m\u1ed3 h\u00f4i t\u1ed1t, gi\u00fap c\u1ea3 gia \u0111\u00ecnh c\u1ea3m th\u1ea5y tho\u1ea3i m\u00e1i khi m\u1eb7c.<\/p>\n<p>B\u00ean c\u1ea1nh \u0111\u00f3, \u00e1o thun c\u00f2n \u0111\u01b0\u1ee3c thi\u1ebft k\u1ebf v\u1edbi nhi\u1ec1u m\u1eabu m\u00e3 \u0111a d\u1ea1ng, phong ph\u00fa, th\u1ec3 hi\u1ec7n t\u00ednh c\u00e1ch, s\u1edf th\u00edch v\u00e0 phong c\u00e1ch c\u1ee7a t\u1eebng th\u00e0nh vi\u00ean trong gia \u0111\u00ecnh.<\/p>\n<p>\u00c1o thun gia \u0111\u00ecnh kh\u00f4ng ch\u1ec9 l\u00e0 m\u00f3n qu\u00e0 \u00fd ngh\u0129a m\u00e0 c\u00f2n l\u00e0 c\u00e1ch \u0111\u1ec3 gia \u0111\u00ecnh th\u1ec3 hi\u1ec7n t\u00ecnh c\u1ea3m, s\u1ef1 \u0111o\u00e0n k\u1ebft v\u00e0 s\u1ef1 g\u1eafn b\u00f3 c\u1ee7a m\u00ecnh.<\/p>\n","protected":false},"featured_media":14445,"comment_status":"open","ping_status":"closed","template":"","meta":[],"product_cat":[20],"product_tag":[73,142],"class_list":{"0":"post-14443","1":"product","2":"type-product","3":"status-publish","4":"has-post-thumbnail","6":"product_cat-dong-phuc-gia-dinh","7":"product_tag-ao-gia-dinh","8":"product_tag-ao-phong","10":"first","11":"instock","12":"shipping-taxable","13":"product-type-simple"},"jetpack_sharing_enabled":true,"_links":{"self":[{"href":"https:\/\/tiemaocole.com\/index.php?rest_route=\/wp\/v3\/product\/14443","targetHints":{"allow":["GET"]}}],"collection":[{"href":"https:\/\/tiemaocole.com\/index.php?rest_route=\/wp\/v3\/product"}],"about":[{"href":"https:\/\/tiemaocole.com\/index.php?rest_route=\/wp\/v2\/types\/product"}],"replies":[{"embeddable":true,"href":"https:\/\/tiemaocole.com\/index.php?rest_route=%2Fwp%2Fv2%2Fcomments&post=14443"}],"version-history":[{"count":1,"href":"https:\/\/tiemaocole.com\/index.php?rest_route=\/wp\/v3\/product\/14443\/revisions"}],"predecessor-version":[{"id":14450,"href":"https:\/\/tiemaocole.com\/index.php?rest_route=\/wp\/v3\/product\/14443\/revisions\/14450"}],"wp:featuredmedia":[{"embeddable":true,"href":"https:\/\/tiemaocole.com\/index.php?rest_route=\/wp\/v2\/media\/14445"}],"wp:attachment":[{"href":"https:\/\/tiemaocole.com\/index.php?rest_route=%2Fwp%2Fv2%2Fmedia&parent=14443"}],"wp:term":[{"taxonomy":"product_cat","embeddable":true,"href":"https:\/\/tiemaocole.com\/index.php?rest_route=%2Fwp%2Fv2%2Fproduct_cat&post=14443"},{"taxonomy":"product_tag","embeddable":true,"href":"https:\/\/tiemaocole.com\/index.php?rest_route=%2Fwp%2Fv2%2Fproduct_tag&post=14443"}],"curies":[{"name":"wp","href":"https:\/\/api.w.org\/{rel}","templated":true}]}}