{"id":14451,"date":"2024-08-07T07:25:21","date_gmt":"2024-08-07T07:25:21","guid":{"rendered":"https:\/\/tiemaocole.com\/?post_type=product&#038;p=14451"},"modified":"2024-08-07T07:38:27","modified_gmt":"2024-08-07T07:38:27","slug":"ao-sweater-gia-dinh","status":"publish","type":"product","link":"https:\/\/tiemaocole.com\/?product=ao-sweater-gia-dinh","title":{"rendered":"\u00c1o Sweater Gia \u0110\u00ecnh"},"content":{"rendered":"<div id=\"attachment_14463\" style=\"width: 1469px\" class=\"wp-caption aligncenter\"><img loading=\"lazy\" decoding=\"async\" aria-describedby=\"caption-attachment-14463\" class=\"size-full wp-image-14463\" src=\"https:\/\/tiemaocole.com\/wp-content\/uploads\/2024\/08\/a.png\" alt=\"\u00c1o Sweater chi c\u1ea7m c\u1ed1c tr\u00e0 s\u1eefa\" width=\"1459\" height=\"1459\" srcset=\"https:\/\/tiemaocole.com\/wp-content\/uploads\/2024\/08\/a.png 1459w, https:\/\/tiemaocole.com\/wp-content\/uploads\/2024\/08\/a-300x300.png 300w, https:\/\/tiemaocole.com\/wp-content\/uploads\/2024\/08\/a-800x800.png 800w, https:\/\/tiemaocole.com\/wp-content\/uploads\/2024\/08\/a-150x150.png 150w, https:\/\/tiemaocole.com\/wp-content\/uploads\/2024\/08\/a-768x768.png 768w, https:\/\/tiemaocole.com\/wp-content\/uploads\/2024\/08\/a-860x860.png 860w, https:\/\/tiemaocole.com\/wp-content\/uploads\/2024\/08\/a-430x430.png 430w, https:\/\/tiemaocole.com\/wp-content\/uploads\/2024\/08\/a-700x700.png 700w\" sizes=\"auto, (max-width: 1459px) 100vw, 1459px\" \/><p id=\"caption-attachment-14463\" class=\"wp-caption-text\">\u00c1o Sweater chi c\u1ea7m c\u1ed1c tr\u00e0 s\u1eefa<\/p><\/div>\n<div id=\"attachment_14462\" style=\"width: 1468px\" class=\"wp-caption aligncenter\"><img loading=\"lazy\" decoding=\"async\" aria-describedby=\"caption-attachment-14462\" class=\"size-full wp-image-14462\" src=\"https:\/\/tiemaocole.com\/wp-content\/uploads\/2024\/08\/b.png\" alt=\"\u00c1o Sweater chibi Papa Mama Baby\" width=\"1458\" height=\"1458\" srcset=\"https:\/\/tiemaocole.com\/wp-content\/uploads\/2024\/08\/b.png 1458w, https:\/\/tiemaocole.com\/wp-content\/uploads\/2024\/08\/b-300x300.png 300w, https:\/\/tiemaocole.com\/wp-content\/uploads\/2024\/08\/b-800x800.png 800w, https:\/\/tiemaocole.com\/wp-content\/uploads\/2024\/08\/b-150x150.png 150w, https:\/\/tiemaocole.com\/wp-content\/uploads\/2024\/08\/b-768x768.png 768w, https:\/\/tiemaocole.com\/wp-content\/uploads\/2024\/08\/b-860x860.png 860w, https:\/\/tiemaocole.com\/wp-content\/uploads\/2024\/08\/b-430x430.png 430w, https:\/\/tiemaocole.com\/wp-content\/uploads\/2024\/08\/b-700x700.png 700w\" sizes=\"auto, (max-width: 1458px) 100vw, 1458px\" \/><p id=\"caption-attachment-14462\" class=\"wp-caption-text\">\u00c1o Sweater chibi Papa Mama Baby<\/p><\/div>\n<p><img loading=\"lazy\" decoding=\"async\" class=\"aligncenter size-full wp-image-14461\" src=\"https:\/\/tiemaocole.com\/wp-content\/uploads\/2024\/08\/c.png\" alt=\"\u00c1o Sweater m\u1eb7t chibi d\u1ec5 th\u01b0\u01a1ng\" width=\"1459\" height=\"1459\" srcset=\"https:\/\/tiemaocole.com\/wp-content\/uploads\/2024\/08\/c.png 1459w, https:\/\/tiemaocole.com\/wp-content\/uploads\/2024\/08\/c-300x300.png 300w, https:\/\/tiemaocole.com\/wp-content\/uploads\/2024\/08\/c-800x800.png 800w, https:\/\/tiemaocole.com\/wp-content\/uploads\/2024\/08\/c-150x150.png 150w, https:\/\/tiemaocole.com\/wp-content\/uploads\/2024\/08\/c-768x768.png 768w, https:\/\/tiemaocole.com\/wp-content\/uploads\/2024\/08\/c-860x860.png 860w, https:\/\/tiemaocole.com\/wp-content\/uploads\/2024\/08\/c-430x430.png 430w, https:\/\/tiemaocole.com\/wp-content\/uploads\/2024\/08\/c-700x700.png 700w\" sizes=\"auto, (max-width: 1459px) 100vw, 1459px\" \/><\/p>\n<div id=\"attachment_14460\" style=\"width: 1471px\" class=\"wp-caption aligncenter\"><img loading=\"lazy\" decoding=\"async\" aria-describedby=\"caption-attachment-14460\" class=\"size-full wp-image-14460\" src=\"https:\/\/tiemaocole.com\/wp-content\/uploads\/2024\/08\/d.png\" alt=\"\u00c1o Swetaer chibi\" width=\"1461\" height=\"1461\" srcset=\"https:\/\/tiemaocole.com\/wp-content\/uploads\/2024\/08\/d.png 1461w, https:\/\/tiemaocole.com\/wp-content\/uploads\/2024\/08\/d-300x300.png 300w, https:\/\/tiemaocole.com\/wp-content\/uploads\/2024\/08\/d-800x800.png 800w, https:\/\/tiemaocole.com\/wp-content\/uploads\/2024\/08\/d-150x150.png 150w, https:\/\/tiemaocole.com\/wp-content\/uploads\/2024\/08\/d-768x768.png 768w, https:\/\/tiemaocole.com\/wp-content\/uploads\/2024\/08\/d-860x860.png 860w, https:\/\/tiemaocole.com\/wp-content\/uploads\/2024\/08\/d-430x430.png 430w, https:\/\/tiemaocole.com\/wp-content\/uploads\/2024\/08\/d-700x700.png 700w\" sizes=\"auto, (max-width: 1461px) 100vw, 1461px\" \/><p id=\"caption-attachment-14460\" class=\"wp-caption-text\">\u00c1o Swetaer chibi<\/p><\/div>\n<div id=\"attachment_14459\" style=\"width: 1388px\" class=\"wp-caption aligncenter\"><img loading=\"lazy\" decoding=\"async\" aria-describedby=\"caption-attachment-14459\" class=\"size-full wp-image-14459\" src=\"https:\/\/tiemaocole.com\/wp-content\/uploads\/2024\/08\/e.png\" alt=\"\u00c1o Sweater in t\u00ean th\u00e0nh vi\u00ean gia \u0111\u00ecnh\" width=\"1378\" height=\"1378\" srcset=\"https:\/\/tiemaocole.com\/wp-content\/uploads\/2024\/08\/e.png 1378w, https:\/\/tiemaocole.com\/wp-content\/uploads\/2024\/08\/e-300x300.png 300w, https:\/\/tiemaocole.com\/wp-content\/uploads\/2024\/08\/e-800x800.png 800w, https:\/\/tiemaocole.com\/wp-content\/uploads\/2024\/08\/e-150x150.png 150w, https:\/\/tiemaocole.com\/wp-content\/uploads\/2024\/08\/e-768x768.png 768w, https:\/\/tiemaocole.com\/wp-content\/uploads\/2024\/08\/e-860x860.png 860w, https:\/\/tiemaocole.com\/wp-content\/uploads\/2024\/08\/e-430x430.png 430w, https:\/\/tiemaocole.com\/wp-content\/uploads\/2024\/08\/e-700x700.png 700w\" sizes=\"auto, (max-width: 1378px) 100vw, 1378px\" \/><p id=\"caption-attachment-14459\" class=\"wp-caption-text\">\u00c1o Sweater in t\u00ean th\u00e0nh vi\u00ean gia \u0111\u00ecnh<\/p><\/div>\n<div id=\"attachment_14458\" style=\"width: 1388px\" class=\"wp-caption aligncenter\"><img loading=\"lazy\" decoding=\"async\" aria-describedby=\"caption-attachment-14458\" class=\"size-full wp-image-14458\" src=\"https:\/\/tiemaocole.com\/wp-content\/uploads\/2024\/08\/f.png\" alt=\"\u00c1o Sweater Doraemon cute\" width=\"1378\" height=\"1378\" srcset=\"https:\/\/tiemaocole.com\/wp-content\/uploads\/2024\/08\/f.png 1378w, https:\/\/tiemaocole.com\/wp-content\/uploads\/2024\/08\/f-300x300.png 300w, https:\/\/tiemaocole.com\/wp-content\/uploads\/2024\/08\/f-800x800.png 800w, https:\/\/tiemaocole.com\/wp-content\/uploads\/2024\/08\/f-150x150.png 150w, https:\/\/tiemaocole.com\/wp-content\/uploads\/2024\/08\/f-768x768.png 768w, https:\/\/tiemaocole.com\/wp-content\/uploads\/2024\/08\/f-860x860.png 860w, https:\/\/tiemaocole.com\/wp-content\/uploads\/2024\/08\/f-430x430.png 430w, https:\/\/tiemaocole.com\/wp-content\/uploads\/2024\/08\/f-700x700.png 700w\" sizes=\"auto, (max-width: 1378px) 100vw, 1378px\" \/><p id=\"caption-attachment-14458\" class=\"wp-caption-text\">\u00c1o Sweater Doraemon cute<\/p><\/div>\n<div id=\"attachment_14457\" style=\"width: 1388px\" class=\"wp-caption aligncenter\"><img loading=\"lazy\" decoding=\"async\" aria-describedby=\"caption-attachment-14457\" class=\"size-full wp-image-14457\" src=\"https:\/\/tiemaocole.com\/wp-content\/uploads\/2024\/08\/g.png\" alt=\"\u00c1o Sweater tu\u1ed5i con gi\u00e1p\" width=\"1378\" height=\"1378\" srcset=\"https:\/\/tiemaocole.com\/wp-content\/uploads\/2024\/08\/g.png 1378w, https:\/\/tiemaocole.com\/wp-content\/uploads\/2024\/08\/g-300x300.png 300w, https:\/\/tiemaocole.com\/wp-content\/uploads\/2024\/08\/g-800x800.png 800w, https:\/\/tiemaocole.com\/wp-content\/uploads\/2024\/08\/g-150x150.png 150w, https:\/\/tiemaocole.com\/wp-content\/uploads\/2024\/08\/g-768x768.png 768w, https:\/\/tiemaocole.com\/wp-content\/uploads\/2024\/08\/g-860x860.png 860w, https:\/\/tiemaocole.com\/wp-content\/uploads\/2024\/08\/g-430x430.png 430w, https:\/\/tiemaocole.com\/wp-content\/uploads\/2024\/08\/g-700x700.png 700w\" sizes=\"auto, (max-width: 1378px) 100vw, 1378px\" \/><p id=\"caption-attachment-14457\" class=\"wp-caption-text\">\u00c1o Sweater tu\u1ed5i con gi\u00e1p<\/p><\/div>\n<div id=\"attachment_14456\" style=\"width: 1388px\" class=\"wp-caption aligncenter\"><img loading=\"lazy\" decoding=\"async\" aria-describedby=\"caption-attachment-14456\" class=\"size-full wp-image-14456\" src=\"https:\/\/tiemaocole.com\/wp-content\/uploads\/2024\/08\/h.png\" alt=\"\u00c1o Sweater Gi\u01a1 tay Say Hi\" width=\"1378\" height=\"1378\" srcset=\"https:\/\/tiemaocole.com\/wp-content\/uploads\/2024\/08\/h.png 1378w, https:\/\/tiemaocole.com\/wp-content\/uploads\/2024\/08\/h-300x300.png 300w, https:\/\/tiemaocole.com\/wp-content\/uploads\/2024\/08\/h-800x800.png 800w, https:\/\/tiemaocole.com\/wp-content\/uploads\/2024\/08\/h-150x150.png 150w, https:\/\/tiemaocole.com\/wp-content\/uploads\/2024\/08\/h-768x768.png 768w, https:\/\/tiemaocole.com\/wp-content\/uploads\/2024\/08\/h-860x860.png 860w, https:\/\/tiemaocole.com\/wp-content\/uploads\/2024\/08\/h-430x430.png 430w, https:\/\/tiemaocole.com\/wp-content\/uploads\/2024\/08\/h-700x700.png 700w\" sizes=\"auto, (max-width: 1378px) 100vw, 1378px\" \/><p id=\"caption-attachment-14456\" class=\"wp-caption-text\">\u00c1o Sweater Gi\u01a1 tay Say Hi<\/p><\/div>\n<p><img loading=\"lazy\" decoding=\"async\" class=\"aligncenter size-full wp-image-14455\" src=\"https:\/\/tiemaocole.com\/wp-content\/uploads\/2024\/08\/j.png\" alt=\"\" width=\"1461\" height=\"1461\" srcset=\"https:\/\/tiemaocole.com\/wp-content\/uploads\/2024\/08\/j.png 1461w, https:\/\/tiemaocole.com\/wp-content\/uploads\/2024\/08\/j-300x300.png 300w, https:\/\/tiemaocole.com\/wp-content\/uploads\/2024\/08\/j-800x800.png 800w, https:\/\/tiemaocole.com\/wp-content\/uploads\/2024\/08\/j-150x150.png 150w, https:\/\/tiemaocole.com\/wp-content\/uploads\/2024\/08\/j-768x768.png 768w, https:\/\/tiemaocole.com\/wp-content\/uploads\/2024\/08\/j-860x860.png 860w, https:\/\/tiemaocole.com\/wp-content\/uploads\/2024\/08\/j-430x430.png 430w, https:\/\/tiemaocole.com\/wp-content\/uploads\/2024\/08\/j-700x700.png 700w\" sizes=\"auto, (max-width: 1461px) 100vw, 1461px\" \/> <img loading=\"lazy\" decoding=\"async\" class=\"aligncenter size-full wp-image-14454\" src=\"https:\/\/tiemaocole.com\/wp-content\/uploads\/2024\/08\/n.png\" alt=\"\" width=\"1461\" height=\"1461\" srcset=\"https:\/\/tiemaocole.com\/wp-content\/uploads\/2024\/08\/n.png 1461w, https:\/\/tiemaocole.com\/wp-content\/uploads\/2024\/08\/n-300x300.png 300w, https:\/\/tiemaocole.com\/wp-content\/uploads\/2024\/08\/n-800x800.png 800w, https:\/\/tiemaocole.com\/wp-content\/uploads\/2024\/08\/n-150x150.png 150w, https:\/\/tiemaocole.com\/wp-content\/uploads\/2024\/08\/n-768x768.png 768w, https:\/\/tiemaocole.com\/wp-content\/uploads\/2024\/08\/n-860x860.png 860w, https:\/\/tiemaocole.com\/wp-content\/uploads\/2024\/08\/n-430x430.png 430w, https:\/\/tiemaocole.com\/wp-content\/uploads\/2024\/08\/n-700x700.png 700w\" sizes=\"auto, (max-width: 1461px) 100vw, 1461px\" \/><\/p>\n<div id=\"attachment_14453\" style=\"width: 1471px\" class=\"wp-caption aligncenter\"><img loading=\"lazy\" decoding=\"async\" aria-describedby=\"caption-attachment-14453\" class=\"size-full wp-image-14453\" src=\"https:\/\/tiemaocole.com\/wp-content\/uploads\/2024\/08\/l.png\" alt=\"\u00c1o Sweater Little Fut Guys\" width=\"1461\" height=\"1461\" srcset=\"https:\/\/tiemaocole.com\/wp-content\/uploads\/2024\/08\/l.png 1461w, https:\/\/tiemaocole.com\/wp-content\/uploads\/2024\/08\/l-300x300.png 300w, https:\/\/tiemaocole.com\/wp-content\/uploads\/2024\/08\/l-800x800.png 800w, https:\/\/tiemaocole.com\/wp-content\/uploads\/2024\/08\/l-150x150.png 150w, https:\/\/tiemaocole.com\/wp-content\/uploads\/2024\/08\/l-768x768.png 768w, https:\/\/tiemaocole.com\/wp-content\/uploads\/2024\/08\/l-860x860.png 860w, https:\/\/tiemaocole.com\/wp-content\/uploads\/2024\/08\/l-430x430.png 430w, https:\/\/tiemaocole.com\/wp-content\/uploads\/2024\/08\/l-700x700.png 700w\" sizes=\"auto, (max-width: 1461px) 100vw, 1461px\" \/><p id=\"caption-attachment-14453\" class=\"wp-caption-text\">\u00c1o Sweater Little Fut Guys<\/p><\/div>\n<div id=\"attachment_14452\" style=\"width: 1471px\" class=\"wp-caption aligncenter\"><img loading=\"lazy\" decoding=\"async\" aria-describedby=\"caption-attachment-14452\" class=\"size-full wp-image-14452\" src=\"https:\/\/tiemaocole.com\/wp-content\/uploads\/2024\/08\/k.png\" alt=\"\u00c1o Sweater in n\u0103m sinh gia \u0111\u00ecnh\" width=\"1461\" height=\"1461\" srcset=\"https:\/\/tiemaocole.com\/wp-content\/uploads\/2024\/08\/k.png 1461w, https:\/\/tiemaocole.com\/wp-content\/uploads\/2024\/08\/k-300x300.png 300w, https:\/\/tiemaocole.com\/wp-content\/uploads\/2024\/08\/k-800x800.png 800w, https:\/\/tiemaocole.com\/wp-content\/uploads\/2024\/08\/k-150x150.png 150w, https:\/\/tiemaocole.com\/wp-content\/uploads\/2024\/08\/k-768x768.png 768w, https:\/\/tiemaocole.com\/wp-content\/uploads\/2024\/08\/k-860x860.png 860w, https:\/\/tiemaocole.com\/wp-content\/uploads\/2024\/08\/k-430x430.png 430w, https:\/\/tiemaocole.com\/wp-content\/uploads\/2024\/08\/k-700x700.png 700w\" sizes=\"auto, (max-width: 1461px) 100vw, 1461px\" \/><p id=\"caption-attachment-14452\" class=\"wp-caption-text\">\u00c1o Sweater in n\u0103m sinh gia \u0111\u00ecnh<\/p><\/div>\n","protected":false},"excerpt":{"rendered":"<p><em>N\u00f3i \u0111\u1ebfn\u00a0<strong>th\u1eddi trang gia \u0111\u00ecnh m\u00f9a \u0111\u00f4ng<\/strong>\u00a0sao c\u00f3 th\u1ec3 kh\u00f4ng nh\u1eafc \u0111\u1ebfn nh\u1eefng set\u00a0<a href=\"https:\/\/tiemaocole.com\/?product_cat=ao-ni-sweater-hoodie\" target=\"_blank\" rel=\"noopener noreferrer\" data-cke-saved-href=\"https:\/\/gaohouse.vn\/collections\/ao-dong-phuc-gia-dinh\"><strong>\u00e1o Sweater gia \u0111\u00ecnh<\/strong><\/a>\u00a0\u1ea5m \u00e1p. <\/em><\/p>\n<p><em>V\u1edbi ch\u1ea5t v\u1ea3i n\u1ec9 thun da c\u00e1 d\u00e0y d\u1eb7n c\u00f9ng s\u1ef1 \u0111a d\u1ea1ng v\u1ec1 ki\u1ec3u d\u00e1ng, m\u00e0u s\u1eafc, h\u1ecda ti\u1ebft thi\u1ebft k\u1ebf.<\/em><\/p>\n<p><em> Nh\u1eefng chi\u1ebfc \u00e1o Sweater v\u1eabn lu\u00f4n l\u00e0 s\u1ef1 l\u1ef1a ch\u1ecdn h\u00e0ng \u0111\u1ea7u c\u1ee7a nhi\u1ec1u ch\u1ecb em khi c\u00f3 nhu c\u1ea7u \u0111\u1eb7t\u00a0<strong>may \u00e1o \u0111\u1ed3ng ph\u1ee5c cho gia \u0111\u00ecnh<\/strong>.\u00a0<\/em><\/p>\n","protected":false},"featured_media":14462,"comment_status":"open","ping_status":"closed","template":"","meta":[],"product_cat":[115,20],"product_tag":[73,127,119],"class_list":{"0":"post-14451","1":"product","2":"type-product","3":"status-publish","4":"has-post-thumbnail","6":"product_cat-ao-ni-sweater-hoodie","7":"product_cat-dong-phuc-gia-dinh","8":"product_tag-ao-gia-dinh","9":"product_tag-dong-phuc-gia-dinh-mua-dong","10":"product_tag-ni-sweater","12":"first","13":"instock","14":"shipping-taxable","15":"product-type-simple"},"jetpack_sharing_enabled":true,"_links":{"self":[{"href":"https:\/\/tiemaocole.com\/index.php?rest_route=\/wp\/v3\/product\/14451","targetHints":{"allow":["GET"]}}],"collection":[{"href":"https:\/\/tiemaocole.com\/index.php?rest_route=\/wp\/v3\/product"}],"about":[{"href":"https:\/\/tiemaocole.com\/index.php?rest_route=\/wp\/v2\/types\/product"}],"replies":[{"embeddable":true,"href":"https:\/\/tiemaocole.com\/index.php?rest_route=%2Fwp%2Fv2%2Fcomments&post=14451"}],"version-history":[{"count":1,"href":"https:\/\/tiemaocole.com\/index.php?rest_route=\/wp\/v3\/product\/14451\/revisions"}],"predecessor-version":[{"id":14464,"href":"https:\/\/tiemaocole.com\/index.php?rest_route=\/wp\/v3\/product\/14451\/revisions\/14464"}],"wp:featuredmedia":[{"embeddable":true,"href":"https:\/\/tiemaocole.com\/index.php?rest_route=\/wp\/v2\/media\/14462"}],"wp:attachment":[{"href":"https:\/\/tiemaocole.com\/index.php?rest_route=%2Fwp%2Fv2%2Fmedia&parent=14451"}],"wp:term":[{"taxonomy":"product_cat","embeddable":true,"href":"https:\/\/tiemaocole.com\/index.php?rest_route=%2Fwp%2Fv2%2Fproduct_cat&post=14451"},{"taxonomy":"product_tag","embeddable":true,"href":"https:\/\/tiemaocole.com\/index.php?rest_route=%2Fwp%2Fv2%2Fproduct_tag&post=14451"}],"curies":[{"name":"wp","href":"https:\/\/api.w.org\/{rel}","templated":true}]}}