{"id":14475,"date":"2024-08-15T09:57:37","date_gmt":"2024-08-15T09:57:37","guid":{"rendered":"https:\/\/tiemaocole.com\/?post_type=product&#038;p=14475"},"modified":"2024-08-15T10:07:39","modified_gmt":"2024-08-15T10:07:39","slug":"ao-phong-gia-dinh-hoa-tiet-don-gian","status":"publish","type":"product","link":"https:\/\/tiemaocole.com\/?product=ao-phong-gia-dinh-hoa-tiet-don-gian","title":{"rendered":"\u00c1o Ph\u00f4ng Gia \u0110\u00ecnh H\u1ecda Ti\u1ebft \u0110\u01a1n Gi\u1ea3n"},"content":{"rendered":"<div id=\"attachment_14481\" style=\"width: 760px\" class=\"wp-caption aligncenter\"><img loading=\"lazy\" decoding=\"async\" aria-describedby=\"caption-attachment-14481\" class=\"size-full wp-image-14481\" src=\"https:\/\/tiemaocole.com\/wp-content\/uploads\/2024\/08\/451361028_891300553043114_8348537333012361057_n.jpg\" alt=\"\u00c1o gia \u0111\u00ecnh in h\u00ecnh tr\u00e1i tim\" width=\"750\" height=\"1000\" srcset=\"https:\/\/tiemaocole.com\/wp-content\/uploads\/2024\/08\/451361028_891300553043114_8348537333012361057_n.jpg 750w, https:\/\/tiemaocole.com\/wp-content\/uploads\/2024\/08\/451361028_891300553043114_8348537333012361057_n-225x300.jpg 225w, https:\/\/tiemaocole.com\/wp-content\/uploads\/2024\/08\/451361028_891300553043114_8348537333012361057_n-600x800.jpg 600w, https:\/\/tiemaocole.com\/wp-content\/uploads\/2024\/08\/451361028_891300553043114_8348537333012361057_n-430x573.jpg 430w, https:\/\/tiemaocole.com\/wp-content\/uploads\/2024\/08\/451361028_891300553043114_8348537333012361057_n-700x933.jpg 700w, https:\/\/tiemaocole.com\/wp-content\/uploads\/2024\/08\/451361028_891300553043114_8348537333012361057_n-150x200.jpg 150w\" sizes=\"auto, (max-width: 750px) 100vw, 750px\" \/><p id=\"caption-attachment-14481\" class=\"wp-caption-text\">\u00c1o gia \u0111\u00ecnh in h\u00ecnh tr\u00e1i tim<\/p><\/div>\n<div id=\"attachment_14480\" style=\"width: 810px\" class=\"wp-caption aligncenter\"><img loading=\"lazy\" decoding=\"async\" aria-describedby=\"caption-attachment-14480\" class=\"size-full wp-image-14480\" src=\"https:\/\/tiemaocole.com\/wp-content\/uploads\/2024\/08\/451434532_891300746376428_4374637854944792483_n.jpg\" alt=\"\u00c1o gia \u0111\u00ecnh in Funny v\u00e0 Fun\" width=\"800\" height=\"800\" srcset=\"https:\/\/tiemaocole.com\/wp-content\/uploads\/2024\/08\/451434532_891300746376428_4374637854944792483_n.jpg 800w, https:\/\/tiemaocole.com\/wp-content\/uploads\/2024\/08\/451434532_891300746376428_4374637854944792483_n-300x300.jpg 300w, https:\/\/tiemaocole.com\/wp-content\/uploads\/2024\/08\/451434532_891300746376428_4374637854944792483_n-150x150.jpg 150w, https:\/\/tiemaocole.com\/wp-content\/uploads\/2024\/08\/451434532_891300746376428_4374637854944792483_n-768x768.jpg 768w, https:\/\/tiemaocole.com\/wp-content\/uploads\/2024\/08\/451434532_891300746376428_4374637854944792483_n-430x430.jpg 430w, https:\/\/tiemaocole.com\/wp-content\/uploads\/2024\/08\/451434532_891300746376428_4374637854944792483_n-700x700.jpg 700w\" sizes=\"auto, (max-width: 800px) 100vw, 800px\" \/><p id=\"caption-attachment-14480\" class=\"wp-caption-text\">\u00c1o gia \u0111\u00ecnh in Funny v\u00e0 Fun<\/p><\/div>\n<div id=\"attachment_14479\" style=\"width: 760px\" class=\"wp-caption aligncenter\"><img loading=\"lazy\" decoding=\"async\" aria-describedby=\"caption-attachment-14479\" class=\"size-full wp-image-14479\" src=\"https:\/\/tiemaocole.com\/wp-content\/uploads\/2024\/08\/451007794_891300816376421_5822621783640224005_n.jpg\" alt=\"\u00c1o ph\u1ed1i in h\u00ecnh b\u00e1nh ng\u1ecdt\" width=\"750\" height=\"1000\" srcset=\"https:\/\/tiemaocole.com\/wp-content\/uploads\/2024\/08\/451007794_891300816376421_5822621783640224005_n.jpg 750w, https:\/\/tiemaocole.com\/wp-content\/uploads\/2024\/08\/451007794_891300816376421_5822621783640224005_n-225x300.jpg 225w, https:\/\/tiemaocole.com\/wp-content\/uploads\/2024\/08\/451007794_891300816376421_5822621783640224005_n-600x800.jpg 600w, https:\/\/tiemaocole.com\/wp-content\/uploads\/2024\/08\/451007794_891300816376421_5822621783640224005_n-430x573.jpg 430w, https:\/\/tiemaocole.com\/wp-content\/uploads\/2024\/08\/451007794_891300816376421_5822621783640224005_n-700x933.jpg 700w, https:\/\/tiemaocole.com\/wp-content\/uploads\/2024\/08\/451007794_891300816376421_5822621783640224005_n-150x200.jpg 150w\" sizes=\"auto, (max-width: 750px) 100vw, 750px\" \/><p id=\"caption-attachment-14479\" class=\"wp-caption-text\">\u00c1o ph\u1ed1i in h\u00ecnh b\u00e1nh ng\u1ecdt<\/p><\/div>\n<div id=\"attachment_14478\" style=\"width: 798px\" class=\"wp-caption aligncenter\"><img loading=\"lazy\" decoding=\"async\" aria-describedby=\"caption-attachment-14478\" class=\"size-full wp-image-14478\" src=\"https:\/\/tiemaocole.com\/wp-content\/uploads\/2024\/08\/450389948_887066330133203_3548622038325693615_n.jpg\" alt=\"\u00c1o gia \u0111\u00ecnh g\u1ea5u Ucla\" width=\"788\" height=\"968\" srcset=\"https:\/\/tiemaocole.com\/wp-content\/uploads\/2024\/08\/450389948_887066330133203_3548622038325693615_n.jpg 788w, https:\/\/tiemaocole.com\/wp-content\/uploads\/2024\/08\/450389948_887066330133203_3548622038325693615_n-244x300.jpg 244w, https:\/\/tiemaocole.com\/wp-content\/uploads\/2024\/08\/450389948_887066330133203_3548622038325693615_n-651x800.jpg 651w, https:\/\/tiemaocole.com\/wp-content\/uploads\/2024\/08\/450389948_887066330133203_3548622038325693615_n-768x943.jpg 768w, https:\/\/tiemaocole.com\/wp-content\/uploads\/2024\/08\/450389948_887066330133203_3548622038325693615_n-430x528.jpg 430w, https:\/\/tiemaocole.com\/wp-content\/uploads\/2024\/08\/450389948_887066330133203_3548622038325693615_n-700x860.jpg 700w, https:\/\/tiemaocole.com\/wp-content\/uploads\/2024\/08\/450389948_887066330133203_3548622038325693615_n-150x184.jpg 150w\" sizes=\"auto, (max-width: 788px) 100vw, 788px\" \/><p id=\"caption-attachment-14478\" class=\"wp-caption-text\">\u00c1o gia \u0111\u00ecnh g\u1ea5u Ucla<\/p><\/div>\n<div id=\"attachment_14477\" style=\"width: 760px\" class=\"wp-caption aligncenter\"><img loading=\"lazy\" decoding=\"async\" aria-describedby=\"caption-attachment-14477\" class=\"size-full wp-image-14477\" src=\"https:\/\/tiemaocole.com\/wp-content\/uploads\/2024\/08\/449847386_884550837051419_5563788744772424046_n.jpg\" alt=\"\u00c1o Family h\u00ecnh c\u00e1 voi\" width=\"750\" height=\"1000\" srcset=\"https:\/\/tiemaocole.com\/wp-content\/uploads\/2024\/08\/449847386_884550837051419_5563788744772424046_n.jpg 750w, https:\/\/tiemaocole.com\/wp-content\/uploads\/2024\/08\/449847386_884550837051419_5563788744772424046_n-225x300.jpg 225w, https:\/\/tiemaocole.com\/wp-content\/uploads\/2024\/08\/449847386_884550837051419_5563788744772424046_n-600x800.jpg 600w, https:\/\/tiemaocole.com\/wp-content\/uploads\/2024\/08\/449847386_884550837051419_5563788744772424046_n-430x573.jpg 430w, https:\/\/tiemaocole.com\/wp-content\/uploads\/2024\/08\/449847386_884550837051419_5563788744772424046_n-700x933.jpg 700w, https:\/\/tiemaocole.com\/wp-content\/uploads\/2024\/08\/449847386_884550837051419_5563788744772424046_n-150x200.jpg 150w\" sizes=\"auto, (max-width: 750px) 100vw, 750px\" \/><p id=\"caption-attachment-14477\" class=\"wp-caption-text\">\u00c1o Family h\u00ecnh c\u00e1 voi<\/p><\/div>\n<div id=\"attachment_14476\" style=\"width: 760px\" class=\"wp-caption aligncenter\"><img loading=\"lazy\" decoding=\"async\" aria-describedby=\"caption-attachment-14476\" class=\"size-full wp-image-14476\" src=\"https:\/\/tiemaocole.com\/wp-content\/uploads\/2024\/08\/449614295_884550637051439_8115803122518215252_n.jpg\" alt=\"\u00c1o gia \u0111\u00ecnh in ch\u1eef \" width=\"750\" height=\"1000\" srcset=\"https:\/\/tiemaocole.com\/wp-content\/uploads\/2024\/08\/449614295_884550637051439_8115803122518215252_n.jpg 750w, https:\/\/tiemaocole.com\/wp-content\/uploads\/2024\/08\/449614295_884550637051439_8115803122518215252_n-225x300.jpg 225w, https:\/\/tiemaocole.com\/wp-content\/uploads\/2024\/08\/449614295_884550637051439_8115803122518215252_n-600x800.jpg 600w, https:\/\/tiemaocole.com\/wp-content\/uploads\/2024\/08\/449614295_884550637051439_8115803122518215252_n-430x573.jpg 430w, https:\/\/tiemaocole.com\/wp-content\/uploads\/2024\/08\/449614295_884550637051439_8115803122518215252_n-700x933.jpg 700w, https:\/\/tiemaocole.com\/wp-content\/uploads\/2024\/08\/449614295_884550637051439_8115803122518215252_n-150x200.jpg 150w\" sizes=\"auto, (max-width: 750px) 100vw, 750px\" \/><p id=\"caption-attachment-14476\" class=\"wp-caption-text\">\u00c1o gia \u0111\u00ecnh in ch\u1eef<\/p><\/div>\n","protected":false},"excerpt":{"rendered":"<p>\u00c1o gia \u0111\u00ecnh \u0111\u01b0\u1ee3c thi\u1ebft k\u1ebf c\u00f9ng ki\u1ec3u d\u00e1ng, m\u00e0u s\u1eafc v\u00e0 h\u00ecnh \u1ea3nh cho m\u1ecdi th\u00e0nh vi\u00ean<\/p>\n<p>Ch\u1ea5t li\u1ec7u c\u1ee7a \u00e1o th\u01b0\u1eddng l\u00e0 cotton ho\u1eb7c v\u1ea3i m\u1ec1m, d\u1ec5 ch\u1ecbu khi m\u1eb7c, ph\u00f9 h\u1ee3p v\u1edbi c\u1ea3 tr\u1ebb em l\u1eabn ng\u01b0\u1eddi l\u1edbn<\/p>\n<p>\u00c1o gia \u0111\u00ecnh th\u01b0\u1eddng c\u00f3 h\u00ecnh in ho\u1eb7c th\u00f4ng \u0111i\u1ec7p nh\u01b0 &#8220;B\u1ed1&#8221;, &#8220;M\u1eb9&#8221;, &#8220;Con y\u00eau&#8221;, ho\u1eb7c c\u00e1c h\u00ecnh \u1ea3nh bi\u1ec3u t\u01b0\u1ee3ng v\u1ec1 gia \u0111\u00ecnh nh\u01b0 tr\u00e1i tim, h\u00ecnh b\u00e0n tay&#8230;<\/p>\n<p>\u00c1o gia \u0111\u00ecnh th\u01b0\u1eddng \u0111\u01b0\u1ee3c s\u1eed d\u1ee5ng trong c\u00e1c d\u1ecbp \u0111\u1eb7c bi\u1ec7t nh\u01b0 \u0111i ch\u01a1i, d\u00e3 ngo\u1ea1i, k\u1ef7 ni\u1ec7m gia \u0111\u00ecnh, ho\u1eb7c ch\u1ee5p \u1ea3nh gia \u0111\u00ecnh \u0111\u1ec3 t\u1ea1o n\u00ean s\u1ef1 \u0111\u1ed3ng \u0111i\u1ec7u v\u00e0 g\u1eafn k\u1ebft.<\/p>\n","protected":false},"featured_media":14481,"comment_status":"open","ping_status":"closed","template":"","meta":[],"product_cat":[20],"product_tag":[73,74],"class_list":{"0":"post-14475","1":"product","2":"type-product","3":"status-publish","4":"has-post-thumbnail","6":"product_cat-dong-phuc-gia-dinh","7":"product_tag-ao-gia-dinh","8":"product_tag-dong-phuc-gia-dinh","10":"first","11":"instock","12":"shipping-taxable","13":"product-type-simple"},"jetpack_sharing_enabled":true,"_links":{"self":[{"href":"https:\/\/tiemaocole.com\/index.php?rest_route=\/wp\/v3\/product\/14475","targetHints":{"allow":["GET"]}}],"collection":[{"href":"https:\/\/tiemaocole.com\/index.php?rest_route=\/wp\/v3\/product"}],"about":[{"href":"https:\/\/tiemaocole.com\/index.php?rest_route=\/wp\/v2\/types\/product"}],"replies":[{"embeddable":true,"href":"https:\/\/tiemaocole.com\/index.php?rest_route=%2Fwp%2Fv2%2Fcomments&post=14475"}],"version-history":[{"count":1,"href":"https:\/\/tiemaocole.com\/index.php?rest_route=\/wp\/v3\/product\/14475\/revisions"}],"predecessor-version":[{"id":14482,"href":"https:\/\/tiemaocole.com\/index.php?rest_route=\/wp\/v3\/product\/14475\/revisions\/14482"}],"wp:featuredmedia":[{"embeddable":true,"href":"https:\/\/tiemaocole.com\/index.php?rest_route=\/wp\/v2\/media\/14481"}],"wp:attachment":[{"href":"https:\/\/tiemaocole.com\/index.php?rest_route=%2Fwp%2Fv2%2Fmedia&parent=14475"}],"wp:term":[{"taxonomy":"product_cat","embeddable":true,"href":"https:\/\/tiemaocole.com\/index.php?rest_route=%2Fwp%2Fv2%2Fproduct_cat&post=14475"},{"taxonomy":"product_tag","embeddable":true,"href":"https:\/\/tiemaocole.com\/index.php?rest_route=%2Fwp%2Fv2%2Fproduct_tag&post=14475"}],"curies":[{"name":"wp","href":"https:\/\/api.w.org\/{rel}","templated":true}]}}