{"id":14497,"date":"2024-08-17T08:01:08","date_gmt":"2024-08-17T08:01:08","guid":{"rendered":"https:\/\/tiemaocole.com\/?post_type=product&#038;p=14497"},"modified":"2024-08-17T08:05:16","modified_gmt":"2024-08-17T08:05:16","slug":"ao-hop-lop-ki-niem-20-nam-ra-truong","status":"publish","type":"product","link":"https:\/\/tiemaocole.com\/?product=ao-hop-lop-ki-niem-20-nam-ra-truong","title":{"rendered":"\u00c1o H\u1ecdp L\u1edbp K\u1ec9 Ni\u1ec7m 20 N\u0103m Ra Tr\u01b0\u1eddng"},"content":{"rendered":"<div id=\"attachment_14495\" style=\"width: 964px\" class=\"wp-caption aligncenter\"><img loading=\"lazy\" decoding=\"async\" aria-describedby=\"caption-attachment-14495\" class=\"size-full wp-image-14495\" src=\"https:\/\/tiemaocole.com\/wp-content\/uploads\/2024\/08\/450174594_888423066664196_2342699932032497290_n.jpg\" alt=\"\u00c1o h\u1ecdp l\u1edbp 20 n\u0103m ra tr\u01b0\u1eddng\" width=\"954\" height=\"870\" srcset=\"https:\/\/tiemaocole.com\/wp-content\/uploads\/2024\/08\/450174594_888423066664196_2342699932032497290_n.jpg 954w, https:\/\/tiemaocole.com\/wp-content\/uploads\/2024\/08\/450174594_888423066664196_2342699932032497290_n-329x300.jpg 329w, https:\/\/tiemaocole.com\/wp-content\/uploads\/2024\/08\/450174594_888423066664196_2342699932032497290_n-877x800.jpg 877w, https:\/\/tiemaocole.com\/wp-content\/uploads\/2024\/08\/450174594_888423066664196_2342699932032497290_n-768x700.jpg 768w, https:\/\/tiemaocole.com\/wp-content\/uploads\/2024\/08\/450174594_888423066664196_2342699932032497290_n-860x784.jpg 860w, https:\/\/tiemaocole.com\/wp-content\/uploads\/2024\/08\/450174594_888423066664196_2342699932032497290_n-430x392.jpg 430w, https:\/\/tiemaocole.com\/wp-content\/uploads\/2024\/08\/450174594_888423066664196_2342699932032497290_n-700x638.jpg 700w, https:\/\/tiemaocole.com\/wp-content\/uploads\/2024\/08\/450174594_888423066664196_2342699932032497290_n-150x137.jpg 150w\" sizes=\"auto, (max-width: 954px) 100vw, 954px\" \/><p id=\"caption-attachment-14495\" class=\"wp-caption-text\">\u00c1o h\u1ecdp l\u1edbp 20 n\u0103m ra tr\u01b0\u1eddng<\/p><\/div>\n<div id=\"attachment_14494\" style=\"width: 896px\" class=\"wp-caption aligncenter\"><img loading=\"lazy\" decoding=\"async\" aria-describedby=\"caption-attachment-14494\" class=\"size-full wp-image-14494\" src=\"https:\/\/tiemaocole.com\/wp-content\/uploads\/2024\/08\/450191180_888423116664191_3463837985148884583_n.jpg\" alt=\"\u00c1o h\u1ecdp l\u1edbp 20 n\u0103m ra tr\u01b0\u1eddng\" width=\"886\" height=\"850\" srcset=\"https:\/\/tiemaocole.com\/wp-content\/uploads\/2024\/08\/450191180_888423116664191_3463837985148884583_n.jpg 886w, https:\/\/tiemaocole.com\/wp-content\/uploads\/2024\/08\/450191180_888423116664191_3463837985148884583_n-313x300.jpg 313w, https:\/\/tiemaocole.com\/wp-content\/uploads\/2024\/08\/450191180_888423116664191_3463837985148884583_n-834x800.jpg 834w, https:\/\/tiemaocole.com\/wp-content\/uploads\/2024\/08\/450191180_888423116664191_3463837985148884583_n-768x737.jpg 768w, https:\/\/tiemaocole.com\/wp-content\/uploads\/2024\/08\/450191180_888423116664191_3463837985148884583_n-860x825.jpg 860w, https:\/\/tiemaocole.com\/wp-content\/uploads\/2024\/08\/450191180_888423116664191_3463837985148884583_n-430x413.jpg 430w, https:\/\/tiemaocole.com\/wp-content\/uploads\/2024\/08\/450191180_888423116664191_3463837985148884583_n-700x672.jpg 700w, https:\/\/tiemaocole.com\/wp-content\/uploads\/2024\/08\/450191180_888423116664191_3463837985148884583_n-150x144.jpg 150w\" sizes=\"auto, (max-width: 886px) 100vw, 886px\" \/><p id=\"caption-attachment-14494\" class=\"wp-caption-text\">\u00c1o h\u1ecdp l\u1edbp 20 n\u0103m ra tr\u01b0\u1eddng<\/p><\/div>\n<div id=\"attachment_14493\" style=\"width: 935px\" class=\"wp-caption aligncenter\"><img loading=\"lazy\" decoding=\"async\" aria-describedby=\"caption-attachment-14493\" class=\"size-full wp-image-14493\" src=\"https:\/\/tiemaocole.com\/wp-content\/uploads\/2024\/08\/450381303_888423153330854_7378697060633026803_n.jpg\" alt=\"\u00c1o h\u1ecdp l\u1edbp 20 n\u0103m ra tr\u01b0\u1eddng\" width=\"925\" height=\"885\" srcset=\"https:\/\/tiemaocole.com\/wp-content\/uploads\/2024\/08\/450381303_888423153330854_7378697060633026803_n.jpg 925w, https:\/\/tiemaocole.com\/wp-content\/uploads\/2024\/08\/450381303_888423153330854_7378697060633026803_n-314x300.jpg 314w, https:\/\/tiemaocole.com\/wp-content\/uploads\/2024\/08\/450381303_888423153330854_7378697060633026803_n-836x800.jpg 836w, https:\/\/tiemaocole.com\/wp-content\/uploads\/2024\/08\/450381303_888423153330854_7378697060633026803_n-768x735.jpg 768w, https:\/\/tiemaocole.com\/wp-content\/uploads\/2024\/08\/450381303_888423153330854_7378697060633026803_n-860x823.jpg 860w, https:\/\/tiemaocole.com\/wp-content\/uploads\/2024\/08\/450381303_888423153330854_7378697060633026803_n-430x411.jpg 430w, https:\/\/tiemaocole.com\/wp-content\/uploads\/2024\/08\/450381303_888423153330854_7378697060633026803_n-700x670.jpg 700w, https:\/\/tiemaocole.com\/wp-content\/uploads\/2024\/08\/450381303_888423153330854_7378697060633026803_n-150x144.jpg 150w\" sizes=\"auto, (max-width: 925px) 100vw, 925px\" \/><p id=\"caption-attachment-14493\" class=\"wp-caption-text\">\u00c1o h\u1ecdp l\u1edbp 20 n\u0103m ra tr\u01b0\u1eddng<\/p><\/div>\n<div id=\"attachment_14492\" style=\"width: 951px\" class=\"wp-caption aligncenter\"><img loading=\"lazy\" decoding=\"async\" aria-describedby=\"caption-attachment-14492\" class=\"size-full wp-image-14492\" src=\"https:\/\/tiemaocole.com\/wp-content\/uploads\/2024\/08\/450367085_888422973330872_3327547321088560827_n.jpg\" alt=\"\u00c1o h\u1ecdp l\u1edbp 20 n\u0103m ra tr\u01b0\u1eddng\" width=\"941\" height=\"853\" srcset=\"https:\/\/tiemaocole.com\/wp-content\/uploads\/2024\/08\/450367085_888422973330872_3327547321088560827_n.jpg 941w, https:\/\/tiemaocole.com\/wp-content\/uploads\/2024\/08\/450367085_888422973330872_3327547321088560827_n-331x300.jpg 331w, https:\/\/tiemaocole.com\/wp-content\/uploads\/2024\/08\/450367085_888422973330872_3327547321088560827_n-883x800.jpg 883w, https:\/\/tiemaocole.com\/wp-content\/uploads\/2024\/08\/450367085_888422973330872_3327547321088560827_n-768x696.jpg 768w, https:\/\/tiemaocole.com\/wp-content\/uploads\/2024\/08\/450367085_888422973330872_3327547321088560827_n-860x780.jpg 860w, https:\/\/tiemaocole.com\/wp-content\/uploads\/2024\/08\/450367085_888422973330872_3327547321088560827_n-430x390.jpg 430w, https:\/\/tiemaocole.com\/wp-content\/uploads\/2024\/08\/450367085_888422973330872_3327547321088560827_n-700x635.jpg 700w, https:\/\/tiemaocole.com\/wp-content\/uploads\/2024\/08\/450367085_888422973330872_3327547321088560827_n-150x136.jpg 150w\" sizes=\"auto, (max-width: 941px) 100vw, 941px\" \/><p id=\"caption-attachment-14492\" class=\"wp-caption-text\">\u00c1o h\u1ecdp l\u1edbp 20 n\u0103m ra tr\u01b0\u1eddng<\/p><\/div>\n","protected":false},"excerpt":{"rendered":"<p>\u00c1o h\u1ecdp l\u1edbp 20 n\u0103m ra tr\u01b0\u1eddng th\u01b0\u1eddng mang phong c\u00e1ch trang tr\u1ecdng nh\u01b0ng v\u1eabn gi\u1eef n\u00e9t tr\u1ebb trung, k\u1ef7 ni\u1ec7m v\u1ec1 th\u1eddi h\u1ecdc sinh.<\/p>\n<ul>\n<li>\u00c1o th\u01b0\u1eddng c\u00f3 m\u00e0u trung t\u00ednh ho\u1eb7c n\u1ed5i b\u1eadt, nh\u01b0 xanh, tr\u1eafng, ho\u1eb7c \u0111en, d\u1ec5 ph\u1ed1i v\u1edbi trang ph\u1ee5c kh\u00e1c. \u0110\u00f4i khi m\u00e0u s\u1eafc \u0111\u01b0\u1ee3c ch\u1ecdn d\u1ef1a tr\u00ean m\u00e0u truy\u1ec1n th\u1ed1ng c\u1ee7a tr\u01b0\u1eddng ho\u1eb7c l\u1edbp.<\/li>\n<li>Logo c\u1ee7a tr\u01b0\u1eddng ho\u1eb7c bi\u1ec3u t\u01b0\u1ee3ng ri\u00eang c\u1ee7a l\u1edbp th\u01b0\u1eddng \u0111\u01b0\u1ee3c in \u1edf ng\u1ef1c tr\u00e1i ho\u1eb7c gi\u1eefa \u00e1o. N\u00f3 gi\u00fap g\u1ee3i nh\u1edb v\u1ec1 ng\u00f4i tr\u01b0\u1eddng \u0111\u00e3 g\u1eafn b\u00f3.Ph\u00eda sau \u00e1o th\u01b0\u1eddng in nh\u1eefng c\u00e2u slogan, n\u0103m t\u1ed1t nghi\u1ec7p ho\u1eb7c s\u1ed1 20 \u0111\u1ec3 nh\u1ea5n m\u1ea1nh k\u1ef7 ni\u1ec7m 20 n\u0103m ra tr\u01b0\u1eddng.\n<p>\u00c1o h\u1ecdp l\u1edbp 20 n\u0103m th\u01b0\u1eddng mang t\u00ednh ch\u1ea5t g\u1ee3i nh\u1edb v\u00e0 th\u00e2n thi\u1ec7n, th\u1ec3 hi\u1ec7n t\u00ecnh b\u1ea1n b\u1ec1n l\u00e2u qua n\u0103m th\u00e1ng.<\/li>\n<\/ul>\n","protected":false},"featured_media":14492,"comment_status":"open","ping_status":"closed","template":"","meta":[],"product_cat":[42],"product_tag":[146,147,92],"class_list":{"0":"post-14497","1":"product","2":"type-product","3":"status-publish","4":"has-post-thumbnail","6":"product_cat-dong-phuc-hop-lop","7":"product_tag-ao-dong-phuc","8":"product_tag-ao-hop-lop","9":"product_tag-ao-ki-niem","11":"first","12":"instock","13":"shipping-taxable","14":"product-type-simple"},"jetpack_sharing_enabled":true,"_links":{"self":[{"href":"https:\/\/tiemaocole.com\/index.php?rest_route=\/wp\/v3\/product\/14497","targetHints":{"allow":["GET"]}}],"collection":[{"href":"https:\/\/tiemaocole.com\/index.php?rest_route=\/wp\/v3\/product"}],"about":[{"href":"https:\/\/tiemaocole.com\/index.php?rest_route=\/wp\/v2\/types\/product"}],"replies":[{"embeddable":true,"href":"https:\/\/tiemaocole.com\/index.php?rest_route=%2Fwp%2Fv2%2Fcomments&post=14497"}],"version-history":[{"count":2,"href":"https:\/\/tiemaocole.com\/index.php?rest_route=\/wp\/v3\/product\/14497\/revisions"}],"predecessor-version":[{"id":14499,"href":"https:\/\/tiemaocole.com\/index.php?rest_route=\/wp\/v3\/product\/14497\/revisions\/14499"}],"wp:featuredmedia":[{"embeddable":true,"href":"https:\/\/tiemaocole.com\/index.php?rest_route=\/wp\/v2\/media\/14492"}],"wp:attachment":[{"href":"https:\/\/tiemaocole.com\/index.php?rest_route=%2Fwp%2Fv2%2Fmedia&parent=14497"}],"wp:term":[{"taxonomy":"product_cat","embeddable":true,"href":"https:\/\/tiemaocole.com\/index.php?rest_route=%2Fwp%2Fv2%2Fproduct_cat&post=14497"},{"taxonomy":"product_tag","embeddable":true,"href":"https:\/\/tiemaocole.com\/index.php?rest_route=%2Fwp%2Fv2%2Fproduct_tag&post=14497"}],"curies":[{"name":"wp","href":"https:\/\/api.w.org\/{rel}","templated":true}]}}