{"id":14521,"date":"2024-08-29T03:00:28","date_gmt":"2024-08-29T03:00:28","guid":{"rendered":"https:\/\/tiemaocole.com\/?post_type=product&#038;p=14521"},"modified":"2024-08-29T03:50:48","modified_gmt":"2024-08-29T03:50:48","slug":"mau-ao-doi-gio-tay","status":"publish","type":"product","link":"https:\/\/tiemaocole.com\/?product=mau-ao-doi-gio-tay","title":{"rendered":"M\u1eabu \u00c1o \u0110\u00f4i Gi\u01a1 Tay"},"content":{"rendered":"<div id=\"attachment_14522\" style=\"width: 1286px\" class=\"wp-caption aligncenter\"><img loading=\"lazy\" decoding=\"async\" aria-describedby=\"caption-attachment-14522\" class=\"size-full wp-image-14522\" src=\"https:\/\/tiemaocole.com\/wp-content\/uploads\/2024\/08\/O1CN01S5MPkh1bialtLSYq0_2217533663499-0-cib.png\" alt=\"M\u1eabu \u00e1o \u0111\u00f4i gi\u01a1 tay\" width=\"1276\" height=\"1276\" srcset=\"https:\/\/tiemaocole.com\/wp-content\/uploads\/2024\/08\/O1CN01S5MPkh1bialtLSYq0_2217533663499-0-cib.png 1276w, https:\/\/tiemaocole.com\/wp-content\/uploads\/2024\/08\/O1CN01S5MPkh1bialtLSYq0_2217533663499-0-cib-300x300.png 300w, https:\/\/tiemaocole.com\/wp-content\/uploads\/2024\/08\/O1CN01S5MPkh1bialtLSYq0_2217533663499-0-cib-800x800.png 800w, https:\/\/tiemaocole.com\/wp-content\/uploads\/2024\/08\/O1CN01S5MPkh1bialtLSYq0_2217533663499-0-cib-150x150.png 150w, https:\/\/tiemaocole.com\/wp-content\/uploads\/2024\/08\/O1CN01S5MPkh1bialtLSYq0_2217533663499-0-cib-768x768.png 768w, https:\/\/tiemaocole.com\/wp-content\/uploads\/2024\/08\/O1CN01S5MPkh1bialtLSYq0_2217533663499-0-cib-860x860.png 860w, https:\/\/tiemaocole.com\/wp-content\/uploads\/2024\/08\/O1CN01S5MPkh1bialtLSYq0_2217533663499-0-cib-430x430.png 430w, https:\/\/tiemaocole.com\/wp-content\/uploads\/2024\/08\/O1CN01S5MPkh1bialtLSYq0_2217533663499-0-cib-700x700.png 700w\" sizes=\"auto, (max-width: 1276px) 100vw, 1276px\" \/><p id=\"caption-attachment-14522\" class=\"wp-caption-text\">M\u1eabu \u00e1o \u0111\u00f4i gi\u01a1 tay<\/p><\/div>\n<div id=\"attachment_14523\" style=\"width: 1286px\" class=\"wp-caption aligncenter\"><img loading=\"lazy\" decoding=\"async\" aria-describedby=\"caption-attachment-14523\" class=\"size-full wp-image-14523\" src=\"https:\/\/tiemaocole.com\/wp-content\/uploads\/2024\/08\/O1CN01Dqaq6s1bialO4jk5K_2217533663499-0-cib.png\" alt=\"M\u1eabu \u00e1o \u0111\u00f4i gi\u01a1 tay\" width=\"1276\" height=\"1276\" srcset=\"https:\/\/tiemaocole.com\/wp-content\/uploads\/2024\/08\/O1CN01Dqaq6s1bialO4jk5K_2217533663499-0-cib.png 1276w, https:\/\/tiemaocole.com\/wp-content\/uploads\/2024\/08\/O1CN01Dqaq6s1bialO4jk5K_2217533663499-0-cib-300x300.png 300w, https:\/\/tiemaocole.com\/wp-content\/uploads\/2024\/08\/O1CN01Dqaq6s1bialO4jk5K_2217533663499-0-cib-800x800.png 800w, https:\/\/tiemaocole.com\/wp-content\/uploads\/2024\/08\/O1CN01Dqaq6s1bialO4jk5K_2217533663499-0-cib-150x150.png 150w, https:\/\/tiemaocole.com\/wp-content\/uploads\/2024\/08\/O1CN01Dqaq6s1bialO4jk5K_2217533663499-0-cib-768x768.png 768w, https:\/\/tiemaocole.com\/wp-content\/uploads\/2024\/08\/O1CN01Dqaq6s1bialO4jk5K_2217533663499-0-cib-860x860.png 860w, https:\/\/tiemaocole.com\/wp-content\/uploads\/2024\/08\/O1CN01Dqaq6s1bialO4jk5K_2217533663499-0-cib-430x430.png 430w, https:\/\/tiemaocole.com\/wp-content\/uploads\/2024\/08\/O1CN01Dqaq6s1bialO4jk5K_2217533663499-0-cib-700x700.png 700w\" sizes=\"auto, (max-width: 1276px) 100vw, 1276px\" \/><p id=\"caption-attachment-14523\" class=\"wp-caption-text\">M\u1eabu \u00e1o \u0111\u00f4i gi\u01a1 tay<\/p><\/div>\n<div id=\"attachment_14524\" style=\"width: 1286px\" class=\"wp-caption aligncenter\"><img loading=\"lazy\" decoding=\"async\" aria-describedby=\"caption-attachment-14524\" class=\"size-full wp-image-14524\" src=\"https:\/\/tiemaocole.com\/wp-content\/uploads\/2024\/08\/O1CN011aEKOX1bialO4QXql_2217533663499-0-cib.png\" alt=\"M\u1eabu \u00e1o \u0111\u00f4i gi\u01a1 tay\" width=\"1276\" height=\"1276\" srcset=\"https:\/\/tiemaocole.com\/wp-content\/uploads\/2024\/08\/O1CN011aEKOX1bialO4QXql_2217533663499-0-cib.png 1276w, https:\/\/tiemaocole.com\/wp-content\/uploads\/2024\/08\/O1CN011aEKOX1bialO4QXql_2217533663499-0-cib-300x300.png 300w, https:\/\/tiemaocole.com\/wp-content\/uploads\/2024\/08\/O1CN011aEKOX1bialO4QXql_2217533663499-0-cib-800x800.png 800w, https:\/\/tiemaocole.com\/wp-content\/uploads\/2024\/08\/O1CN011aEKOX1bialO4QXql_2217533663499-0-cib-150x150.png 150w, https:\/\/tiemaocole.com\/wp-content\/uploads\/2024\/08\/O1CN011aEKOX1bialO4QXql_2217533663499-0-cib-768x768.png 768w, https:\/\/tiemaocole.com\/wp-content\/uploads\/2024\/08\/O1CN011aEKOX1bialO4QXql_2217533663499-0-cib-860x860.png 860w, https:\/\/tiemaocole.com\/wp-content\/uploads\/2024\/08\/O1CN011aEKOX1bialO4QXql_2217533663499-0-cib-430x430.png 430w, https:\/\/tiemaocole.com\/wp-content\/uploads\/2024\/08\/O1CN011aEKOX1bialO4QXql_2217533663499-0-cib-700x700.png 700w\" sizes=\"auto, (max-width: 1276px) 100vw, 1276px\" \/><p id=\"caption-attachment-14524\" class=\"wp-caption-text\">M\u1eabu \u00e1o \u0111\u00f4i gi\u01a1 tay<\/p><\/div>\n","protected":false},"excerpt":{"rendered":"<p>\u00c1o \u0111\u00f4i chibi th\u01b0\u1eddng l\u00e0 \u00e1o thun ho\u1eb7c \u00e1o hoodie \u0111\u01b0\u1ee3c thi\u1ebft k\u1ebf d\u00e0nh cho c\u1eb7p \u0111\u00f4i. Ch\u00fang th\u01b0\u1eddng c\u00f3 h\u00ecnh \u1ea3nh d\u1ec5 th\u01b0\u01a1ng, vui nh\u1ed9n theo phong c\u00e1ch chibi &#8211; m\u1ed9t phong c\u00e1ch ho\u1ea1t h\u00ecnh v\u1edbi nh\u00e2n v\u1eadt c\u00f3 \u0111\u1ea7u l\u1edbn, m\u1eaft to v\u00e0 th\u00e2n h\u00ecnh nh\u1ecf nh\u1eafn<\/p>\n<p>M\u1ed7i chi\u1ebfc \u00e1o trong b\u1ed9 \u00e1o \u0111\u00f4i s\u1ebd c\u00f3 m\u1ed9t n\u1eeda h\u00ecnh v\u1ebd ho\u1eb7c h\u00ecnh \u1ea3nh li\u00ean k\u1ebft v\u1edbi nhau khi hai ng\u01b0\u1eddi \u0111\u1ee9ng g\u1ea7n nhau. V\u00ed d\u1ee5, m\u1ed9t chi\u1ebfc \u00e1o c\u00f3 th\u1ec3 in h\u00ecnh chibi c\u1ee7a m\u1ed9t nh\u00e2n v\u1eadt nam \u0111ang \u0111\u01b0a tay ra, v\u00e0 chi\u1ebfc \u00e1o kia s\u1ebd c\u00f3 h\u00ecnh chibi c\u1ee7a m\u1ed9t nh\u00e2n v\u1eadt n\u1eef \u0111ang c\u1ea7m tay l\u1ea1i<\/p>\n<p>C\u00e1c h\u1ecda ti\u1ebft th\u01b0\u1eddng mang m\u00e0u s\u1eafc t\u01b0\u01a1i s\u00e1ng v\u00e0 \u0111\u01b0\u1ee3c thi\u1ebft k\u1ebf \u0111\u1ec3 truy\u1ec1n t\u1ea3i th\u00f4ng \u0111i\u1ec7p v\u1ec1 t\u00ecnh y\u00eau v\u00e0 s\u1ef1 g\u1eafn k\u1ebft gi\u1eefa hai ng\u01b0\u1eddi.<\/p>\n","protected":false},"featured_media":14524,"comment_status":"open","ping_status":"closed","template":"","meta":[],"product_cat":[53,20],"product_tag":[141,73,150],"class_list":{"0":"post-14521","1":"product","2":"type-product","3":"status-publish","4":"has-post-thumbnail","6":"product_cat-ao-doi-ao-nhom","7":"product_cat-dong-phuc-gia-dinh","8":"product_tag-ao-doi","9":"product_tag-ao-gia-dinh","10":"product_tag-mau-chibi","12":"first","13":"instock","14":"shipping-taxable","15":"product-type-simple"},"jetpack_sharing_enabled":true,"_links":{"self":[{"href":"https:\/\/tiemaocole.com\/index.php?rest_route=\/wp\/v3\/product\/14521","targetHints":{"allow":["GET"]}}],"collection":[{"href":"https:\/\/tiemaocole.com\/index.php?rest_route=\/wp\/v3\/product"}],"about":[{"href":"https:\/\/tiemaocole.com\/index.php?rest_route=\/wp\/v2\/types\/product"}],"replies":[{"embeddable":true,"href":"https:\/\/tiemaocole.com\/index.php?rest_route=%2Fwp%2Fv2%2Fcomments&post=14521"}],"version-history":[{"count":1,"href":"https:\/\/tiemaocole.com\/index.php?rest_route=\/wp\/v3\/product\/14521\/revisions"}],"predecessor-version":[{"id":14525,"href":"https:\/\/tiemaocole.com\/index.php?rest_route=\/wp\/v3\/product\/14521\/revisions\/14525"}],"wp:featuredmedia":[{"embeddable":true,"href":"https:\/\/tiemaocole.com\/index.php?rest_route=\/wp\/v2\/media\/14524"}],"wp:attachment":[{"href":"https:\/\/tiemaocole.com\/index.php?rest_route=%2Fwp%2Fv2%2Fmedia&parent=14521"}],"wp:term":[{"taxonomy":"product_cat","embeddable":true,"href":"https:\/\/tiemaocole.com\/index.php?rest_route=%2Fwp%2Fv2%2Fproduct_cat&post=14521"},{"taxonomy":"product_tag","embeddable":true,"href":"https:\/\/tiemaocole.com\/index.php?rest_route=%2Fwp%2Fv2%2Fproduct_tag&post=14521"}],"curies":[{"name":"wp","href":"https:\/\/api.w.org\/{rel}","templated":true}]}}