{"id":14526,"date":"2024-09-12T04:10:55","date_gmt":"2024-09-12T04:10:55","guid":{"rendered":"https:\/\/tiemaocole.com\/?post_type=product&#038;p=14526"},"modified":"2024-09-12T04:22:55","modified_gmt":"2024-09-12T04:22:55","slug":"ao-phong-theu-ten-gia-dinh","status":"publish","type":"product","link":"https:\/\/tiemaocole.com\/?product=ao-phong-theu-ten-gia-dinh","title":{"rendered":"\u00c1o Ph\u00f4ng Th\u00eau T\u00ean Gia \u0110\u00ecnh"},"content":{"rendered":"<div id=\"attachment_14527\" style=\"width: 1546px\" class=\"wp-caption aligncenter\"><img loading=\"lazy\" decoding=\"async\" aria-describedby=\"caption-attachment-14527\" class=\"size-full wp-image-14527\" src=\"https:\/\/tiemaocole.com\/wp-content\/uploads\/2024\/09\/458498165_925496732956829_2025678646300072813_n.jpg\" alt=\"\u00c1o ph\u00f4ng th\u00eau t\u00ean gia \u0111inh\" width=\"1536\" height=\"2048\" srcset=\"https:\/\/tiemaocole.com\/wp-content\/uploads\/2024\/09\/458498165_925496732956829_2025678646300072813_n.jpg 1536w, https:\/\/tiemaocole.com\/wp-content\/uploads\/2024\/09\/458498165_925496732956829_2025678646300072813_n-225x300.jpg 225w, https:\/\/tiemaocole.com\/wp-content\/uploads\/2024\/09\/458498165_925496732956829_2025678646300072813_n-600x800.jpg 600w, https:\/\/tiemaocole.com\/wp-content\/uploads\/2024\/09\/458498165_925496732956829_2025678646300072813_n-768x1024.jpg 768w, https:\/\/tiemaocole.com\/wp-content\/uploads\/2024\/09\/458498165_925496732956829_2025678646300072813_n-1152x1536.jpg 1152w, https:\/\/tiemaocole.com\/wp-content\/uploads\/2024\/09\/458498165_925496732956829_2025678646300072813_n-860x1147.jpg 860w, https:\/\/tiemaocole.com\/wp-content\/uploads\/2024\/09\/458498165_925496732956829_2025678646300072813_n-430x573.jpg 430w, https:\/\/tiemaocole.com\/wp-content\/uploads\/2024\/09\/458498165_925496732956829_2025678646300072813_n-700x933.jpg 700w, https:\/\/tiemaocole.com\/wp-content\/uploads\/2024\/09\/458498165_925496732956829_2025678646300072813_n-150x200.jpg 150w\" sizes=\"auto, (max-width: 1536px) 100vw, 1536px\" \/><p id=\"caption-attachment-14527\" class=\"wp-caption-text\">\u00c1o ph\u00f4ng th\u00eau t\u00ean gia \u0111inh<\/p><\/div>\n<div id=\"attachment_14528\" style=\"width: 1930px\" class=\"wp-caption aligncenter\"><img loading=\"lazy\" decoding=\"async\" aria-describedby=\"caption-attachment-14528\" class=\"size-full wp-image-14528\" src=\"https:\/\/tiemaocole.com\/wp-content\/uploads\/2024\/09\/z5798617692811_93339ed02486187b5424a887362ae62c.jpg\" alt=\"\u00c1o ph\u00f4ng th\u00eau t\u00ean gia \u0111inh\" width=\"1920\" height=\"2560\" srcset=\"https:\/\/tiemaocole.com\/wp-content\/uploads\/2024\/09\/z5798617692811_93339ed02486187b5424a887362ae62c.jpg 1920w, https:\/\/tiemaocole.com\/wp-content\/uploads\/2024\/09\/z5798617692811_93339ed02486187b5424a887362ae62c-225x300.jpg 225w, https:\/\/tiemaocole.com\/wp-content\/uploads\/2024\/09\/z5798617692811_93339ed02486187b5424a887362ae62c-600x800.jpg 600w, https:\/\/tiemaocole.com\/wp-content\/uploads\/2024\/09\/z5798617692811_93339ed02486187b5424a887362ae62c-768x1024.jpg 768w, https:\/\/tiemaocole.com\/wp-content\/uploads\/2024\/09\/z5798617692811_93339ed02486187b5424a887362ae62c-1152x1536.jpg 1152w, https:\/\/tiemaocole.com\/wp-content\/uploads\/2024\/09\/z5798617692811_93339ed02486187b5424a887362ae62c-1536x2048.jpg 1536w, https:\/\/tiemaocole.com\/wp-content\/uploads\/2024\/09\/z5798617692811_93339ed02486187b5424a887362ae62c-860x1147.jpg 860w, https:\/\/tiemaocole.com\/wp-content\/uploads\/2024\/09\/z5798617692811_93339ed02486187b5424a887362ae62c-430x573.jpg 430w, https:\/\/tiemaocole.com\/wp-content\/uploads\/2024\/09\/z5798617692811_93339ed02486187b5424a887362ae62c-700x933.jpg 700w, https:\/\/tiemaocole.com\/wp-content\/uploads\/2024\/09\/z5798617692811_93339ed02486187b5424a887362ae62c-150x200.jpg 150w\" sizes=\"auto, (max-width: 1920px) 100vw, 1920px\" \/><p id=\"caption-attachment-14528\" class=\"wp-caption-text\">\u00c1o ph\u00f4ng th\u00eau t\u00ean gia \u0111inh<\/p><\/div>\n<div id=\"attachment_14529\" style=\"width: 1930px\" class=\"wp-caption aligncenter\"><img loading=\"lazy\" decoding=\"async\" aria-describedby=\"caption-attachment-14529\" class=\"size-full wp-image-14529\" src=\"https:\/\/tiemaocole.com\/wp-content\/uploads\/2024\/09\/z5798620581113_1058a1149fc705cba0b4874c4368d615.jpg\" alt=\"\u00c1o ph\u00f4ng th\u00eau t\u00ean gia \u0111inh\" width=\"1920\" height=\"2560\" srcset=\"https:\/\/tiemaocole.com\/wp-content\/uploads\/2024\/09\/z5798620581113_1058a1149fc705cba0b4874c4368d615.jpg 1920w, https:\/\/tiemaocole.com\/wp-content\/uploads\/2024\/09\/z5798620581113_1058a1149fc705cba0b4874c4368d615-225x300.jpg 225w, https:\/\/tiemaocole.com\/wp-content\/uploads\/2024\/09\/z5798620581113_1058a1149fc705cba0b4874c4368d615-600x800.jpg 600w, https:\/\/tiemaocole.com\/wp-content\/uploads\/2024\/09\/z5798620581113_1058a1149fc705cba0b4874c4368d615-768x1024.jpg 768w, https:\/\/tiemaocole.com\/wp-content\/uploads\/2024\/09\/z5798620581113_1058a1149fc705cba0b4874c4368d615-1152x1536.jpg 1152w, https:\/\/tiemaocole.com\/wp-content\/uploads\/2024\/09\/z5798620581113_1058a1149fc705cba0b4874c4368d615-1536x2048.jpg 1536w, https:\/\/tiemaocole.com\/wp-content\/uploads\/2024\/09\/z5798620581113_1058a1149fc705cba0b4874c4368d615-860x1147.jpg 860w, https:\/\/tiemaocole.com\/wp-content\/uploads\/2024\/09\/z5798620581113_1058a1149fc705cba0b4874c4368d615-430x573.jpg 430w, https:\/\/tiemaocole.com\/wp-content\/uploads\/2024\/09\/z5798620581113_1058a1149fc705cba0b4874c4368d615-700x933.jpg 700w, https:\/\/tiemaocole.com\/wp-content\/uploads\/2024\/09\/z5798620581113_1058a1149fc705cba0b4874c4368d615-150x200.jpg 150w\" sizes=\"auto, (max-width: 1920px) 100vw, 1920px\" \/><p id=\"caption-attachment-14529\" class=\"wp-caption-text\">\u00c1o ph\u00f4ng th\u00eau t\u00ean gia \u0111inh<\/p><\/div>\n","protected":false},"excerpt":{"rendered":"<div class=\"flex-shrink-0 flex flex-col relative items-end\">\n<div>\n<div class=\"pt-0\">\n<div class=\"gizmo-bot-avatar flex h-8 w-8 items-center justify-center overflow-hidden rounded-full\">\n<div class=\"relative p-1 rounded-sm flex items-center justify-center bg-token-main-surface-primary text-token-text-primary h-8 w-8\">\u00c1o th\u00eau t\u00ean gia \u0111\u00ecnh th\u01b0\u1eddng mang phong c\u00e1ch c\u00e1 nh\u00e2n h\u00f3a, v\u1edbi s\u1ef1 ch\u00fa tr\u1ecdng \u0111\u1ebfn vi\u1ec7c th\u00eau t\u00ean c\u00e1c th\u00e0nh vi\u00ean trong gia \u0111\u00ecnh ho\u1eb7c t\u00ean h\u1ecd chung.<\/div>\n<div><\/div>\n<div><strong>Ch\u1ea5t li\u1ec7u<\/strong>: Th\u01b0\u1eddng s\u1eed d\u1ee5ng c\u00e1c lo\u1ea1i v\u1ea3i m\u1ec1m m\u1ea1i, tho\u1ea3i m\u00e1i ph\u00f9 h\u1ee3p \u0111\u1ec3 m\u1eb7c h\u00e0ng ng\u00e0y ho\u1eb7c trong c\u00e1c d\u1ecbp gia \u0111\u00ecnh.<\/div>\n<div><\/div>\n<div><strong>V\u1ecb tr\u00ed th\u00eau<\/strong>: T\u00ean th\u01b0\u1eddng \u0111\u01b0\u1ee3c th\u00eau tr\u00ean ng\u1ef1c tr\u00e1i, ngay tr\u00ean v\u00f9ng tr\u00e1i tim, ho\u1eb7c ph\u00eda sau l\u01b0ng. M\u1ed9t s\u1ed1 m\u1eabu c\u00f2n c\u00f3 th\u1ec3 th\u00eau \u1edf c\u00e1nh tay ho\u1eb7c c\u1ed5 \u00e1o.<\/div>\n<div><\/div>\n<div><strong>Phong c\u00e1ch th\u00eau<\/strong>: Ch\u1eef th\u00eau th\u01b0\u1eddng s\u1eed d\u1ee5ng c\u00e1c ki\u1ec3u ch\u1eef vi\u1ebft tay m\u1ec1m m\u1ea1i ho\u1eb7c n\u00e9t th\u00eau s\u1eafc s\u1ea3o, t\u00f9y v\u00e0o phong c\u00e1ch m\u00e0 gia \u0111\u00ecnh mong mu\u1ed1n.<\/div>\n<\/div>\n<\/div>\n<\/div>\n<\/div>\n","protected":false},"featured_media":14529,"comment_status":"open","ping_status":"closed","template":"","meta":[],"product_cat":[20],"product_tag":[73,144],"class_list":{"0":"post-14526","1":"product","2":"type-product","3":"status-publish","4":"has-post-thumbnail","6":"product_cat-dong-phuc-gia-dinh","7":"product_tag-ao-gia-dinh","8":"product_tag-ao-theu","10":"first","11":"instock","12":"shipping-taxable","13":"product-type-simple"},"jetpack_sharing_enabled":true,"_links":{"self":[{"href":"https:\/\/tiemaocole.com\/index.php?rest_route=\/wp\/v3\/product\/14526","targetHints":{"allow":["GET"]}}],"collection":[{"href":"https:\/\/tiemaocole.com\/index.php?rest_route=\/wp\/v3\/product"}],"about":[{"href":"https:\/\/tiemaocole.com\/index.php?rest_route=\/wp\/v2\/types\/product"}],"replies":[{"embeddable":true,"href":"https:\/\/tiemaocole.com\/index.php?rest_route=%2Fwp%2Fv2%2Fcomments&post=14526"}],"version-history":[{"count":1,"href":"https:\/\/tiemaocole.com\/index.php?rest_route=\/wp\/v3\/product\/14526\/revisions"}],"predecessor-version":[{"id":14530,"href":"https:\/\/tiemaocole.com\/index.php?rest_route=\/wp\/v3\/product\/14526\/revisions\/14530"}],"wp:featuredmedia":[{"embeddable":true,"href":"https:\/\/tiemaocole.com\/index.php?rest_route=\/wp\/v2\/media\/14529"}],"wp:attachment":[{"href":"https:\/\/tiemaocole.com\/index.php?rest_route=%2Fwp%2Fv2%2Fmedia&parent=14526"}],"wp:term":[{"taxonomy":"product_cat","embeddable":true,"href":"https:\/\/tiemaocole.com\/index.php?rest_route=%2Fwp%2Fv2%2Fproduct_cat&post=14526"},{"taxonomy":"product_tag","embeddable":true,"href":"https:\/\/tiemaocole.com\/index.php?rest_route=%2Fwp%2Fv2%2Fproduct_tag&post=14526"}],"curies":[{"name":"wp","href":"https:\/\/api.w.org\/{rel}","templated":true}]}}