{"id":14537,"date":"2025-01-08T04:24:21","date_gmt":"2025-01-08T04:24:21","guid":{"rendered":"https:\/\/tiemaocole.com\/?post_type=product&#038;p=14537"},"modified":"2025-01-08T04:30:10","modified_gmt":"2025-01-08T04:30:10","slug":"tui-li-xi-tet","status":"publish","type":"product","link":"https:\/\/tiemaocole.com\/?product=tui-li-xi-tet","title":{"rendered":"T\u00fai L\u00ec X\u00ec T\u1ebft"},"content":{"rendered":"<div id=\"attachment_14539\" style=\"width: 1546px\" class=\"wp-caption aligncenter\"><img loading=\"lazy\" decoding=\"async\" aria-describedby=\"caption-attachment-14539\" class=\"size-full wp-image-14539\" src=\"https:\/\/tiemaocole.com\/wp-content\/uploads\/2025\/01\/472457522_1013064804200021_4227296833211462841_n.jpg\" alt=\"T\u00fai l\u00ec x\u00ec T\u1ebft cho b\u00e9\" width=\"1536\" height=\"2048\" srcset=\"https:\/\/tiemaocole.com\/wp-content\/uploads\/2025\/01\/472457522_1013064804200021_4227296833211462841_n.jpg 1536w, https:\/\/tiemaocole.com\/wp-content\/uploads\/2025\/01\/472457522_1013064804200021_4227296833211462841_n-225x300.jpg 225w, https:\/\/tiemaocole.com\/wp-content\/uploads\/2025\/01\/472457522_1013064804200021_4227296833211462841_n-600x800.jpg 600w, https:\/\/tiemaocole.com\/wp-content\/uploads\/2025\/01\/472457522_1013064804200021_4227296833211462841_n-768x1024.jpg 768w, https:\/\/tiemaocole.com\/wp-content\/uploads\/2025\/01\/472457522_1013064804200021_4227296833211462841_n-1152x1536.jpg 1152w, https:\/\/tiemaocole.com\/wp-content\/uploads\/2025\/01\/472457522_1013064804200021_4227296833211462841_n-860x1147.jpg 860w, https:\/\/tiemaocole.com\/wp-content\/uploads\/2025\/01\/472457522_1013064804200021_4227296833211462841_n-430x573.jpg 430w, https:\/\/tiemaocole.com\/wp-content\/uploads\/2025\/01\/472457522_1013064804200021_4227296833211462841_n-700x933.jpg 700w, https:\/\/tiemaocole.com\/wp-content\/uploads\/2025\/01\/472457522_1013064804200021_4227296833211462841_n-150x200.jpg 150w\" sizes=\"auto, (max-width: 1536px) 100vw, 1536px\" \/><p id=\"caption-attachment-14539\" class=\"wp-caption-text\">T\u00fai l\u00ec x\u00ec T\u1ebft cho b\u00e9<\/p><\/div>\n<div id=\"attachment_14538\" style=\"width: 1043px\" class=\"wp-caption aligncenter\"><img loading=\"lazy\" decoding=\"async\" aria-describedby=\"caption-attachment-14538\" class=\"size-full wp-image-14538\" src=\"https:\/\/tiemaocole.com\/wp-content\/uploads\/2025\/01\/472074162_1010259537813881_1009927625764266466_n.jpg\" alt=\"T\u00fai l\u00ec x\u00ec T\u1ebft cho b\u00e9\" width=\"1033\" height=\"775\" srcset=\"https:\/\/tiemaocole.com\/wp-content\/uploads\/2025\/01\/472074162_1010259537813881_1009927625764266466_n.jpg 1033w, https:\/\/tiemaocole.com\/wp-content\/uploads\/2025\/01\/472074162_1010259537813881_1009927625764266466_n-400x300.jpg 400w, https:\/\/tiemaocole.com\/wp-content\/uploads\/2025\/01\/472074162_1010259537813881_1009927625764266466_n-768x576.jpg 768w, https:\/\/tiemaocole.com\/wp-content\/uploads\/2025\/01\/472074162_1010259537813881_1009927625764266466_n-860x645.jpg 860w, https:\/\/tiemaocole.com\/wp-content\/uploads\/2025\/01\/472074162_1010259537813881_1009927625764266466_n-430x323.jpg 430w, https:\/\/tiemaocole.com\/wp-content\/uploads\/2025\/01\/472074162_1010259537813881_1009927625764266466_n-700x525.jpg 700w, https:\/\/tiemaocole.com\/wp-content\/uploads\/2025\/01\/472074162_1010259537813881_1009927625764266466_n-150x113.jpg 150w\" sizes=\"auto, (max-width: 1033px) 100vw, 1033px\" \/><p id=\"caption-attachment-14538\" class=\"wp-caption-text\">T\u00fai l\u00ec x\u00ec T\u1ebft cho b\u00e9<\/p><\/div>\n","protected":false},"excerpt":{"rendered":"<p><span class=\"html-span xexx8yu x4uap5 x18d9i69 xkhd6sd x1hl2dhg x16tdsg8 x1vvkbs x3nfvp2 x1j61x8r x1fcty0u xdj266r xat24cr xgzva0m xhhsvwb xxymvpz xlup9mm x1kky2od\"><img loading=\"lazy\" decoding=\"async\" class=\"xz74otr\" src=\"https:\/\/static.xx.fbcdn.net\/images\/emoji.php\/v9\/t3\/1\/16\/1f9e7.png\" alt=\"\ud83e\udde7\" width=\"16\" height=\"16\" \/><\/span>T\u00daI L\u00cc X\u00cc TH\u00caU T\u00caN B\u00c9\u00a0<span class=\"html-span xexx8yu x4uap5 x18d9i69 xkhd6sd x1hl2dhg x16tdsg8 x1vvkbs x3nfvp2 x1j61x8r x1fcty0u xdj266r xat24cr xgzva0m xhhsvwb xxymvpz xlup9mm x1kky2od\"><img loading=\"lazy\" decoding=\"async\" class=\"xz74otr\" src=\"https:\/\/static.xx.fbcdn.net\/images\/emoji.php\/v9\/t3\/1\/16\/1f9e7.png\" alt=\"\ud83e\udde7\" width=\"16\" height=\"16\" \/><\/span><br class=\"html-br\" \/>\ud835\udc13\ud835\udc1e\u0302\u0301\ud835\udc2d \u0111\ud835\udc1e\u0302\u0301\ud835\udc27 \ud835\udc27\ud835\udc28\u031b\ud835\udc22 \ud835\udc2b\ud835\udc28\u0302\u0300\ud835\udc22, \ud835\udc28\u0302\u0301\ud835\udc22 \ud835\udc1d\ud835\udc28\u0302\u0300\ud835\udc22 \ud835\udc28\u0302\ud835\udc22 \ud835\udc1c\ud835\udc1a\u0301\ud835\udc1c \ud835\udc1e\ud835\udc26 \ud835\udc26\ud835\udc22\u0300\ud835\udc27\ud835\udc21 \ud835\udc2e\ud835\udc22\ud835\udc22\ud835\udc22\ud835\udc22\ud835\udc22\ud835\udc22\ud835\udc22\ud835\udc22\ud835\udc22\ud835\udc22\ud835\udc22\ud835\udc22\ud835\udc22\ud835\udc22<br class=\"html-br\" \/>C\u0169ng n\u00ean s\u1eafm s\u1eeda cho thu nh\u1eadp ch\u00ednh c\u1ee7a gia \u0111\u00ecnh ch\u1ee9 nh\u1ec9\u00a0<span class=\"html-span xexx8yu x4uap5 x18d9i69 xkhd6sd x1hl2dhg x16tdsg8 x1vvkbs x3nfvp2 x1j61x8r x1fcty0u xdj266r xat24cr xgzva0m xhhsvwb xxymvpz xlup9mm x1kky2od\"><img loading=\"lazy\" decoding=\"async\" class=\"xz74otr\" src=\"https:\/\/static.xx.fbcdn.net\/images\/emoji.php\/v9\/td4\/1\/16\/1f606.png\" alt=\"\ud83d\ude06\" width=\"16\" height=\"16\" \/><\/span><br class=\"html-br\" \/><span class=\"html-span xexx8yu x4uap5 x18d9i69 xkhd6sd x1hl2dhg x16tdsg8 x1vvkbs x3nfvp2 x1j61x8r x1fcty0u xdj266r xat24cr xgzva0m xhhsvwb xxymvpz xlup9mm x1kky2od\"><img loading=\"lazy\" decoding=\"async\" class=\"xz74otr\" src=\"https:\/\/static.xx.fbcdn.net\/images\/emoji.php\/v9\/t3\/1\/16\/1f9e7.png\" alt=\"\ud83e\udde7\" width=\"16\" height=\"16\" \/><\/span>\u00a0T\u00fai c\u00f3 2 m\u00e0u: Be &amp; H\u1ed3ng<br class=\"html-br\" \/><span class=\"html-span xexx8yu x4uap5 x18d9i69 xkhd6sd x1hl2dhg x16tdsg8 x1vvkbs x3nfvp2 x1j61x8r x1fcty0u xdj266r xat24cr xgzva0m xhhsvwb xxymvpz xlup9mm x1kky2od\"><img loading=\"lazy\" decoding=\"async\" class=\"xz74otr\" src=\"https:\/\/static.xx.fbcdn.net\/images\/emoji.php\/v9\/t3\/1\/16\/1f9e7.png\" alt=\"\ud83e\udde7\" width=\"16\" height=\"16\" \/><\/span>\u00a0Ch\u1ea5t li\u1ec7u: ch\u1ea7n b\u00f4ng 2 l\u1edbp (c\u00f3 l\u1edbp v\u1ea3i l\u00f3t b\u00ean trong t\u00fai).<br class=\"html-br\" \/><span class=\"html-span xexx8yu x4uap5 x18d9i69 xkhd6sd x1hl2dhg x16tdsg8 x1vvkbs x3nfvp2 x1j61x8r x1fcty0u xdj266r xat24cr xgzva0m xhhsvwb xxymvpz xlup9mm x1kky2od\"><img loading=\"lazy\" decoding=\"async\" class=\"xz74otr\" src=\"https:\/\/static.xx.fbcdn.net\/images\/emoji.php\/v9\/t9b\/1\/16\/1f33c.png\" alt=\"\ud83c\udf3c\" width=\"16\" height=\"16\" \/><\/span>\u00a0T\u00fai \u0111eo \u0111\u01b0\u1ee3c 2 ki\u1ec3u: balo &amp; \u0111eo ch\u00e9o<br class=\"html-br\" \/><span class=\"html-span xexx8yu x4uap5 x18d9i69 xkhd6sd x1hl2dhg x16tdsg8 x1vvkbs x3nfvp2 x1j61x8r x1fcty0u xdj266r xat24cr xgzva0m xhhsvwb xxymvpz xlup9mm x1kky2od\"><img loading=\"lazy\" decoding=\"async\" class=\"xz74otr\" src=\"https:\/\/static.xx.fbcdn.net\/images\/emoji.php\/v9\/t9b\/1\/16\/1f33c.png\" alt=\"\ud83c\udf3c\" width=\"16\" height=\"16\" \/><\/span>\u00a0Ch\u1eef th\u00eau: theo y\u00eau c\u1ea7u c\u1ee7a m\u1eb9 nh\u00e9\u00a0<span class=\"html-span xexx8yu x4uap5 x18d9i69 xkhd6sd x1hl2dhg x16tdsg8 x1vvkbs x3nfvp2 x1j61x8r x1fcty0u xdj266r xat24cr xgzva0m xhhsvwb xxymvpz xlup9mm x1kky2od\"><img loading=\"lazy\" decoding=\"async\" class=\"xz74otr\" src=\"https:\/\/static.xx.fbcdn.net\/images\/emoji.php\/v9\/t7f\/1\/16\/1f60a.png\" alt=\"\ud83d\ude0a\" width=\"16\" height=\"16\" \/><\/span><br class=\"html-br\" \/><span class=\"html-span xexx8yu x4uap5 x18d9i69 xkhd6sd x1hl2dhg x16tdsg8 x1vvkbs x3nfvp2 x1j61x8r x1fcty0u xdj266r xat24cr xgzva0m xhhsvwb xxymvpz xlup9mm x1kky2od\"><img loading=\"lazy\" decoding=\"async\" class=\"xz74otr\" src=\"https:\/\/static.xx.fbcdn.net\/images\/emoji.php\/v9\/t9b\/1\/16\/1f33c.png\" alt=\"\ud83c\udf3c\" width=\"16\" height=\"16\" \/><\/span>\u00a0Icon th\u00eau: nhi\u1ec1u icon xinh x\u1eafn \u0111\u00e1ng y\u00eau (c\u00e1c Mom ib \u0111\u1ec3 shop g\u1eedi b\u1ea3ng icon th\u00eau \u1ea1)<\/p>\n","protected":false},"featured_media":14538,"comment_status":"open","ping_status":"closed","template":"","meta":[],"product_cat":[20],"product_tag":[151],"class_list":{"0":"post-14537","1":"product","2":"type-product","3":"status-publish","4":"has-post-thumbnail","6":"product_cat-dong-phuc-gia-dinh","7":"product_tag-tui-li-xi","9":"first","10":"instock","11":"shipping-taxable","12":"product-type-simple"},"jetpack_sharing_enabled":true,"_links":{"self":[{"href":"https:\/\/tiemaocole.com\/index.php?rest_route=\/wp\/v3\/product\/14537","targetHints":{"allow":["GET"]}}],"collection":[{"href":"https:\/\/tiemaocole.com\/index.php?rest_route=\/wp\/v3\/product"}],"about":[{"href":"https:\/\/tiemaocole.com\/index.php?rest_route=\/wp\/v2\/types\/product"}],"replies":[{"embeddable":true,"href":"https:\/\/tiemaocole.com\/index.php?rest_route=%2Fwp%2Fv2%2Fcomments&post=14537"}],"version-history":[{"count":1,"href":"https:\/\/tiemaocole.com\/index.php?rest_route=\/wp\/v3\/product\/14537\/revisions"}],"predecessor-version":[{"id":14540,"href":"https:\/\/tiemaocole.com\/index.php?rest_route=\/wp\/v3\/product\/14537\/revisions\/14540"}],"wp:featuredmedia":[{"embeddable":true,"href":"https:\/\/tiemaocole.com\/index.php?rest_route=\/wp\/v2\/media\/14538"}],"wp:attachment":[{"href":"https:\/\/tiemaocole.com\/index.php?rest_route=%2Fwp%2Fv2%2Fmedia&parent=14537"}],"wp:term":[{"taxonomy":"product_cat","embeddable":true,"href":"https:\/\/tiemaocole.com\/index.php?rest_route=%2Fwp%2Fv2%2Fproduct_cat&post=14537"},{"taxonomy":"product_tag","embeddable":true,"href":"https:\/\/tiemaocole.com\/index.php?rest_route=%2Fwp%2Fv2%2Fproduct_tag&post=14537"}],"curies":[{"name":"wp","href":"https:\/\/api.w.org\/{rel}","templated":true}]}}