{"id":14541,"date":"2025-01-08T04:31:21","date_gmt":"2025-01-08T04:31:21","guid":{"rendered":"https:\/\/tiemaocole.com\/?post_type=product&#038;p=14541"},"modified":"2025-01-08T04:36:55","modified_gmt":"2025-01-08T04:36:55","slug":"mau-ao-sweater-gia-dinh-nam-2025","status":"publish","type":"product","link":"https:\/\/tiemaocole.com\/?product=mau-ao-sweater-gia-dinh-nam-2025","title":{"rendered":"M\u1eabu \u00e1o sweater gia \u0111\u00ecnh n\u0103m 2025"},"content":{"rendered":"<div id=\"attachment_14549\" style=\"width: 2314px\" class=\"wp-caption aligncenter\"><img loading=\"lazy\" decoding=\"async\" aria-describedby=\"caption-attachment-14549\" class=\"size-full wp-image-14549\" src=\"https:\/\/tiemaocole.com\/wp-content\/uploads\/2025\/01\/z6177064679115_d8c3a2f24dd93cb042ae967a3301012e.jpg\" alt=\"M\u1eabu \u00e1o sweater n\u0103m 2025\" width=\"2304\" height=\"2560\" srcset=\"https:\/\/tiemaocole.com\/wp-content\/uploads\/2025\/01\/z6177064679115_d8c3a2f24dd93cb042ae967a3301012e.jpg 2304w, https:\/\/tiemaocole.com\/wp-content\/uploads\/2025\/01\/z6177064679115_d8c3a2f24dd93cb042ae967a3301012e-270x300.jpg 270w, https:\/\/tiemaocole.com\/wp-content\/uploads\/2025\/01\/z6177064679115_d8c3a2f24dd93cb042ae967a3301012e-720x800.jpg 720w, https:\/\/tiemaocole.com\/wp-content\/uploads\/2025\/01\/z6177064679115_d8c3a2f24dd93cb042ae967a3301012e-768x853.jpg 768w, https:\/\/tiemaocole.com\/wp-content\/uploads\/2025\/01\/z6177064679115_d8c3a2f24dd93cb042ae967a3301012e-1382x1536.jpg 1382w, https:\/\/tiemaocole.com\/wp-content\/uploads\/2025\/01\/z6177064679115_d8c3a2f24dd93cb042ae967a3301012e-1843x2048.jpg 1843w, https:\/\/tiemaocole.com\/wp-content\/uploads\/2025\/01\/z6177064679115_d8c3a2f24dd93cb042ae967a3301012e-860x956.jpg 860w, https:\/\/tiemaocole.com\/wp-content\/uploads\/2025\/01\/z6177064679115_d8c3a2f24dd93cb042ae967a3301012e-430x478.jpg 430w, https:\/\/tiemaocole.com\/wp-content\/uploads\/2025\/01\/z6177064679115_d8c3a2f24dd93cb042ae967a3301012e-700x778.jpg 700w, https:\/\/tiemaocole.com\/wp-content\/uploads\/2025\/01\/z6177064679115_d8c3a2f24dd93cb042ae967a3301012e-150x167.jpg 150w\" sizes=\"auto, (max-width: 2304px) 100vw, 2304px\" \/><p id=\"caption-attachment-14549\" class=\"wp-caption-text\">M\u1eabu \u00e1o sweater n\u0103m 2025<\/p><\/div>\n<div id=\"attachment_14548\" style=\"width: 2314px\" class=\"wp-caption aligncenter\"><img loading=\"lazy\" decoding=\"async\" aria-describedby=\"caption-attachment-14548\" class=\"size-full wp-image-14548\" src=\"https:\/\/tiemaocole.com\/wp-content\/uploads\/2025\/01\/z6177064572778_db581ae96470b74ed7c9f72e22321036.jpg\" alt=\"M\u1eabu \u00e1o sweater n\u0103m 2025\" width=\"2304\" height=\"2560\" srcset=\"https:\/\/tiemaocole.com\/wp-content\/uploads\/2025\/01\/z6177064572778_db581ae96470b74ed7c9f72e22321036.jpg 2304w, https:\/\/tiemaocole.com\/wp-content\/uploads\/2025\/01\/z6177064572778_db581ae96470b74ed7c9f72e22321036-270x300.jpg 270w, https:\/\/tiemaocole.com\/wp-content\/uploads\/2025\/01\/z6177064572778_db581ae96470b74ed7c9f72e22321036-720x800.jpg 720w, https:\/\/tiemaocole.com\/wp-content\/uploads\/2025\/01\/z6177064572778_db581ae96470b74ed7c9f72e22321036-768x853.jpg 768w, https:\/\/tiemaocole.com\/wp-content\/uploads\/2025\/01\/z6177064572778_db581ae96470b74ed7c9f72e22321036-1382x1536.jpg 1382w, https:\/\/tiemaocole.com\/wp-content\/uploads\/2025\/01\/z6177064572778_db581ae96470b74ed7c9f72e22321036-1843x2048.jpg 1843w, https:\/\/tiemaocole.com\/wp-content\/uploads\/2025\/01\/z6177064572778_db581ae96470b74ed7c9f72e22321036-860x956.jpg 860w, https:\/\/tiemaocole.com\/wp-content\/uploads\/2025\/01\/z6177064572778_db581ae96470b74ed7c9f72e22321036-430x478.jpg 430w, https:\/\/tiemaocole.com\/wp-content\/uploads\/2025\/01\/z6177064572778_db581ae96470b74ed7c9f72e22321036-700x778.jpg 700w, https:\/\/tiemaocole.com\/wp-content\/uploads\/2025\/01\/z6177064572778_db581ae96470b74ed7c9f72e22321036-150x167.jpg 150w\" sizes=\"auto, (max-width: 2304px) 100vw, 2304px\" \/><p id=\"caption-attachment-14548\" class=\"wp-caption-text\">M\u1eabu \u00e1o sweater n\u0103m 2025<\/p><\/div>\n<div id=\"attachment_14547\" style=\"width: 2314px\" class=\"wp-caption aligncenter\"><img loading=\"lazy\" decoding=\"async\" aria-describedby=\"caption-attachment-14547\" class=\"size-full wp-image-14547\" src=\"https:\/\/tiemaocole.com\/wp-content\/uploads\/2025\/01\/z6177064500556_d48c9a0b78aea1ddf6dfa739a219088c.jpg\" alt=\"M\u1eabu \u00e1o sweater n\u0103m 2025\" width=\"2304\" height=\"2560\" srcset=\"https:\/\/tiemaocole.com\/wp-content\/uploads\/2025\/01\/z6177064500556_d48c9a0b78aea1ddf6dfa739a219088c.jpg 2304w, https:\/\/tiemaocole.com\/wp-content\/uploads\/2025\/01\/z6177064500556_d48c9a0b78aea1ddf6dfa739a219088c-270x300.jpg 270w, https:\/\/tiemaocole.com\/wp-content\/uploads\/2025\/01\/z6177064500556_d48c9a0b78aea1ddf6dfa739a219088c-720x800.jpg 720w, https:\/\/tiemaocole.com\/wp-content\/uploads\/2025\/01\/z6177064500556_d48c9a0b78aea1ddf6dfa739a219088c-768x853.jpg 768w, https:\/\/tiemaocole.com\/wp-content\/uploads\/2025\/01\/z6177064500556_d48c9a0b78aea1ddf6dfa739a219088c-1382x1536.jpg 1382w, https:\/\/tiemaocole.com\/wp-content\/uploads\/2025\/01\/z6177064500556_d48c9a0b78aea1ddf6dfa739a219088c-1843x2048.jpg 1843w, https:\/\/tiemaocole.com\/wp-content\/uploads\/2025\/01\/z6177064500556_d48c9a0b78aea1ddf6dfa739a219088c-860x956.jpg 860w, https:\/\/tiemaocole.com\/wp-content\/uploads\/2025\/01\/z6177064500556_d48c9a0b78aea1ddf6dfa739a219088c-430x478.jpg 430w, https:\/\/tiemaocole.com\/wp-content\/uploads\/2025\/01\/z6177064500556_d48c9a0b78aea1ddf6dfa739a219088c-700x778.jpg 700w, https:\/\/tiemaocole.com\/wp-content\/uploads\/2025\/01\/z6177064500556_d48c9a0b78aea1ddf6dfa739a219088c-150x167.jpg 150w\" sizes=\"auto, (max-width: 2304px) 100vw, 2304px\" \/><p id=\"caption-attachment-14547\" class=\"wp-caption-text\">M\u1eabu \u00e1o sweater n\u0103m 2025<\/p><\/div>\n<div id=\"attachment_14546\" style=\"width: 2314px\" class=\"wp-caption aligncenter\"><img loading=\"lazy\" decoding=\"async\" aria-describedby=\"caption-attachment-14546\" class=\"size-full wp-image-14546\" src=\"https:\/\/tiemaocole.com\/wp-content\/uploads\/2025\/01\/z6177064465233_a235aed7d6d1c445eba9258c89946cde.jpg\" alt=\"M\u1eabu \u00e1o sweater n\u0103m 2025\" width=\"2304\" height=\"2560\" srcset=\"https:\/\/tiemaocole.com\/wp-content\/uploads\/2025\/01\/z6177064465233_a235aed7d6d1c445eba9258c89946cde.jpg 2304w, https:\/\/tiemaocole.com\/wp-content\/uploads\/2025\/01\/z6177064465233_a235aed7d6d1c445eba9258c89946cde-270x300.jpg 270w, https:\/\/tiemaocole.com\/wp-content\/uploads\/2025\/01\/z6177064465233_a235aed7d6d1c445eba9258c89946cde-720x800.jpg 720w, https:\/\/tiemaocole.com\/wp-content\/uploads\/2025\/01\/z6177064465233_a235aed7d6d1c445eba9258c89946cde-768x853.jpg 768w, https:\/\/tiemaocole.com\/wp-content\/uploads\/2025\/01\/z6177064465233_a235aed7d6d1c445eba9258c89946cde-1382x1536.jpg 1382w, https:\/\/tiemaocole.com\/wp-content\/uploads\/2025\/01\/z6177064465233_a235aed7d6d1c445eba9258c89946cde-1843x2048.jpg 1843w, https:\/\/tiemaocole.com\/wp-content\/uploads\/2025\/01\/z6177064465233_a235aed7d6d1c445eba9258c89946cde-860x956.jpg 860w, https:\/\/tiemaocole.com\/wp-content\/uploads\/2025\/01\/z6177064465233_a235aed7d6d1c445eba9258c89946cde-430x478.jpg 430w, https:\/\/tiemaocole.com\/wp-content\/uploads\/2025\/01\/z6177064465233_a235aed7d6d1c445eba9258c89946cde-700x778.jpg 700w, https:\/\/tiemaocole.com\/wp-content\/uploads\/2025\/01\/z6177064465233_a235aed7d6d1c445eba9258c89946cde-150x167.jpg 150w\" sizes=\"auto, (max-width: 2304px) 100vw, 2304px\" \/><p id=\"caption-attachment-14546\" class=\"wp-caption-text\">M\u1eabu \u00e1o sweater n\u0103m 2025<\/p><\/div>\n<div id=\"attachment_14545\" style=\"width: 2314px\" class=\"wp-caption aligncenter\"><img loading=\"lazy\" decoding=\"async\" aria-describedby=\"caption-attachment-14545\" class=\"size-full wp-image-14545\" src=\"https:\/\/tiemaocole.com\/wp-content\/uploads\/2025\/01\/z6177064395473_7553a2d2d5f3d65cc91333130fe67cb6.jpg\" alt=\"M\u1eabu \u00e1o sweater n\u0103m 2025\" width=\"2304\" height=\"2560\" srcset=\"https:\/\/tiemaocole.com\/wp-content\/uploads\/2025\/01\/z6177064395473_7553a2d2d5f3d65cc91333130fe67cb6.jpg 2304w, https:\/\/tiemaocole.com\/wp-content\/uploads\/2025\/01\/z6177064395473_7553a2d2d5f3d65cc91333130fe67cb6-270x300.jpg 270w, https:\/\/tiemaocole.com\/wp-content\/uploads\/2025\/01\/z6177064395473_7553a2d2d5f3d65cc91333130fe67cb6-720x800.jpg 720w, https:\/\/tiemaocole.com\/wp-content\/uploads\/2025\/01\/z6177064395473_7553a2d2d5f3d65cc91333130fe67cb6-768x853.jpg 768w, https:\/\/tiemaocole.com\/wp-content\/uploads\/2025\/01\/z6177064395473_7553a2d2d5f3d65cc91333130fe67cb6-1382x1536.jpg 1382w, https:\/\/tiemaocole.com\/wp-content\/uploads\/2025\/01\/z6177064395473_7553a2d2d5f3d65cc91333130fe67cb6-1843x2048.jpg 1843w, https:\/\/tiemaocole.com\/wp-content\/uploads\/2025\/01\/z6177064395473_7553a2d2d5f3d65cc91333130fe67cb6-860x956.jpg 860w, https:\/\/tiemaocole.com\/wp-content\/uploads\/2025\/01\/z6177064395473_7553a2d2d5f3d65cc91333130fe67cb6-430x478.jpg 430w, https:\/\/tiemaocole.com\/wp-content\/uploads\/2025\/01\/z6177064395473_7553a2d2d5f3d65cc91333130fe67cb6-700x778.jpg 700w, https:\/\/tiemaocole.com\/wp-content\/uploads\/2025\/01\/z6177064395473_7553a2d2d5f3d65cc91333130fe67cb6-150x167.jpg 150w\" sizes=\"auto, (max-width: 2304px) 100vw, 2304px\" \/><p id=\"caption-attachment-14545\" class=\"wp-caption-text\">M\u1eabu \u00e1o sweater n\u0103m 2025<\/p><\/div>\n<div id=\"attachment_14544\" style=\"width: 2314px\" class=\"wp-caption aligncenter\"><img loading=\"lazy\" decoding=\"async\" aria-describedby=\"caption-attachment-14544\" class=\"size-full wp-image-14544\" src=\"https:\/\/tiemaocole.com\/wp-content\/uploads\/2025\/01\/z6177064359862_2eda89ba3b536f26aad56c3361536a2f.jpg\" alt=\"M\u1eabu \u00e1o sweater n\u0103m 2025\" width=\"2304\" height=\"2560\" srcset=\"https:\/\/tiemaocole.com\/wp-content\/uploads\/2025\/01\/z6177064359862_2eda89ba3b536f26aad56c3361536a2f.jpg 2304w, https:\/\/tiemaocole.com\/wp-content\/uploads\/2025\/01\/z6177064359862_2eda89ba3b536f26aad56c3361536a2f-270x300.jpg 270w, https:\/\/tiemaocole.com\/wp-content\/uploads\/2025\/01\/z6177064359862_2eda89ba3b536f26aad56c3361536a2f-720x800.jpg 720w, https:\/\/tiemaocole.com\/wp-content\/uploads\/2025\/01\/z6177064359862_2eda89ba3b536f26aad56c3361536a2f-768x853.jpg 768w, https:\/\/tiemaocole.com\/wp-content\/uploads\/2025\/01\/z6177064359862_2eda89ba3b536f26aad56c3361536a2f-1382x1536.jpg 1382w, https:\/\/tiemaocole.com\/wp-content\/uploads\/2025\/01\/z6177064359862_2eda89ba3b536f26aad56c3361536a2f-1843x2048.jpg 1843w, https:\/\/tiemaocole.com\/wp-content\/uploads\/2025\/01\/z6177064359862_2eda89ba3b536f26aad56c3361536a2f-860x956.jpg 860w, https:\/\/tiemaocole.com\/wp-content\/uploads\/2025\/01\/z6177064359862_2eda89ba3b536f26aad56c3361536a2f-430x478.jpg 430w, https:\/\/tiemaocole.com\/wp-content\/uploads\/2025\/01\/z6177064359862_2eda89ba3b536f26aad56c3361536a2f-700x778.jpg 700w, https:\/\/tiemaocole.com\/wp-content\/uploads\/2025\/01\/z6177064359862_2eda89ba3b536f26aad56c3361536a2f-150x167.jpg 150w\" sizes=\"auto, (max-width: 2304px) 100vw, 2304px\" \/><p id=\"caption-attachment-14544\" class=\"wp-caption-text\">M\u1eabu \u00e1o sweater n\u0103m 2025<\/p><\/div>\n<div id=\"attachment_14543\" style=\"width: 2314px\" class=\"wp-caption aligncenter\"><img loading=\"lazy\" decoding=\"async\" aria-describedby=\"caption-attachment-14543\" class=\"size-full wp-image-14543\" src=\"https:\/\/tiemaocole.com\/wp-content\/uploads\/2025\/01\/z6177064288108_d5d5d2fd30b284589b797f1ff588117d.jpg\" alt=\"M\u1eabu \u00e1o sweater n\u0103m 2025\" width=\"2304\" height=\"2560\" srcset=\"https:\/\/tiemaocole.com\/wp-content\/uploads\/2025\/01\/z6177064288108_d5d5d2fd30b284589b797f1ff588117d.jpg 2304w, https:\/\/tiemaocole.com\/wp-content\/uploads\/2025\/01\/z6177064288108_d5d5d2fd30b284589b797f1ff588117d-270x300.jpg 270w, https:\/\/tiemaocole.com\/wp-content\/uploads\/2025\/01\/z6177064288108_d5d5d2fd30b284589b797f1ff588117d-720x800.jpg 720w, https:\/\/tiemaocole.com\/wp-content\/uploads\/2025\/01\/z6177064288108_d5d5d2fd30b284589b797f1ff588117d-768x853.jpg 768w, https:\/\/tiemaocole.com\/wp-content\/uploads\/2025\/01\/z6177064288108_d5d5d2fd30b284589b797f1ff588117d-1382x1536.jpg 1382w, https:\/\/tiemaocole.com\/wp-content\/uploads\/2025\/01\/z6177064288108_d5d5d2fd30b284589b797f1ff588117d-1843x2048.jpg 1843w, https:\/\/tiemaocole.com\/wp-content\/uploads\/2025\/01\/z6177064288108_d5d5d2fd30b284589b797f1ff588117d-860x956.jpg 860w, https:\/\/tiemaocole.com\/wp-content\/uploads\/2025\/01\/z6177064288108_d5d5d2fd30b284589b797f1ff588117d-430x478.jpg 430w, https:\/\/tiemaocole.com\/wp-content\/uploads\/2025\/01\/z6177064288108_d5d5d2fd30b284589b797f1ff588117d-700x778.jpg 700w, https:\/\/tiemaocole.com\/wp-content\/uploads\/2025\/01\/z6177064288108_d5d5d2fd30b284589b797f1ff588117d-150x167.jpg 150w\" sizes=\"auto, (max-width: 2304px) 100vw, 2304px\" \/><p id=\"caption-attachment-14543\" class=\"wp-caption-text\">M\u1eabu \u00e1o sweater n\u0103m 2025<\/p><\/div>\n<div id=\"attachment_14542\" style=\"width: 2314px\" class=\"wp-caption aligncenter\"><img loading=\"lazy\" decoding=\"async\" aria-describedby=\"caption-attachment-14542\" class=\"size-full wp-image-14542\" src=\"https:\/\/tiemaocole.com\/wp-content\/uploads\/2025\/01\/z6177064253263_a51109e22c60de521a95cf11bbb49534.jpg\" alt=\"M\u1eabu \u00e1o sweater n\u0103m 2025\" width=\"2304\" height=\"2560\" srcset=\"https:\/\/tiemaocole.com\/wp-content\/uploads\/2025\/01\/z6177064253263_a51109e22c60de521a95cf11bbb49534.jpg 2304w, https:\/\/tiemaocole.com\/wp-content\/uploads\/2025\/01\/z6177064253263_a51109e22c60de521a95cf11bbb49534-270x300.jpg 270w, https:\/\/tiemaocole.com\/wp-content\/uploads\/2025\/01\/z6177064253263_a51109e22c60de521a95cf11bbb49534-720x800.jpg 720w, https:\/\/tiemaocole.com\/wp-content\/uploads\/2025\/01\/z6177064253263_a51109e22c60de521a95cf11bbb49534-768x853.jpg 768w, https:\/\/tiemaocole.com\/wp-content\/uploads\/2025\/01\/z6177064253263_a51109e22c60de521a95cf11bbb49534-1382x1536.jpg 1382w, https:\/\/tiemaocole.com\/wp-content\/uploads\/2025\/01\/z6177064253263_a51109e22c60de521a95cf11bbb49534-1843x2048.jpg 1843w, https:\/\/tiemaocole.com\/wp-content\/uploads\/2025\/01\/z6177064253263_a51109e22c60de521a95cf11bbb49534-860x956.jpg 860w, https:\/\/tiemaocole.com\/wp-content\/uploads\/2025\/01\/z6177064253263_a51109e22c60de521a95cf11bbb49534-430x478.jpg 430w, https:\/\/tiemaocole.com\/wp-content\/uploads\/2025\/01\/z6177064253263_a51109e22c60de521a95cf11bbb49534-700x778.jpg 700w, https:\/\/tiemaocole.com\/wp-content\/uploads\/2025\/01\/z6177064253263_a51109e22c60de521a95cf11bbb49534-150x167.jpg 150w\" sizes=\"auto, (max-width: 2304px) 100vw, 2304px\" \/><p id=\"caption-attachment-14542\" class=\"wp-caption-text\">M\u1eabu \u00e1o sweater n\u0103m 2025<\/p><\/div>\n","protected":false},"excerpt":{"rendered":"<div dir=\"auto\"><span class=\"html-span xexx8yu x4uap5 x18d9i69 xkhd6sd x1hl2dhg x16tdsg8 x1vvkbs x3nfvp2 x1j61x8r x1fcty0u xdj266r xat24cr xgzva0m xhhsvwb xxymvpz xlup9mm x1kky2od\"><img loading=\"lazy\" decoding=\"async\" class=\"xz74otr\" src=\"https:\/\/static.xx.fbcdn.net\/images\/emoji.php\/v9\/te9\/1\/16\/1f496.png\" alt=\"\ud83d\udc96\" width=\"16\" height=\"16\" \/><\/span> M\u00f9a \u0111\u00f4ng l\u1ea1nh gi\u00e1, nh\u01b0ng t\u00ecnh y\u00eau <span class=\"html-span xdj266r x11i5rnm xat24cr x1mh8g0r xexx8yu x4uap5 x18d9i69 xkhd6sd x1hl2dhg x16tdsg8 x1vvkbs\"><a class=\"x1i10hfl xjbqb8w x1ejq31n xd10rxx x1sy0etr x17r0tee x972fbf xcfux6l x1qhh985 xm0m39n x9f619 x1ypdohk xt0psk2 xe8uvvx xdj266r x11i5rnm xat24cr x1mh8g0r xexx8yu x4uap5 x18d9i69 xkhd6sd x16tdsg8 x1hl2dhg xggy1nq x1a2a7pz x1sur9pj xkrqix3 x1fey0fg x1s688f\" tabindex=\"0\" role=\"link\" href=\"https:\/\/www.facebook.com\/hashtag\/gia_%C4%91%C3%ACnh?__eep__=6&amp;__cft__[0]=AZWas0D5xpWpeerYaAIDYWPE-JEYmDy1eiTdlkfFLfrVAut4y7vEbreJKTM62Rqwg8VW56VRISiB3ta0DmKXnjWg12hjQ1Zn0rNbJ2xeYLRwKsG3zXsuIuFm9OMBa9VNWpzI8wujKEXzc4WhQ80tcqL5Wpj3AlEoTmTcVxoZ6AQrUgXysbx0ibXL_SRH868Zit8&amp;__tn__=*NK-R\">#gia_\u0111\u00ecnh<\/a><\/span> lu\u00f4n \u1ea5m \u00e1p!<\/div>\n<div dir=\"auto\"><span class=\"html-span xexx8yu x4uap5 x18d9i69 xkhd6sd x1hl2dhg x16tdsg8 x1vvkbs x3nfvp2 x1j61x8r x1fcty0u xdj266r xat24cr xgzva0m xhhsvwb xxymvpz xlup9mm x1kky2od\"><img loading=\"lazy\" decoding=\"async\" class=\"xz74otr\" src=\"https:\/\/static.xx.fbcdn.net\/images\/emoji.php\/v9\/t2e\/1\/16\/2744.png\" alt=\"\u2744\ufe0f\" width=\"16\" height=\"16\" \/><\/span> H\u00e3y \u0111\u1ec3 c\u1ea3 nh\u00e0 lu\u00f4n c\u1ea3m nh\u1eadn \u0111\u01b0\u1ee3c h\u01a1i \u1ea5m v\u00e0 s\u1ef1 g\u1eafn k\u1ebft trong t\u1eebng chi\u1ebfc \u00e1o gia \u0111\u00ecnh \u0111\u1ed3ng b\u1ed9.<\/div>\n<div dir=\"auto\"><span class=\"html-span xexx8yu x4uap5 x18d9i69 xkhd6sd x1hl2dhg x16tdsg8 x1vvkbs x3nfvp2 x1j61x8r x1fcty0u xdj266r xat24cr xgzva0m xhhsvwb xxymvpz xlup9mm x1kky2od\"><img loading=\"lazy\" decoding=\"async\" class=\"xz74otr\" src=\"https:\/\/static.xx.fbcdn.net\/images\/emoji.php\/v9\/t9b\/1\/16\/1f468_200d_1f469_200d_1f467_200d_1f466.png\" alt=\"\ud83d\udc68\u200d\ud83d\udc69\u200d\ud83d\udc67\u200d\ud83d\udc66\" width=\"16\" height=\"16\" \/><\/span> B\u1ed9 s\u01b0u t\u1eadp \u00e1o gia \u0111\u00ecnh m\u00f9a \u0111\u00f4ng v\u1edbi thi\u1ebft k\u1ebf hi\u1ec7n \u0111\u1ea1i, ch\u1ea5t li\u1ec7u gi\u1eef nhi\u1ec7t tuy\u1ec7t v\u1eddi, gi\u00fap c\u1ea3 nh\u00e0 c\u00f9ng n\u1ed5i b\u1eadt v\u00e0 \u1ea5m \u00e1p trong ti\u1ebft tr\u1eddi l\u1ea1nh gi\u00e1.<\/div>\n<div dir=\"auto\"><span class=\"html-span xexx8yu x4uap5 x18d9i69 xkhd6sd x1hl2dhg x16tdsg8 x1vvkbs x3nfvp2 x1j61x8r x1fcty0u xdj266r xat24cr xgzva0m xhhsvwb xxymvpz xlup9mm x1kky2od\"><img loading=\"lazy\" decoding=\"async\" class=\"xz74otr\" src=\"https:\/\/static.xx.fbcdn.net\/images\/emoji.php\/v9\/tf4\/1\/16\/2728.png\" alt=\"\u2728\" width=\"16\" height=\"16\" \/><\/span> Phong c\u00e1ch \u0111a d\u1ea1ng, ph\u00f9 h\u1ee3p cho m\u1ecdi d\u1ecbp: \u0111i ch\u01a1i, du l\u1ecbch hay ch\u1ec9 \u0111\u01a1n gi\u1ea3n l\u00e0 nh\u1eefng bu\u1ed5i d\u1ea1o ph\u1ed1 c\u00f9ng nhau.<\/div>\n","protected":false},"featured_media":14549,"comment_status":"open","ping_status":"closed","template":"","meta":[],"product_cat":[115,20],"product_tag":[73,118,152],"class_list":{"0":"post-14541","1":"product","2":"type-product","3":"status-publish","4":"has-post-thumbnail","6":"product_cat-ao-ni-sweater-hoodie","7":"product_cat-dong-phuc-gia-dinh","8":"product_tag-ao-gia-dinh","9":"product_tag-ao-ni","10":"product_tag-ao-tet","12":"first","13":"instock","14":"shipping-taxable","15":"product-type-simple"},"jetpack_sharing_enabled":true,"_links":{"self":[{"href":"https:\/\/tiemaocole.com\/index.php?rest_route=\/wp\/v3\/product\/14541","targetHints":{"allow":["GET"]}}],"collection":[{"href":"https:\/\/tiemaocole.com\/index.php?rest_route=\/wp\/v3\/product"}],"about":[{"href":"https:\/\/tiemaocole.com\/index.php?rest_route=\/wp\/v2\/types\/product"}],"replies":[{"embeddable":true,"href":"https:\/\/tiemaocole.com\/index.php?rest_route=%2Fwp%2Fv2%2Fcomments&post=14541"}],"version-history":[{"count":2,"href":"https:\/\/tiemaocole.com\/index.php?rest_route=\/wp\/v3\/product\/14541\/revisions"}],"predecessor-version":[{"id":14552,"href":"https:\/\/tiemaocole.com\/index.php?rest_route=\/wp\/v3\/product\/14541\/revisions\/14552"}],"wp:featuredmedia":[{"embeddable":true,"href":"https:\/\/tiemaocole.com\/index.php?rest_route=\/wp\/v2\/media\/14549"}],"wp:attachment":[{"href":"https:\/\/tiemaocole.com\/index.php?rest_route=%2Fwp%2Fv2%2Fmedia&parent=14541"}],"wp:term":[{"taxonomy":"product_cat","embeddable":true,"href":"https:\/\/tiemaocole.com\/index.php?rest_route=%2Fwp%2Fv2%2Fproduct_cat&post=14541"},{"taxonomy":"product_tag","embeddable":true,"href":"https:\/\/tiemaocole.com\/index.php?rest_route=%2Fwp%2Fv2%2Fproduct_tag&post=14541"}],"curies":[{"name":"wp","href":"https:\/\/api.w.org\/{rel}","templated":true}]}}