{"id":14567,"date":"2025-01-08T04:47:05","date_gmt":"2025-01-08T04:47:05","guid":{"rendered":"https:\/\/tiemaocole.com\/?post_type=product&#038;p=14567"},"modified":"2025-01-08T04:52:00","modified_gmt":"2025-01-08T04:52:00","slug":"tui-li-xi-tet-cho-be","status":"publish","type":"product","link":"https:\/\/tiemaocole.com\/?product=tui-li-xi-tet-cho-be","title":{"rendered":"T\u00fai l\u00ec x\u00ec T\u1ebft cho b\u00e9"},"content":{"rendered":"<div id=\"attachment_14568\" style=\"width: 1546px\" class=\"wp-caption aligncenter\"><img loading=\"lazy\" decoding=\"async\" aria-describedby=\"caption-attachment-14568\" class=\"size-full wp-image-14568\" src=\"https:\/\/tiemaocole.com\/wp-content\/uploads\/2025\/01\/471790657_1008979504608551_8116363543094071058_n.jpg\" alt=\"T\u00fai l\u00ec x\u00ec cho b\u00e9\" width=\"1536\" height=\"2048\" srcset=\"https:\/\/tiemaocole.com\/wp-content\/uploads\/2025\/01\/471790657_1008979504608551_8116363543094071058_n.jpg 1536w, https:\/\/tiemaocole.com\/wp-content\/uploads\/2025\/01\/471790657_1008979504608551_8116363543094071058_n-225x300.jpg 225w, https:\/\/tiemaocole.com\/wp-content\/uploads\/2025\/01\/471790657_1008979504608551_8116363543094071058_n-600x800.jpg 600w, https:\/\/tiemaocole.com\/wp-content\/uploads\/2025\/01\/471790657_1008979504608551_8116363543094071058_n-768x1024.jpg 768w, https:\/\/tiemaocole.com\/wp-content\/uploads\/2025\/01\/471790657_1008979504608551_8116363543094071058_n-1152x1536.jpg 1152w, https:\/\/tiemaocole.com\/wp-content\/uploads\/2025\/01\/471790657_1008979504608551_8116363543094071058_n-860x1147.jpg 860w, https:\/\/tiemaocole.com\/wp-content\/uploads\/2025\/01\/471790657_1008979504608551_8116363543094071058_n-430x573.jpg 430w, https:\/\/tiemaocole.com\/wp-content\/uploads\/2025\/01\/471790657_1008979504608551_8116363543094071058_n-700x933.jpg 700w, https:\/\/tiemaocole.com\/wp-content\/uploads\/2025\/01\/471790657_1008979504608551_8116363543094071058_n-150x200.jpg 150w\" sizes=\"auto, (max-width: 1536px) 100vw, 1536px\" \/><p id=\"caption-attachment-14568\" class=\"wp-caption-text\">T\u00fai l\u00ec x\u00ec cho b\u00e9<\/p><\/div>\n<div id=\"attachment_14569\" style=\"width: 1546px\" class=\"wp-caption aligncenter\"><img loading=\"lazy\" decoding=\"async\" aria-describedby=\"caption-attachment-14569\" class=\"size-full wp-image-14569\" src=\"https:\/\/tiemaocole.com\/wp-content\/uploads\/2025\/01\/471796250_1008979357941899_4685542511249173377_n.jpg\" alt=\"T\u00fai l\u00ec x\u00ec cho b\u00e9\" width=\"1536\" height=\"2048\" srcset=\"https:\/\/tiemaocole.com\/wp-content\/uploads\/2025\/01\/471796250_1008979357941899_4685542511249173377_n.jpg 1536w, https:\/\/tiemaocole.com\/wp-content\/uploads\/2025\/01\/471796250_1008979357941899_4685542511249173377_n-225x300.jpg 225w, https:\/\/tiemaocole.com\/wp-content\/uploads\/2025\/01\/471796250_1008979357941899_4685542511249173377_n-600x800.jpg 600w, https:\/\/tiemaocole.com\/wp-content\/uploads\/2025\/01\/471796250_1008979357941899_4685542511249173377_n-768x1024.jpg 768w, https:\/\/tiemaocole.com\/wp-content\/uploads\/2025\/01\/471796250_1008979357941899_4685542511249173377_n-1152x1536.jpg 1152w, https:\/\/tiemaocole.com\/wp-content\/uploads\/2025\/01\/471796250_1008979357941899_4685542511249173377_n-860x1147.jpg 860w, https:\/\/tiemaocole.com\/wp-content\/uploads\/2025\/01\/471796250_1008979357941899_4685542511249173377_n-430x573.jpg 430w, https:\/\/tiemaocole.com\/wp-content\/uploads\/2025\/01\/471796250_1008979357941899_4685542511249173377_n-700x933.jpg 700w, https:\/\/tiemaocole.com\/wp-content\/uploads\/2025\/01\/471796250_1008979357941899_4685542511249173377_n-150x200.jpg 150w\" sizes=\"auto, (max-width: 1536px) 100vw, 1536px\" \/><p id=\"caption-attachment-14569\" class=\"wp-caption-text\">T\u00fai l\u00ec x\u00ec cho b\u00e9<\/p><\/div>\n<div id=\"attachment_14570\" style=\"width: 1546px\" class=\"wp-caption aligncenter\"><img loading=\"lazy\" decoding=\"async\" aria-describedby=\"caption-attachment-14570\" class=\"size-full wp-image-14570\" src=\"https:\/\/tiemaocole.com\/wp-content\/uploads\/2025\/01\/471853141_1008979227941912_2335022974913796055_n.jpg\" alt=\"T\u00fai l\u00ec x\u00ec cho b\u00e9\" width=\"1536\" height=\"2048\" srcset=\"https:\/\/tiemaocole.com\/wp-content\/uploads\/2025\/01\/471853141_1008979227941912_2335022974913796055_n.jpg 1536w, https:\/\/tiemaocole.com\/wp-content\/uploads\/2025\/01\/471853141_1008979227941912_2335022974913796055_n-225x300.jpg 225w, https:\/\/tiemaocole.com\/wp-content\/uploads\/2025\/01\/471853141_1008979227941912_2335022974913796055_n-600x800.jpg 600w, https:\/\/tiemaocole.com\/wp-content\/uploads\/2025\/01\/471853141_1008979227941912_2335022974913796055_n-768x1024.jpg 768w, https:\/\/tiemaocole.com\/wp-content\/uploads\/2025\/01\/471853141_1008979227941912_2335022974913796055_n-1152x1536.jpg 1152w, https:\/\/tiemaocole.com\/wp-content\/uploads\/2025\/01\/471853141_1008979227941912_2335022974913796055_n-860x1147.jpg 860w, https:\/\/tiemaocole.com\/wp-content\/uploads\/2025\/01\/471853141_1008979227941912_2335022974913796055_n-430x573.jpg 430w, https:\/\/tiemaocole.com\/wp-content\/uploads\/2025\/01\/471853141_1008979227941912_2335022974913796055_n-700x933.jpg 700w, https:\/\/tiemaocole.com\/wp-content\/uploads\/2025\/01\/471853141_1008979227941912_2335022974913796055_n-150x200.jpg 150w\" sizes=\"auto, (max-width: 1536px) 100vw, 1536px\" \/><p id=\"caption-attachment-14570\" class=\"wp-caption-text\">T\u00fai l\u00ec x\u00ec cho b\u00e9<\/p><\/div>\n<div id=\"attachment_14571\" style=\"width: 970px\" class=\"wp-caption aligncenter\"><img loading=\"lazy\" decoding=\"async\" aria-describedby=\"caption-attachment-14571\" class=\"size-full wp-image-14571\" src=\"https:\/\/tiemaocole.com\/wp-content\/uploads\/2025\/01\/471808400_1008979441275224_4179936941306317719_n.jpg\" alt=\"T\u00fai l\u00ec x\u00ec cho b\u00e9\" width=\"960\" height=\"1280\" srcset=\"https:\/\/tiemaocole.com\/wp-content\/uploads\/2025\/01\/471808400_1008979441275224_4179936941306317719_n.jpg 960w, https:\/\/tiemaocole.com\/wp-content\/uploads\/2025\/01\/471808400_1008979441275224_4179936941306317719_n-225x300.jpg 225w, https:\/\/tiemaocole.com\/wp-content\/uploads\/2025\/01\/471808400_1008979441275224_4179936941306317719_n-600x800.jpg 600w, https:\/\/tiemaocole.com\/wp-content\/uploads\/2025\/01\/471808400_1008979441275224_4179936941306317719_n-768x1024.jpg 768w, https:\/\/tiemaocole.com\/wp-content\/uploads\/2025\/01\/471808400_1008979441275224_4179936941306317719_n-860x1147.jpg 860w, https:\/\/tiemaocole.com\/wp-content\/uploads\/2025\/01\/471808400_1008979441275224_4179936941306317719_n-430x573.jpg 430w, https:\/\/tiemaocole.com\/wp-content\/uploads\/2025\/01\/471808400_1008979441275224_4179936941306317719_n-700x933.jpg 700w, https:\/\/tiemaocole.com\/wp-content\/uploads\/2025\/01\/471808400_1008979441275224_4179936941306317719_n-150x200.jpg 150w\" sizes=\"auto, (max-width: 960px) 100vw, 960px\" \/><p id=\"caption-attachment-14571\" class=\"wp-caption-text\">T\u00fai l\u00ec x\u00ec cho b\u00e9<\/p><\/div>\n<div id=\"attachment_14572\" style=\"width: 1546px\" class=\"wp-caption aligncenter\"><img loading=\"lazy\" decoding=\"async\" aria-describedby=\"caption-attachment-14572\" class=\"size-full wp-image-14572\" src=\"https:\/\/tiemaocole.com\/wp-content\/uploads\/2025\/01\/471857489_1008979031275265_7627256919558802817_n.jpg\" alt=\"T\u00fai l\u00ec x\u00ec cho b\u00e9\" width=\"1536\" height=\"2048\" srcset=\"https:\/\/tiemaocole.com\/wp-content\/uploads\/2025\/01\/471857489_1008979031275265_7627256919558802817_n.jpg 1536w, https:\/\/tiemaocole.com\/wp-content\/uploads\/2025\/01\/471857489_1008979031275265_7627256919558802817_n-225x300.jpg 225w, https:\/\/tiemaocole.com\/wp-content\/uploads\/2025\/01\/471857489_1008979031275265_7627256919558802817_n-600x800.jpg 600w, https:\/\/tiemaocole.com\/wp-content\/uploads\/2025\/01\/471857489_1008979031275265_7627256919558802817_n-768x1024.jpg 768w, https:\/\/tiemaocole.com\/wp-content\/uploads\/2025\/01\/471857489_1008979031275265_7627256919558802817_n-1152x1536.jpg 1152w, https:\/\/tiemaocole.com\/wp-content\/uploads\/2025\/01\/471857489_1008979031275265_7627256919558802817_n-860x1147.jpg 860w, https:\/\/tiemaocole.com\/wp-content\/uploads\/2025\/01\/471857489_1008979031275265_7627256919558802817_n-430x573.jpg 430w, https:\/\/tiemaocole.com\/wp-content\/uploads\/2025\/01\/471857489_1008979031275265_7627256919558802817_n-700x933.jpg 700w, https:\/\/tiemaocole.com\/wp-content\/uploads\/2025\/01\/471857489_1008979031275265_7627256919558802817_n-150x200.jpg 150w\" sizes=\"auto, (max-width: 1536px) 100vw, 1536px\" \/><p id=\"caption-attachment-14572\" class=\"wp-caption-text\">T\u00fai l\u00ec x\u00ec cho b\u00e9<\/p><\/div>\n","protected":false},"excerpt":{"rendered":"<div dir=\"auto\">C\u00e0ng nh\u00ecn c\u00e0ng th\u1ea5y xinhhhhh. C\u00f3 \u00e1o d\u00e0i r\u1ed3i th\u00ec kh\u00f4ng th\u1ec3 n\u00e0o thi\u1ebfu \u0111\u01b0\u1ee3c ch\u00fa t\u00fai l\u00ec x\u00ec g\u00f3p ph\u1ea7n kh\u00f4ng nh\u1ecf \u0111\u1ec3 \u0111\u1ef1ng h\u1ea7u bao c\u1ee7a c\u00e1c em b\u00e9 <span class=\"html-span xexx8yu x4uap5 x18d9i69 xkhd6sd x1hl2dhg x16tdsg8 x1vvkbs x3nfvp2 x1j61x8r x1fcty0u xdj266r xat24cr xgzva0m xhhsvwb xxymvpz xlup9mm x1kky2od\"><img loading=\"lazy\" decoding=\"async\" class=\"xz74otr\" src=\"https:\/\/static.xx.fbcdn.net\/images\/emoji.php\/v9\/tf6\/1\/16\/1f619.png\" alt=\"\ud83d\ude19\" width=\"16\" height=\"16\" \/><\/span><\/div>\n<div dir=\"auto\">C\u1ef1c cute. 2 m\u00e0u: Be v\u00e0 H\u1ed3ng. T\u1eb7ng k\u00e8m d\u00e2y treo. Icon \u0111a d\u1ea1ng nh\u00ecu h\u00ecnh \u0111\u00e1ng y\u00eau.<\/div>\n","protected":false},"featured_media":14572,"comment_status":"open","ping_status":"closed","template":"","meta":[],"product_cat":[20],"product_tag":[153],"class_list":{"0":"post-14567","1":"product","2":"type-product","3":"status-publish","4":"has-post-thumbnail","6":"product_cat-dong-phuc-gia-dinh","7":"product_tag-tui-li-xi-tet","9":"first","10":"instock","11":"shipping-taxable","12":"product-type-simple"},"jetpack_sharing_enabled":true,"_links":{"self":[{"href":"https:\/\/tiemaocole.com\/index.php?rest_route=\/wp\/v3\/product\/14567","targetHints":{"allow":["GET"]}}],"collection":[{"href":"https:\/\/tiemaocole.com\/index.php?rest_route=\/wp\/v3\/product"}],"about":[{"href":"https:\/\/tiemaocole.com\/index.php?rest_route=\/wp\/v2\/types\/product"}],"replies":[{"embeddable":true,"href":"https:\/\/tiemaocole.com\/index.php?rest_route=%2Fwp%2Fv2%2Fcomments&post=14567"}],"version-history":[{"count":1,"href":"https:\/\/tiemaocole.com\/index.php?rest_route=\/wp\/v3\/product\/14567\/revisions"}],"predecessor-version":[{"id":14577,"href":"https:\/\/tiemaocole.com\/index.php?rest_route=\/wp\/v3\/product\/14567\/revisions\/14577"}],"wp:featuredmedia":[{"embeddable":true,"href":"https:\/\/tiemaocole.com\/index.php?rest_route=\/wp\/v2\/media\/14572"}],"wp:attachment":[{"href":"https:\/\/tiemaocole.com\/index.php?rest_route=%2Fwp%2Fv2%2Fmedia&parent=14567"}],"wp:term":[{"taxonomy":"product_cat","embeddable":true,"href":"https:\/\/tiemaocole.com\/index.php?rest_route=%2Fwp%2Fv2%2Fproduct_cat&post=14567"},{"taxonomy":"product_tag","embeddable":true,"href":"https:\/\/tiemaocole.com\/index.php?rest_route=%2Fwp%2Fv2%2Fproduct_tag&post=14567"}],"curies":[{"name":"wp","href":"https:\/\/api.w.org\/{rel}","templated":true}]}}